{"id":9537,"date":"2021-03-26T13:52:40","date_gmt":"2021-03-26T17:52:40","guid":{"rendered":"https:\/\/tramsmgmt.com\/commercial-properties-for-sale\/"},"modified":"2021-03-26T13:59:30","modified_gmt":"2021-03-26T17:59:30","slug":"commercial-properties-for-sale","status":"publish","type":"page","link":"https:\/\/tramsmgmt.com\/fr\/commercial-properties-for-sale\/","title":{"rendered":"Biens commerciaux \u00e0 vendre"},"content":{"rendered":"<div class=\"wp-bootstrap-blocks-container container mb-2\">\n\t\n\n<p class=\"has-text-align-center\">Forte de plus de 30 ans d\u2019exp\u00e9rience, Gestion immobili\u00e8re T.R.A.M.S<br>offre des solutions efficaces pour assurer la tranquillit\u00e9 d\u2019esprit \u00e0 ses clients.<\/p>\n\n<\/div>\n\n\n\n\n<div class=\"grid-properties bg-light\">\n  <div class=\"grid-properties bg-light pb-2\">\n    <div class=\"container\">\n      <div class=\"row\">\n        <div class=\"col-12 py-2\">\n                      <h2 class=\"subheading heading-border h3\">\n              <span class=\"pr-2\">Vendus<\/span>\n            <\/h2>\n                  <\/div>\n                   <div class=\"col-sm-6 mb-4 class=\"post-7883 property type-property status-publish has-post-thumbnail hentry property_category-projets-passes property_category-commercial-fr property_type-vendu\"\">\n  <div class=\"card property-card border-0 w-100\">\n        <div class=\"post-img\">\n              <div class=\"property-card__img bg-cover h-100 d-flex flex-column justify-content-end align-items-start\" style=\"background-image: url(https:\/\/tramsmgmt.com\/wp-content\/uploads\/2020\/01\/Del-Mar-Office-Park-1-870x489.jpg);\">\n                      <span class=\"h5 subheading py-1 px-2 bg-primary text-white mb-0\">Vendu<\/span>\n                  <\/div>\n          <\/div>\n        <div class=\"property-card__content py-2 px-1 px-md-2 px-lg-3\">\n      <h2 class=\"h3 entry-title\">\n                  Del Mar Office Park\n              <\/h2>\n\n              <p class=\"address\">\n          7301 &#038; 7301A West Palmetto Park Road<br \/>\r\nBoca Raton, Florida<br \/>\r\n33433 United states\n        <\/p>\n                <\/div>\n  <\/div>\n<\/div>\n                   <div class=\"col-sm-6 mb-4 class=\"post-7886 property type-property status-publish has-post-thumbnail hentry property_category-projets-passes property_category-commercial-fr property_type-vendu\"\">\n  <div class=\"card property-card border-0 w-100\">\n        <div class=\"post-img\">\n              <div class=\"property-card__img bg-cover h-100 d-flex flex-column justify-content-end align-items-start\" style=\"background-image: url(https:\/\/tramsmgmt.com\/wp-content\/uploads\/2020\/01\/Plantation-Community-Plaza_268-South-University-Drive-Fl_2--870x489.jpg);\">\n                      <span class=\"h5 subheading py-1 px-2 bg-primary text-white mb-0\">Vendu<\/span>\n                  <\/div>\n          <\/div>\n        <div class=\"property-card__content py-2 px-1 px-md-2 px-lg-3\">\n      <h2 class=\"h3 entry-title\">\n                  Plantation Community-Plaza\n              <\/h2>\n\n              <p class=\"address\">\n          120-150 &#038; 214-268 South University Drive<br \/>\r\nFort Lauderdale, Florida<br \/>\r\n33324 United States\n        <\/p>\n                <\/div>\n  <\/div>\n<\/div>\n                   <div class=\"col-sm-6 mb-4 class=\"post-7890 property type-property status-publish has-post-thumbnail hentry property_category-projets-passes property_category-commercial-fr property_type-vendu\"\">\n  <div class=\"card property-card border-0 w-100\">\n        <div class=\"post-img\">\n              <div class=\"property-card__img bg-cover h-100 d-flex flex-column justify-content-end align-items-start\" style=\"background-image: url(https:\/\/tramsmgmt.com\/wp-content\/uploads\/2020\/01\/2933-Masson-corner-view-870x489.jpg);\">\n                      <span class=\"h5 subheading py-1 px-2 bg-primary text-white mb-0\">Vendu<\/span>\n                  <\/div>\n          <\/div>\n        <div class=\"property-card__content py-2 px-1 px-md-2 px-lg-3\">\n      <h2 class=\"h3 entry-title\">\n                  2933-37 Masson\n              <\/h2>\n\n              <p class=\"address\">\n          2933-37 Masson<br \/>\r\nMontreal, QC<br \/>\r\nH1Y 1X5\n        <\/p>\n                <\/div>\n  <\/div>\n<\/div>\n                   <div class=\"col-sm-6 mb-4 class=\"post-7896 property type-property status-publish has-post-thumbnail hentry property_category-projets-passes property_category-commercial-fr property_type-vendu\"\">\n  <div class=\"card property-card border-0 w-100\">\n        <div class=\"post-img\">\n              <div class=\"property-card__img bg-cover h-100 d-flex flex-column justify-content-end align-items-start\" style=\"background-image: url(https:\/\/tramsmgmt.com\/wp-content\/uploads\/2015\/04\/934-36-St-Catherine-East-TRAMS-870x489.jpg);\">\n                      <span class=\"h5 subheading py-1 px-2 bg-primary text-white mb-0\">Vendu<\/span>\n                  <\/div>\n          <\/div>\n        <div class=\"property-card__content py-2 px-1 px-md-2 px-lg-3\">\n      <h2 class=\"h3 entry-title\">\n                  934-36 Ste-Catherine E.\n              <\/h2>\n\n              <p class=\"address\">\n          934-36 Ste-Catherine E.<br \/>\r\nMontreal Qc. <br \/>\r\nH2L 2E9\n        <\/p>\n                <\/div>\n  <\/div>\n<\/div>\n              <\/div>\n    <\/div>\n  <\/div>\n<\/div>\n","protected":false},"excerpt":{"rendered":"","protected":false},"author":1,"featured_media":0,"parent":0,"menu_order":0,"comment_status":"closed","ping_status":"closed","template":"","meta":{"_acf_changed":false,"inline_featured_image":false,"footnotes":""},"class_list":["post-9537","page","type-page","status-publish","hentry"],"acf":[],"yoast_head":"<!-- This site is optimized with the Yoast SEO plugin v27.2 - https:\/\/yoast.com\/product\/yoast-seo-wordpress\/ -->\n<title>Biens commerciaux \u00e0 vendre - Gestion immobili\u00e8re T.R.A.M.S<\/title>\n<meta name=\"robots\" content=\"index, follow, max-snippet:-1, max-image-preview:large, max-video-preview:-1\" \/>\n<link rel=\"canonical\" href=\"https:\/\/tramsmgmt.com\/fr\/commercial-properties-for-sale\/\" \/>\n<meta property=\"og:locale\" content=\"fr_FR\" \/>\n<meta property=\"og:type\" content=\"article\" \/>\n<meta property=\"og:title\" content=\"Biens commerciaux \u00e0 vendre - Gestion immobili\u00e8re T.R.A.M.S\" \/>\n<meta property=\"og:url\" content=\"https:\/\/tramsmgmt.com\/fr\/commercial-properties-for-sale\/\" \/>\n<meta property=\"og:site_name\" content=\"Gestion immobili\u00e8re T.R.A.M.S\" \/>\n<meta property=\"article:modified_time\" content=\"2021-03-26T17:59:30+00:00\" \/>\n<meta name=\"twitter:card\" content=\"summary_large_image\" \/>\n<script type=\"application\/ld+json\" class=\"yoast-schema-graph\">{\"@context\":\"https:\/\/schema.org\",\"@graph\":[{\"@type\":\"WebPage\",\"@id\":\"https:\/\/tramsmgmt.com\/fr\/commercial-properties-for-sale\/\",\"url\":\"https:\/\/tramsmgmt.com\/fr\/commercial-properties-for-sale\/\",\"name\":\"Biens commerciaux \u00e0 vendre - Gestion immobili\u00e8re T.R.A.M.S\",\"isPartOf\":{\"@id\":\"https:\/\/tramsmgmt.com\/#website\"},\"datePublished\":\"2021-03-26T17:52:40+00:00\",\"dateModified\":\"2021-03-26T17:59:30+00:00\",\"breadcrumb\":{\"@id\":\"https:\/\/tramsmgmt.com\/fr\/commercial-properties-for-sale\/#breadcrumb\"},\"inLanguage\":\"fr-FR\",\"potentialAction\":[{\"@type\":\"ReadAction\",\"target\":[\"https:\/\/tramsmgmt.com\/fr\/commercial-properties-for-sale\/\"]}]},{\"@type\":\"BreadcrumbList\",\"@id\":\"https:\/\/tramsmgmt.com\/fr\/commercial-properties-for-sale\/#breadcrumb\",\"itemListElement\":[{\"@type\":\"ListItem\",\"position\":1,\"name\":\"Home\",\"item\":\"https:\/\/tramsmgmt.com\/fr\/home\/\"},{\"@type\":\"ListItem\",\"position\":2,\"name\":\"Biens commerciaux \u00e0 vendre\"}]},{\"@type\":\"WebSite\",\"@id\":\"https:\/\/tramsmgmt.com\/#website\",\"url\":\"https:\/\/tramsmgmt.com\/\",\"name\":\"Gestion immobili\u00e8re T.R.A.M.S\",\"description\":\"Gestion immobili\u00e8re T.R.A.M.S, r\u00e9solue \u00e0 offrir des services de qualit\u00e9 en m\u00eame temps qu\u2019un excellent rendement aux investisseurs, a pour objectif \u00e0 moyen terme de devenir une des principales soci\u00e9t\u00e9s de services immobiliers ind\u00e9pendants du continent am\u00e9ricain.\",\"potentialAction\":[{\"@type\":\"SearchAction\",\"target\":{\"@type\":\"EntryPoint\",\"urlTemplate\":\"https:\/\/tramsmgmt.com\/?s={search_term_string}\"},\"query-input\":{\"@type\":\"PropertyValueSpecification\",\"valueRequired\":true,\"valueName\":\"search_term_string\"}}],\"inLanguage\":\"fr-FR\"}]}<\/script>\n<!-- \/ Yoast SEO plugin. -->","yoast_head_json":{"title":"Biens commerciaux \u00e0 vendre - Gestion immobili\u00e8re T.R.A.M.S","robots":{"index":"index","follow":"follow","max-snippet":"max-snippet:-1","max-image-preview":"max-image-preview:large","max-video-preview":"max-video-preview:-1"},"canonical":"https:\/\/tramsmgmt.com\/fr\/commercial-properties-for-sale\/","og_locale":"fr_FR","og_type":"article","og_title":"Biens commerciaux \u00e0 vendre - Gestion immobili\u00e8re T.R.A.M.S","og_url":"https:\/\/tramsmgmt.com\/fr\/commercial-properties-for-sale\/","og_site_name":"Gestion immobili\u00e8re T.R.A.M.S","article_modified_time":"2021-03-26T17:59:30+00:00","twitter_card":"summary_large_image","schema":{"@context":"https:\/\/schema.org","@graph":[{"@type":"WebPage","@id":"https:\/\/tramsmgmt.com\/fr\/commercial-properties-for-sale\/","url":"https:\/\/tramsmgmt.com\/fr\/commercial-properties-for-sale\/","name":"Biens commerciaux \u00e0 vendre - Gestion immobili\u00e8re T.R.A.M.S","isPartOf":{"@id":"https:\/\/tramsmgmt.com\/#website"},"datePublished":"2021-03-26T17:52:40+00:00","dateModified":"2021-03-26T17:59:30+00:00","breadcrumb":{"@id":"https:\/\/tramsmgmt.com\/fr\/commercial-properties-for-sale\/#breadcrumb"},"inLanguage":"fr-FR","potentialAction":[{"@type":"ReadAction","target":["https:\/\/tramsmgmt.com\/fr\/commercial-properties-for-sale\/"]}]},{"@type":"BreadcrumbList","@id":"https:\/\/tramsmgmt.com\/fr\/commercial-properties-for-sale\/#breadcrumb","itemListElement":[{"@type":"ListItem","position":1,"name":"Home","item":"https:\/\/tramsmgmt.com\/fr\/home\/"},{"@type":"ListItem","position":2,"name":"Biens commerciaux \u00e0 vendre"}]},{"@type":"WebSite","@id":"https:\/\/tramsmgmt.com\/#website","url":"https:\/\/tramsmgmt.com\/","name":"Gestion immobili\u00e8re T.R.A.M.S","description":"Gestion immobili\u00e8re T.R.A.M.S, r\u00e9solue \u00e0 offrir des services de qualit\u00e9 en m\u00eame temps qu\u2019un excellent rendement aux investisseurs, a pour objectif \u00e0 moyen terme de devenir une des principales soci\u00e9t\u00e9s de services immobiliers ind\u00e9pendants du continent am\u00e9ricain.","potentialAction":[{"@type":"SearchAction","target":{"@type":"EntryPoint","urlTemplate":"https:\/\/tramsmgmt.com\/?s={search_term_string}"},"query-input":{"@type":"PropertyValueSpecification","valueRequired":true,"valueName":"search_term_string"}}],"inLanguage":"fr-FR"}]}},"_links":{"self":[{"href":"https:\/\/tramsmgmt.com\/fr\/wp-json\/wp\/v2\/pages\/9537","targetHints":{"allow":["GET"]}}],"collection":[{"href":"https:\/\/tramsmgmt.com\/fr\/wp-json\/wp\/v2\/pages"}],"about":[{"href":"https:\/\/tramsmgmt.com\/fr\/wp-json\/wp\/v2\/types\/page"}],"author":[{"embeddable":true,"href":"https:\/\/tramsmgmt.com\/fr\/wp-json\/wp\/v2\/users\/1"}],"replies":[{"embeddable":true,"href":"https:\/\/tramsmgmt.com\/fr\/wp-json\/wp\/v2\/comments?post=9537"}],"version-history":[{"count":5,"href":"https:\/\/tramsmgmt.com\/fr\/wp-json\/wp\/v2\/pages\/9537\/revisions"}],"predecessor-version":[{"id":9545,"href":"https:\/\/tramsmgmt.com\/fr\/wp-json\/wp\/v2\/pages\/9537\/revisions\/9545"}],"wp:attachment":[{"href":"https:\/\/tramsmgmt.com\/fr\/wp-json\/wp\/v2\/media?parent=9537"}],"curies":[{"name":"wp","href":"https:\/\/api.w.org\/{rel}","templated":true}]}}