{"id":8219,"date":"2020-01-21T09:58:53","date_gmt":"2020-01-21T14:58:53","guid":{"rendered":"https:\/\/tramsmgmt.com\/community\/"},"modified":"2025-09-04T14:55:41","modified_gmt":"2025-09-04T18:55:41","slug":"community","status":"publish","type":"page","link":"https:\/\/tramsmgmt.com\/fr\/community\/","title":{"rendered":"Communaut\u00e9"},"content":{"rendered":"<div class=\"wp-bootstrap-blocks-container container mb-2\">\n\t\n<div class=\"wp-bootstrap-blocks-container container mb-2\">\n\t\n\n<figure class=\"wp-block-image size-large\"><img loading=\"lazy\" decoding=\"async\" width=\"1024\" height=\"219\" src=\"https:\/\/tramsmgmt.com\/wp-content\/uploads\/2015\/04\/Community-1024x219.jpg\" alt=\"\" class=\"wp-image-6144\" srcset=\"https:\/\/tramsmgmt.com\/wp-content\/uploads\/2015\/04\/Community-1024x219.jpg 1024w, https:\/\/tramsmgmt.com\/wp-content\/uploads\/2015\/04\/Community-350x75.jpg 350w, https:\/\/tramsmgmt.com\/wp-content\/uploads\/2015\/04\/Community.jpg 1170w\" sizes=\"auto, (max-width: 1024px) 100vw, 1024px\" \/><\/figure>\n\n\n\n<p>Cr\u00e9\u00e9e en 1991, <strong>la Fondation Pomerantz<\/strong> a donn\u00e9 plus de 7,5 millions de dollars \u00e0 un large \u00e9ventail d&rsquo;organismes de bienfaisance, dont Jeunesse au soleil, la Fondation de L\u2019H\u00f4pital de Montr\u00e9al pour enfants, Yaldei centre de d\u00e9veloppement, Mira, la Fondation pour l\u2019enfance Starlight, Dans La Rue, mission Bon Accueil et notre plus r\u00e9cente Le Phare. Au cours des derni\u00e8res ann\u00e9es, notre tournoi de golf a permis \u00e0 lui seul de recueillir plus de 2 million de dollars pour les enfants qui ont besoin d&rsquo;aide.<\/p>\n\n\n\n<p>Nous aimerions profiter de cette occasion pour remercier tous les participants et les personnes pr\u00e9sentes. Votre soutien a jou\u00e9 un r\u00f4le essentiel dans le succ\u00e8s de notre collecte de fonds.<\/p>\n\n\n\n<p>We would like to take this opportunity to thank all participants and attendees. Your support played a vital role in the success of our fundraising.<\/p>\n\n\n\n<p>Nous sommes toujours reconnaissants \u00e0 nos sponsors, notamment MSBA Avocats, NFP, Gutkin Vincent Dumas Avocats, Allen Maintenance &amp; Contronet, mat\u00e9riel d\u2019incendie Priority Fire Equipment, Des Sources Dodge Chrysler Ltee, Kaufmann de Suisse, et bien d&rsquo;autres encore.<\/p>\n\n\n\n<p>Nous vous encourageons \u00e0 vous joindre \u00e0 nous pour aider les enfants en faisant un don.<\/p>\n\n\n\n<p>Notre objectif est simple : toujours d\u00e9passer les dons de l&rsquo;ann\u00e9e pr\u00e9c\u00e9dente et aider plus d&rsquo;enfants. Si vous souhaitez participer ou faire un don \u00e0 notre cause, n&rsquo;h\u00e9sitez pas \u00e0 appeler le (514) 341-8600, ou <em><a href=\"https:\/\/pomerantzfoundation.com\/fr\/\">\u00e0 faire un don directement \u00e0 l&rsquo;adresse www.pomerantzfoundation.com<\/a><\/em>.<\/p>\n\n\n\n<p>Nous vous demandons de consulter fr\u00e9quemment notre site pour conna\u00eetre les \u00e9v\u00e9nements passionnants qui se d\u00e9roulent dans le cadre de notre programme d&rsquo;\u00e9v\u00e9nements communautaires.<\/p>\n\n\n\n<p>Nous vous remercions de votre g\u00e9n\u00e9rosit\u00e9 et nous comptons sur votre soutien continu.<\/p>\n\n\n\n<div style=\"height:50px\" aria-hidden=\"true\" class=\"wp-block-spacer\"><\/div>\n\n\n\n<figure class=\"wp-block-image size-full\"><img loading=\"lazy\" decoding=\"async\" width=\"954\" height=\"679\" src=\"https:\/\/tramsmgmt.com\/wp-content\/uploads\/2025\/09\/Thank-You_Golf_960X640-WebBanner_2025_Fr.jpg\" alt=\"\" class=\"wp-image-10351\" srcset=\"https:\/\/tramsmgmt.com\/wp-content\/uploads\/2025\/09\/Thank-You_Golf_960X640-WebBanner_2025_Fr.jpg 954w, https:\/\/tramsmgmt.com\/wp-content\/uploads\/2025\/09\/Thank-You_Golf_960X640-WebBanner_2025_Fr-300x214.jpg 300w, https:\/\/tramsmgmt.com\/wp-content\/uploads\/2025\/09\/Thank-You_Golf_960X640-WebBanner_2025_Fr-768x547.jpg 768w\" sizes=\"auto, (max-width: 954px) 100vw, 954px\" \/><\/figure>\n\n\n\n<div style=\"height:100px\" aria-hidden=\"true\" class=\"wp-block-spacer\"><\/div>\n\n\n\n<p><br><\/p>\n\n<\/div>\n\n<\/div>\n\n\n  <div class=\"container\">\n    <h2 class=\"text-center\">\u00c9venements pass\u00e9s<\/h2>\n    <div class=\"row mb-2\">\n              <div class=\"col-12 col-sm-6 col-lg-3 text-center\">\n                      <a class=\"p-1 d-block\" href=\"https:\/\/pomerantzfoundation.com\/fr\/event\/18th-annual-golf-tournament\/\" target=\"_blank\">\n              <img decoding=\"async\" class=\"img-fluid\" src=\"https:\/\/tramsmgmt.com\/wp-content\/uploads\/2025\/09\/DSC_3554_W-300x200.jpg\" alt=\"\">\n               <h4>2025<\/h4>             <\/a>\n                  <\/div>\n              <div class=\"col-12 col-sm-6 col-lg-3 text-center\">\n                      <a class=\"p-1 d-block\" href=\"https:\/\/pomerantzfoundation.com\/fr\/event\/17th-annual-golf-tournament\/\" target=\"_blank\">\n              <img decoding=\"async\" class=\"img-fluid\" src=\"https:\/\/tramsmgmt.com\/wp-content\/uploads\/2024\/10\/COM-FINAL-e1728313410491-300x199.jpg\" alt=\"\">\n               <h4>2024<\/h4>             <\/a>\n                  <\/div>\n              <div class=\"col-12 col-sm-6 col-lg-3 text-center\">\n                      <a class=\"p-1 d-block\" href=\"https:\/\/pomerantzfoundation.com\/fr\/event\/16th-annual-golf-tournament\/\" target=\"_blank\">\n              <img decoding=\"async\" class=\"img-fluid\" src=\"https:\/\/tramsmgmt.com\/wp-content\/uploads\/2023\/09\/IMG_8194-300x200.jpg\" alt=\"\">\n               <h4>2023<\/h4>             <\/a>\n                  <\/div>\n              <div class=\"col-12 col-sm-6 col-lg-3 text-center\">\n                      <a class=\"p-1 d-block\" href=\"https:\/\/pomerantzfoundation.com\/fr\/event\/15e-tournoi-de-golf-annuel\/\" target=\"_blank\">\n              <img decoding=\"async\" class=\"img-fluid\" src=\"https:\/\/tramsmgmt.com\/wp-content\/uploads\/2022\/09\/MIM_0014_S-300x200.jpg\" alt=\"\">\n               <h4>2022<\/h4>             <\/a>\n                  <\/div>\n              <div class=\"col-12 col-sm-6 col-lg-3 text-center\">\n                      <a class=\"p-1 d-block\" href=\"https:\/\/pomerantzfoundation.com\/fr\/event\/13e-et-14e-tournoi-de-golf-annuel\/\" target=\"_blank\">\n              <img decoding=\"async\" class=\"img-fluid\" src=\"https:\/\/tramsmgmt.com\/wp-content\/uploads\/2021\/10\/2021PZ-03-300x200.jpg\" alt=\"\">\n               <h4>2021<\/h4>             <\/a>\n                  <\/div>\n              <div class=\"col-12 col-sm-6 col-lg-3 text-center\">\n                      <a class=\"p-1 d-block\" href=\"https:\/\/pomerantzfoundation.com\/fr\/event\/2019-annual-golf-tournament\/\" target=\"_blank\">\n              <img decoding=\"async\" class=\"img-fluid\" src=\"https:\/\/tramsmgmt.com\/wp-content\/uploads\/2019\/11\/Pomerantz-Golf-2019-44-350x233.jpg\" alt=\"\">\n               <h4>2019<\/h4>             <\/a>\n                  <\/div>\n              <div class=\"col-12 col-sm-6 col-lg-3 text-center\">\n                      <a class=\"p-1 d-block\" href=\"https:\/\/pomerantzfoundation.com\/fr\/event\/2018-golf-tournament\/\" target=\"_blank\">\n              <img decoding=\"async\" class=\"img-fluid\" src=\"https:\/\/tramsmgmt.com\/wp-content\/uploads\/2019\/11\/Pomerantz-Golf-2019-22-350x233.jpg\" alt=\"\">\n               <h4>2018<\/h4>             <\/a>\n                  <\/div>\n              <div class=\"col-12 col-sm-6 col-lg-3 text-center\">\n                      <a class=\"p-1 d-block\" href=\"https:\/\/pomerantzfoundation.com\/fr\/event\/golf-tournament-2017\/\" target=\"_blank\">\n              <img decoding=\"async\" class=\"img-fluid\" src=\"https:\/\/tramsmgmt.com\/wp-content\/uploads\/2018\/03\/Pomerantz-Golf-2017-95-350x233.jpg\" alt=\"\">\n               <h4>2017<\/h4>             <\/a>\n                  <\/div>\n              <div class=\"col-12 col-sm-6 col-lg-3 text-center\">\n                      <a class=\"p-1 d-block\" href=\"https:\/\/pomerantzfoundation.com\/fr\/event\/2016-annual-golf-tournament\/\" target=\"_blank\">\n              <img decoding=\"async\" class=\"img-fluid\" src=\"https:\/\/tramsmgmt.com\/wp-content\/uploads\/2016\/10\/IMG_0035-350x233.jpg\" alt=\"\">\n               <h4>2016<\/h4>             <\/a>\n                  <\/div>\n              <div class=\"col-12 col-sm-6 col-lg-3 text-center\">\n                      <a class=\"p-1 d-block\" href=\"https:\/\/pomerantzfoundation.com\/fr\/event\/2015-annual-golf-tournament\/\" target=\"_blank\">\n              <img decoding=\"async\" class=\"img-fluid\" src=\"https:\/\/tramsmgmt.com\/wp-content\/uploads\/2015\/09\/MG_2129-350x233.jpg\" alt=\"\">\n               <h4>2015<\/h4>             <\/a>\n                  <\/div>\n              <div class=\"col-12 col-sm-6 col-lg-3 text-center\">\n                      <a class=\"p-1 d-block\" href=\"https:\/\/pomerantzfoundation.com\/fr\/event\/2014-annual-golf-tournament\/\" target=\"_blank\">\n              <img decoding=\"async\" class=\"img-fluid\" src=\"https:\/\/tramsmgmt.com\/wp-content\/uploads\/2015\/04\/MG_11701-350x233.jpg\" alt=\"\">\n               <h4>2014<\/h4>             <\/a>\n                  <\/div>\n              <div class=\"col-12 col-sm-6 col-lg-3 text-center\">\n                      <a class=\"p-1 d-block\" href=\"https:\/\/pomerantzfoundation.com\/fr\/event\/2013-annual-golf-tournament\/\" target=\"_blank\">\n              <img decoding=\"async\" class=\"img-fluid\" src=\"https:\/\/tramsmgmt.com\/wp-content\/uploads\/2015\/04\/img_30331-350x233.jpg\" alt=\"\">\n               <h4>2013<\/h4>             <\/a>\n                  <\/div>\n              <div class=\"col-12 col-sm-6 col-lg-3 text-center\">\n                      <a class=\"p-1 d-block\" href=\"https:\/\/pomerantzfoundation.com\/fr\/event\/2012-annual-golf-tournament\/\" target=\"_blank\">\n              <img decoding=\"async\" class=\"img-fluid\" src=\"https:\/\/tramsmgmt.com\/wp-content\/uploads\/2015\/04\/straphael_0021-350x233.jpg\" alt=\"\">\n               <h4>2012<\/h4>             <\/a>\n                  <\/div>\n              <div class=\"col-12 col-sm-6 col-lg-3 text-center\">\n                      <a class=\"p-1 d-block\" href=\"https:\/\/pomerantzfoundation.com\/fr\/event\/2011-annual-golf-tournament\/\" target=\"_blank\">\n              <img decoding=\"async\" class=\"img-fluid\" src=\"https:\/\/tramsmgmt.com\/wp-content\/uploads\/2015\/04\/dsc_35621-350x232.jpg\" alt=\"\">\n               <h4>2011<\/h4>             <\/a>\n                  <\/div>\n              <div class=\"col-12 col-sm-6 col-lg-3 text-center\">\n                      <a class=\"p-1 d-block\" href=\"https:\/\/pomerantzfoundation.com\/fr\/event\/2010-annual-golf-tournament\/\" target=\"_blank\">\n              <img decoding=\"async\" class=\"img-fluid\" src=\"https:\/\/tramsmgmt.com\/wp-content\/uploads\/2015\/04\/mg_14541-350x233.jpg\" alt=\"\">\n               <h4>2010<\/h4>             <\/a>\n                  <\/div>\n              <div class=\"col-12 col-sm-6 col-lg-3 text-center\">\n                      <a class=\"p-1 d-block\" href=\"https:\/\/pomerantzfoundation.com\/fr\/event\/2009-annual-golf-tournament\/\" target=\"_blank\">\n              <img decoding=\"async\" class=\"img-fluid\" src=\"https:\/\/tramsmgmt.com\/wp-content\/uploads\/2015\/04\/alx_34381-350x232.jpg\" alt=\"\">\n               <h4>2009<\/h4>             <\/a>\n                  <\/div>\n              <div class=\"col-12 col-sm-6 col-lg-3 text-center\">\n                      <a class=\"p-1 d-block\" href=\"https:\/\/pomerantzfoundation.com\/fr\/event\/2008-annual-golf-tournament\/\" target=\"_blank\">\n              <img decoding=\"async\" class=\"img-fluid\" src=\"https:\/\/tramsmgmt.com\/wp-content\/uploads\/2015\/04\/alx_51931-350x232.jpg\" alt=\"\">\n               <h4>2008<\/h4>             <\/a>\n                  <\/div>\n          <\/div>\n  <\/div>\n","protected":false},"excerpt":{"rendered":"","protected":false},"author":1,"featured_media":0,"parent":0,"menu_order":0,"comment_status":"closed","ping_status":"closed","template":"","meta":{"_acf_changed":false,"inline_featured_image":false,"footnotes":""},"class_list":["post-8219","page","type-page","status-publish","hentry"],"acf":[],"yoast_head":"<!-- This site is optimized with the Yoast SEO plugin v27.2 - https:\/\/yoast.com\/product\/yoast-seo-wordpress\/ -->\n<title>Communaut\u00e9 - Gestion immobili\u00e8re T.R.A.M.S<\/title>\n<meta name=\"description\" content=\"La Gestion Immobili\u00e8re T.R.A.M.S. dirige des initiatives caritatives pour aider leur communaut\u00e9 et lever des fonds pour une vari\u00e9t\u00e9 de charit\u00e9s locales.\" \/>\n<meta name=\"robots\" content=\"index, follow, max-snippet:-1, max-image-preview:large, max-video-preview:-1\" \/>\n<link rel=\"canonical\" href=\"https:\/\/tramsmgmt.com\/fr\/community\/\" \/>\n<meta property=\"og:locale\" content=\"fr_FR\" \/>\n<meta property=\"og:type\" content=\"article\" \/>\n<meta property=\"og:title\" content=\"Communaut\u00e9 - Gestion immobili\u00e8re T.R.A.M.S\" \/>\n<meta property=\"og:description\" content=\"La Gestion Immobili\u00e8re T.R.A.M.S. dirige des initiatives caritatives pour aider leur communaut\u00e9 et lever des fonds pour une vari\u00e9t\u00e9 de charit\u00e9s locales.\" \/>\n<meta property=\"og:url\" content=\"https:\/\/tramsmgmt.com\/fr\/community\/\" \/>\n<meta property=\"og:site_name\" content=\"Gestion immobili\u00e8re T.R.A.M.S\" \/>\n<meta property=\"article:modified_time\" content=\"2025-09-04T18:55:41+00:00\" \/>\n<meta property=\"og:image\" content=\"https:\/\/tramsmgmt.com\/wp-content\/uploads\/2015\/04\/Community.jpg\" \/>\n\t<meta property=\"og:image:width\" content=\"1170\" \/>\n\t<meta property=\"og:image:height\" content=\"250\" \/>\n\t<meta property=\"og:image:type\" content=\"image\/jpeg\" \/>\n<meta name=\"twitter:card\" content=\"summary_large_image\" \/>\n<meta name=\"twitter:label1\" content=\"Dur\u00e9e de lecture estim\u00e9e\" \/>\n\t<meta name=\"twitter:data1\" content=\"2 minutes\" \/>\n<script type=\"application\/ld+json\" class=\"yoast-schema-graph\">{\"@context\":\"https:\/\/schema.org\",\"@graph\":[{\"@type\":\"WebPage\",\"@id\":\"https:\/\/tramsmgmt.com\/fr\/community\/\",\"url\":\"https:\/\/tramsmgmt.com\/fr\/community\/\",\"name\":\"Communaut\u00e9 - Gestion immobili\u00e8re T.R.A.M.S\",\"isPartOf\":{\"@id\":\"https:\/\/tramsmgmt.com\/#website\"},\"primaryImageOfPage\":{\"@id\":\"https:\/\/tramsmgmt.com\/fr\/community\/#primaryimage\"},\"image\":{\"@id\":\"https:\/\/tramsmgmt.com\/fr\/community\/#primaryimage\"},\"thumbnailUrl\":\"https:\/\/tramsmgmt.com\/wp-content\/uploads\/2015\/04\/Community-1024x219.jpg\",\"datePublished\":\"2020-01-21T14:58:53+00:00\",\"dateModified\":\"2025-09-04T18:55:41+00:00\",\"description\":\"La Gestion Immobili\u00e8re T.R.A.M.S. dirige des initiatives caritatives pour aider leur communaut\u00e9 et lever des fonds pour une vari\u00e9t\u00e9 de charit\u00e9s locales.\",\"breadcrumb\":{\"@id\":\"https:\/\/tramsmgmt.com\/fr\/community\/#breadcrumb\"},\"inLanguage\":\"fr-FR\",\"potentialAction\":[{\"@type\":\"ReadAction\",\"target\":[\"https:\/\/tramsmgmt.com\/fr\/community\/\"]}]},{\"@type\":\"ImageObject\",\"inLanguage\":\"fr-FR\",\"@id\":\"https:\/\/tramsmgmt.com\/fr\/community\/#primaryimage\",\"url\":\"https:\/\/tramsmgmt.com\/wp-content\/uploads\/2015\/04\/Community-1024x219.jpg\",\"contentUrl\":\"https:\/\/tramsmgmt.com\/wp-content\/uploads\/2015\/04\/Community-1024x219.jpg\"},{\"@type\":\"BreadcrumbList\",\"@id\":\"https:\/\/tramsmgmt.com\/fr\/community\/#breadcrumb\",\"itemListElement\":[{\"@type\":\"ListItem\",\"position\":1,\"name\":\"Home\",\"item\":\"https:\/\/tramsmgmt.com\/fr\/home\/\"},{\"@type\":\"ListItem\",\"position\":2,\"name\":\"Communaut\u00e9\"}]},{\"@type\":\"WebSite\",\"@id\":\"https:\/\/tramsmgmt.com\/#website\",\"url\":\"https:\/\/tramsmgmt.com\/\",\"name\":\"Gestion immobili\u00e8re T.R.A.M.S\",\"description\":\"Gestion immobili\u00e8re T.R.A.M.S, r\u00e9solue \u00e0 offrir des services de qualit\u00e9 en m\u00eame temps qu\u2019un excellent rendement aux investisseurs, a pour objectif \u00e0 moyen terme de devenir une des principales soci\u00e9t\u00e9s de services immobiliers ind\u00e9pendants du continent am\u00e9ricain.\",\"potentialAction\":[{\"@type\":\"SearchAction\",\"target\":{\"@type\":\"EntryPoint\",\"urlTemplate\":\"https:\/\/tramsmgmt.com\/?s={search_term_string}\"},\"query-input\":{\"@type\":\"PropertyValueSpecification\",\"valueRequired\":true,\"valueName\":\"search_term_string\"}}],\"inLanguage\":\"fr-FR\"}]}<\/script>\n<!-- \/ Yoast SEO plugin. -->","yoast_head_json":{"title":"Communaut\u00e9 - Gestion immobili\u00e8re T.R.A.M.S","description":"La Gestion Immobili\u00e8re T.R.A.M.S. dirige des initiatives caritatives pour aider leur communaut\u00e9 et lever des fonds pour une vari\u00e9t\u00e9 de charit\u00e9s locales.","robots":{"index":"index","follow":"follow","max-snippet":"max-snippet:-1","max-image-preview":"max-image-preview:large","max-video-preview":"max-video-preview:-1"},"canonical":"https:\/\/tramsmgmt.com\/fr\/community\/","og_locale":"fr_FR","og_type":"article","og_title":"Communaut\u00e9 - Gestion immobili\u00e8re T.R.A.M.S","og_description":"La Gestion Immobili\u00e8re T.R.A.M.S. dirige des initiatives caritatives pour aider leur communaut\u00e9 et lever des fonds pour une vari\u00e9t\u00e9 de charit\u00e9s locales.","og_url":"https:\/\/tramsmgmt.com\/fr\/community\/","og_site_name":"Gestion immobili\u00e8re T.R.A.M.S","article_modified_time":"2025-09-04T18:55:41+00:00","og_image":[{"width":1170,"height":250,"url":"https:\/\/tramsmgmt.com\/wp-content\/uploads\/2015\/04\/Community.jpg","type":"image\/jpeg"}],"twitter_card":"summary_large_image","twitter_misc":{"Dur\u00e9e de lecture estim\u00e9e":"2 minutes"},"schema":{"@context":"https:\/\/schema.org","@graph":[{"@type":"WebPage","@id":"https:\/\/tramsmgmt.com\/fr\/community\/","url":"https:\/\/tramsmgmt.com\/fr\/community\/","name":"Communaut\u00e9 - Gestion immobili\u00e8re T.R.A.M.S","isPartOf":{"@id":"https:\/\/tramsmgmt.com\/#website"},"primaryImageOfPage":{"@id":"https:\/\/tramsmgmt.com\/fr\/community\/#primaryimage"},"image":{"@id":"https:\/\/tramsmgmt.com\/fr\/community\/#primaryimage"},"thumbnailUrl":"https:\/\/tramsmgmt.com\/wp-content\/uploads\/2015\/04\/Community-1024x219.jpg","datePublished":"2020-01-21T14:58:53+00:00","dateModified":"2025-09-04T18:55:41+00:00","description":"La Gestion Immobili\u00e8re T.R.A.M.S. dirige des initiatives caritatives pour aider leur communaut\u00e9 et lever des fonds pour une vari\u00e9t\u00e9 de charit\u00e9s locales.","breadcrumb":{"@id":"https:\/\/tramsmgmt.com\/fr\/community\/#breadcrumb"},"inLanguage":"fr-FR","potentialAction":[{"@type":"ReadAction","target":["https:\/\/tramsmgmt.com\/fr\/community\/"]}]},{"@type":"ImageObject","inLanguage":"fr-FR","@id":"https:\/\/tramsmgmt.com\/fr\/community\/#primaryimage","url":"https:\/\/tramsmgmt.com\/wp-content\/uploads\/2015\/04\/Community-1024x219.jpg","contentUrl":"https:\/\/tramsmgmt.com\/wp-content\/uploads\/2015\/04\/Community-1024x219.jpg"},{"@type":"BreadcrumbList","@id":"https:\/\/tramsmgmt.com\/fr\/community\/#breadcrumb","itemListElement":[{"@type":"ListItem","position":1,"name":"Home","item":"https:\/\/tramsmgmt.com\/fr\/home\/"},{"@type":"ListItem","position":2,"name":"Communaut\u00e9"}]},{"@type":"WebSite","@id":"https:\/\/tramsmgmt.com\/#website","url":"https:\/\/tramsmgmt.com\/","name":"Gestion immobili\u00e8re T.R.A.M.S","description":"Gestion immobili\u00e8re T.R.A.M.S, r\u00e9solue \u00e0 offrir des services de qualit\u00e9 en m\u00eame temps qu\u2019un excellent rendement aux investisseurs, a pour objectif \u00e0 moyen terme de devenir une des principales soci\u00e9t\u00e9s de services immobiliers ind\u00e9pendants du continent am\u00e9ricain.","potentialAction":[{"@type":"SearchAction","target":{"@type":"EntryPoint","urlTemplate":"https:\/\/tramsmgmt.com\/?s={search_term_string}"},"query-input":{"@type":"PropertyValueSpecification","valueRequired":true,"valueName":"search_term_string"}}],"inLanguage":"fr-FR"}]}},"_links":{"self":[{"href":"https:\/\/tramsmgmt.com\/fr\/wp-json\/wp\/v2\/pages\/8219","targetHints":{"allow":["GET"]}}],"collection":[{"href":"https:\/\/tramsmgmt.com\/fr\/wp-json\/wp\/v2\/pages"}],"about":[{"href":"https:\/\/tramsmgmt.com\/fr\/wp-json\/wp\/v2\/types\/page"}],"author":[{"embeddable":true,"href":"https:\/\/tramsmgmt.com\/fr\/wp-json\/wp\/v2\/users\/1"}],"replies":[{"embeddable":true,"href":"https:\/\/tramsmgmt.com\/fr\/wp-json\/wp\/v2\/comments?post=8219"}],"version-history":[{"count":48,"href":"https:\/\/tramsmgmt.com\/fr\/wp-json\/wp\/v2\/pages\/8219\/revisions"}],"predecessor-version":[{"id":10365,"href":"https:\/\/tramsmgmt.com\/fr\/wp-json\/wp\/v2\/pages\/8219\/revisions\/10365"}],"wp:attachment":[{"href":"https:\/\/tramsmgmt.com\/fr\/wp-json\/wp\/v2\/media?parent=8219"}],"curies":[{"name":"wp","href":"https:\/\/api.w.org\/{rel}","templated":true}]}}