{"id":8056,"date":"2020-01-21T15:23:57","date_gmt":"2020-01-21T20:23:57","guid":{"rendered":"https:\/\/tramsmgmt.com\/vacation-rentals\/"},"modified":"2022-10-24T12:35:15","modified_gmt":"2022-10-24T16:35:15","slug":"locations-de-vacances","status":"publish","type":"page","link":"https:\/\/tramsmgmt.com\/fr\/locations-de-vacances\/","title":{"rendered":"Locations d&rsquo;hospitalit\u00e9"},"content":{"rendered":"<div class=\"grid-properties bg-light\">\n  <div class=\"grid-properties bg-light pb-2\">\n    <div class=\"container\">\n      <div class=\"row\">\n        <div class=\"col-12 py-2\">\n                  <\/div>\n                   <div class=\"col-sm-6 mb-4 class=\"post-10279 property type-property status-publish has-post-thumbnail hentry property_category-hospitalite property_type-a-louer\"\">\n  <div class=\"card property-card border-0 w-100\">\n        <div class=\"post-img\">\n              <a href=\"https:\/\/tramsmgmt.com\/fr\/property\/pier-pressure-yacht\/\" class=\"w-100\">\n          <div class=\"property-card__img bg-cover h-100\" style=\"background-image: url(https:\/\/tramsmgmt.com\/wp-content\/uploads\/2024\/03\/87Azimut_PierPressure_-WEB-5_ALT-870x489.jpg);\"><\/div>\n        <\/a>\n          <\/div>\n        <div class=\"property-card__content py-2 px-1 px-md-2 px-lg-3\">\n      <h2 class=\"h3 entry-title\">\n                  <a href=\"https:\/\/tramsmgmt.com\/fr\/property\/pier-pressure-yacht\/\">\n            Pier Pressure Yacht\n          <\/a>\n              <\/h2>\n\n                    <a href=\"https:\/\/tramsmgmt.com\/fr\/property\/pier-pressure-yacht\/\" class=\"h6 font-weight-bolder\">\n          D\u00e9tails\n        <\/a>\n          <\/div>\n  <\/div>\n<\/div>\n                   <div class=\"col-sm-6 mb-4 class=\"post-7880 property type-property status-publish has-post-thumbnail hentry property_category-hospitalite property_type-a-louer\"\">\n  <div class=\"card property-card border-0 w-100\">\n        <div class=\"post-img\">\n              <a href=\"https:\/\/tramsmgmt.com\/fr\/property\/blue-strawberry-sea-floride\/\" class=\"w-100\">\n          <div class=\"property-card__img bg-cover h-100\" style=\"background-image: url(https:\/\/tramsmgmt.com\/wp-content\/uploads\/2022\/10\/A_Blue-Strawberry-8_1-870x489.jpg);\"><\/div>\n        <\/a>\n          <\/div>\n        <div class=\"property-card__content py-2 px-1 px-md-2 px-lg-3\">\n      <h2 class=\"h3 entry-title\">\n                  <a href=\"https:\/\/tramsmgmt.com\/fr\/property\/blue-strawberry-sea-floride\/\">\n            Blue Strawberry by the Sea\n          <\/a>\n              <\/h2>\n\n              <p class=\"address\">\n          4208\/4220 North Ocean Drive<br \/>\r\nFort Lauderdale, Florida<br \/>\r\n33308 USA\n        <\/p>\n                    <a href=\"https:\/\/tramsmgmt.com\/fr\/property\/blue-strawberry-sea-floride\/\" class=\"h6 font-weight-bolder\">\n          D\u00e9tails\n        <\/a>\n          <\/div>\n  <\/div>\n<\/div>\n                   <div class=\"col-sm-6 mb-4 class=\"post-7878 property type-property status-publish has-post-thumbnail hentry property_category-hospitalite property_type-a-louer\"\">\n  <div class=\"card property-card border-0 w-100\">\n        <div class=\"post-img\">\n              <a href=\"https:\/\/tramsmgmt.com\/fr\/property\/castle-sea-floride\/\" class=\"w-100\">\n          <div class=\"property-card__img bg-cover h-100\" style=\"background-image: url(https:\/\/tramsmgmt.com\/wp-content\/uploads\/2018\/11\/castle-by-the-sea-pics-03.jpg);\"><\/div>\n        <\/a>\n          <\/div>\n        <div class=\"property-card__content py-2 px-1 px-md-2 px-lg-3\">\n      <h2 class=\"h3 entry-title\">\n                  <a href=\"https:\/\/tramsmgmt.com\/fr\/property\/castle-sea-floride\/\">\n            Castle by the Sea\n          <\/a>\n              <\/h2>\n\n              <p class=\"address\">\n          4520 N. Ocean Drive<br \/>\r\nLauderdale by The Sea, Florida<br \/>\r\n33308 USA\n        <\/p>\n                    <a href=\"https:\/\/tramsmgmt.com\/fr\/property\/castle-sea-floride\/\" class=\"h6 font-weight-bolder\">\n          D\u00e9tails\n        <\/a>\n          <\/div>\n  <\/div>\n<\/div>\n                   <div class=\"col-sm-6 mb-4 class=\"post-10113 property type-property status-publish has-post-thumbnail hentry property_category-hospitalite property_type-a-louer\"\">\n  <div class=\"card property-card border-0 w-100\">\n        <div class=\"post-img\">\n              <a href=\"https:\/\/tramsmgmt.com\/fr\/property\/horizon-by-the-sea\/\" class=\"w-100\">\n          <div class=\"property-card__img bg-cover h-100\" style=\"background-image: url(https:\/\/tramsmgmt.com\/wp-content\/uploads\/2023\/02\/horizonbythesea-hero-870x489.jpg);\"><\/div>\n        <\/a>\n          <\/div>\n        <div class=\"property-card__content py-2 px-1 px-md-2 px-lg-3\">\n      <h2 class=\"h3 entry-title\">\n                  <a href=\"https:\/\/tramsmgmt.com\/fr\/property\/horizon-by-the-sea\/\">\n            Horizon by the Sea\n          <\/a>\n              <\/h2>\n\n              <p class=\"address\">\n          4229 N Ocean Dr<br \/>\r\nLauderdale-By-The-Sea, Florida<br \/>\r\n33308, USA\n        <\/p>\n                    <a href=\"https:\/\/tramsmgmt.com\/fr\/property\/horizon-by-the-sea\/\" class=\"h6 font-weight-bolder\">\n          D\u00e9tails\n        <\/a>\n          <\/div>\n  <\/div>\n<\/div>\n                   <div class=\"col-sm-6 mb-4 class=\"post-7875 property type-property status-publish has-post-thumbnail hentry property_category-hospitalite property_type-a-louer\"\">\n  <div class=\"card property-card border-0 w-100\">\n        <div class=\"post-img\">\n              <a href=\"https:\/\/tramsmgmt.com\/fr\/property\/suite-princess-heights\/\" class=\"w-100\">\n          <div class=\"property-card__img bg-cover h-100\" style=\"background-image: url(https:\/\/tramsmgmt.com\/wp-content\/uploads\/2018\/04\/princess-heights-suite-trams-01.jpg);\"><\/div>\n        <\/a>\n          <\/div>\n        <div class=\"property-card__content py-2 px-1 px-md-2 px-lg-3\">\n      <h2 class=\"h3 entry-title\">\n                  <a href=\"https:\/\/tramsmgmt.com\/fr\/property\/suite-princess-heights\/\">\n            Princess Heights Suite\n          <\/a>\n              <\/h2>\n\n              <p class=\"address\">\n          Oyster Pond Road #156<br \/>\r\nSt. Maarten<br \/>\r\nNetherlands Antilles\n        <\/p>\n                    <a href=\"https:\/\/tramsmgmt.com\/fr\/property\/suite-princess-heights\/\" class=\"h6 font-weight-bolder\">\n          D\u00e9tails\n        <\/a>\n          <\/div>\n  <\/div>\n<\/div>\n                   <div class=\"col-sm-6 mb-4 class=\"post-7881 property type-property status-publish has-post-thumbnail hentry property_category-hospitalite property_type-a-louer\"\">\n  <div class=\"card property-card border-0 w-100\">\n        <div class=\"post-img\">\n              <a href=\"https:\/\/tramsmgmt.com\/fr\/property\/sea-garden-by-the-sea-lauderdale-by-the-sea-floride\/\" class=\"w-100\">\n          <div class=\"property-card__img bg-cover h-100\" style=\"background-image: url(https:\/\/tramsmgmt.com\/wp-content\/uploads\/2017\/09\/Sea-Garden-by-the-Sea-Exterior-24.jpg);\"><\/div>\n        <\/a>\n          <\/div>\n        <div class=\"property-card__content py-2 px-1 px-md-2 px-lg-3\">\n      <h2 class=\"h3 entry-title\">\n                  <a href=\"https:\/\/tramsmgmt.com\/fr\/property\/sea-garden-by-the-sea-lauderdale-by-the-sea-floride\/\">\n            Sea Garden by the Sea\n          <\/a>\n              <\/h2>\n\n              <p class=\"address\">\n          4625 North Ocean Drive (A1A)<br \/>\r\nLauderdale By The Sea<br \/>\r\nFlorida 33308\n        <\/p>\n                    <a href=\"https:\/\/tramsmgmt.com\/fr\/property\/sea-garden-by-the-sea-lauderdale-by-the-sea-floride\/\" class=\"h6 font-weight-bolder\">\n          D\u00e9tails\n        <\/a>\n          <\/div>\n  <\/div>\n<\/div>\n              <\/div>\n    <\/div>\n  <\/div>\n<\/div>\n\n\n","protected":false},"excerpt":{"rendered":"","protected":false},"author":1,"featured_media":0,"parent":0,"menu_order":0,"comment_status":"closed","ping_status":"closed","template":"","meta":{"_acf_changed":false,"inline_featured_image":false,"footnotes":""},"class_list":["post-8056","page","type-page","status-publish","hentry"],"acf":[],"yoast_head":"<!-- This site is optimized with the Yoast SEO plugin v27.2 - https:\/\/yoast.com\/product\/yoast-seo-wordpress\/ -->\n<title>Locations d&#039;hospitalit\u00e9 - Gestion immobili\u00e8re T.R.A.M.S<\/title>\n<meta name=\"description\" content=\"La liste compl\u00e8te des locations de vacances T.R.A.M.S. Offrez-vous une escapade!\" \/>\n<meta name=\"robots\" content=\"index, follow, max-snippet:-1, max-image-preview:large, max-video-preview:-1\" \/>\n<link rel=\"canonical\" href=\"https:\/\/tramsmgmt.com\/fr\/locations-de-vacances\/\" \/>\n<meta property=\"og:locale\" content=\"fr_FR\" \/>\n<meta property=\"og:type\" content=\"article\" \/>\n<meta property=\"og:title\" content=\"Locations d&#039;hospitalit\u00e9 - Gestion immobili\u00e8re T.R.A.M.S\" \/>\n<meta property=\"og:description\" content=\"La liste compl\u00e8te des locations de vacances T.R.A.M.S. Offrez-vous une escapade!\" \/>\n<meta property=\"og:url\" content=\"https:\/\/tramsmgmt.com\/fr\/locations-de-vacances\/\" \/>\n<meta property=\"og:site_name\" content=\"Gestion immobili\u00e8re T.R.A.M.S\" \/>\n<meta property=\"article:modified_time\" content=\"2022-10-24T16:35:15+00:00\" \/>\n<meta name=\"twitter:card\" content=\"summary_large_image\" \/>\n<script type=\"application\/ld+json\" class=\"yoast-schema-graph\">{\"@context\":\"https:\/\/schema.org\",\"@graph\":[{\"@type\":\"WebPage\",\"@id\":\"https:\/\/tramsmgmt.com\/fr\/locations-de-vacances\/\",\"url\":\"https:\/\/tramsmgmt.com\/fr\/locations-de-vacances\/\",\"name\":\"Locations d'hospitalit\u00e9 - Gestion immobili\u00e8re T.R.A.M.S\",\"isPartOf\":{\"@id\":\"https:\/\/tramsmgmt.com\/#website\"},\"datePublished\":\"2020-01-21T20:23:57+00:00\",\"dateModified\":\"2022-10-24T16:35:15+00:00\",\"description\":\"La liste compl\u00e8te des locations de vacances T.R.A.M.S. Offrez-vous une escapade!\",\"breadcrumb\":{\"@id\":\"https:\/\/tramsmgmt.com\/fr\/locations-de-vacances\/#breadcrumb\"},\"inLanguage\":\"fr-FR\",\"potentialAction\":[{\"@type\":\"ReadAction\",\"target\":[\"https:\/\/tramsmgmt.com\/fr\/locations-de-vacances\/\"]}]},{\"@type\":\"BreadcrumbList\",\"@id\":\"https:\/\/tramsmgmt.com\/fr\/locations-de-vacances\/#breadcrumb\",\"itemListElement\":[{\"@type\":\"ListItem\",\"position\":1,\"name\":\"Home\",\"item\":\"https:\/\/tramsmgmt.com\/fr\/home\/\"},{\"@type\":\"ListItem\",\"position\":2,\"name\":\"Locations d&#8217;hospitalit\u00e9\"}]},{\"@type\":\"WebSite\",\"@id\":\"https:\/\/tramsmgmt.com\/#website\",\"url\":\"https:\/\/tramsmgmt.com\/\",\"name\":\"Gestion immobili\u00e8re T.R.A.M.S\",\"description\":\"Gestion immobili\u00e8re T.R.A.M.S, r\u00e9solue \u00e0 offrir des services de qualit\u00e9 en m\u00eame temps qu\u2019un excellent rendement aux investisseurs, a pour objectif \u00e0 moyen terme de devenir une des principales soci\u00e9t\u00e9s de services immobiliers ind\u00e9pendants du continent am\u00e9ricain.\",\"potentialAction\":[{\"@type\":\"SearchAction\",\"target\":{\"@type\":\"EntryPoint\",\"urlTemplate\":\"https:\/\/tramsmgmt.com\/?s={search_term_string}\"},\"query-input\":{\"@type\":\"PropertyValueSpecification\",\"valueRequired\":true,\"valueName\":\"search_term_string\"}}],\"inLanguage\":\"fr-FR\"}]}<\/script>\n<!-- \/ Yoast SEO plugin. -->","yoast_head_json":{"title":"Locations d'hospitalit\u00e9 - Gestion immobili\u00e8re T.R.A.M.S","description":"La liste compl\u00e8te des locations de vacances T.R.A.M.S. Offrez-vous une escapade!","robots":{"index":"index","follow":"follow","max-snippet":"max-snippet:-1","max-image-preview":"max-image-preview:large","max-video-preview":"max-video-preview:-1"},"canonical":"https:\/\/tramsmgmt.com\/fr\/locations-de-vacances\/","og_locale":"fr_FR","og_type":"article","og_title":"Locations d'hospitalit\u00e9 - Gestion immobili\u00e8re T.R.A.M.S","og_description":"La liste compl\u00e8te des locations de vacances T.R.A.M.S. Offrez-vous une escapade!","og_url":"https:\/\/tramsmgmt.com\/fr\/locations-de-vacances\/","og_site_name":"Gestion immobili\u00e8re T.R.A.M.S","article_modified_time":"2022-10-24T16:35:15+00:00","twitter_card":"summary_large_image","schema":{"@context":"https:\/\/schema.org","@graph":[{"@type":"WebPage","@id":"https:\/\/tramsmgmt.com\/fr\/locations-de-vacances\/","url":"https:\/\/tramsmgmt.com\/fr\/locations-de-vacances\/","name":"Locations d'hospitalit\u00e9 - Gestion immobili\u00e8re T.R.A.M.S","isPartOf":{"@id":"https:\/\/tramsmgmt.com\/#website"},"datePublished":"2020-01-21T20:23:57+00:00","dateModified":"2022-10-24T16:35:15+00:00","description":"La liste compl\u00e8te des locations de vacances T.R.A.M.S. Offrez-vous une escapade!","breadcrumb":{"@id":"https:\/\/tramsmgmt.com\/fr\/locations-de-vacances\/#breadcrumb"},"inLanguage":"fr-FR","potentialAction":[{"@type":"ReadAction","target":["https:\/\/tramsmgmt.com\/fr\/locations-de-vacances\/"]}]},{"@type":"BreadcrumbList","@id":"https:\/\/tramsmgmt.com\/fr\/locations-de-vacances\/#breadcrumb","itemListElement":[{"@type":"ListItem","position":1,"name":"Home","item":"https:\/\/tramsmgmt.com\/fr\/home\/"},{"@type":"ListItem","position":2,"name":"Locations d&#8217;hospitalit\u00e9"}]},{"@type":"WebSite","@id":"https:\/\/tramsmgmt.com\/#website","url":"https:\/\/tramsmgmt.com\/","name":"Gestion immobili\u00e8re T.R.A.M.S","description":"Gestion immobili\u00e8re T.R.A.M.S, r\u00e9solue \u00e0 offrir des services de qualit\u00e9 en m\u00eame temps qu\u2019un excellent rendement aux investisseurs, a pour objectif \u00e0 moyen terme de devenir une des principales soci\u00e9t\u00e9s de services immobiliers ind\u00e9pendants du continent am\u00e9ricain.","potentialAction":[{"@type":"SearchAction","target":{"@type":"EntryPoint","urlTemplate":"https:\/\/tramsmgmt.com\/?s={search_term_string}"},"query-input":{"@type":"PropertyValueSpecification","valueRequired":true,"valueName":"search_term_string"}}],"inLanguage":"fr-FR"}]}},"_links":{"self":[{"href":"https:\/\/tramsmgmt.com\/fr\/wp-json\/wp\/v2\/pages\/8056","targetHints":{"allow":["GET"]}}],"collection":[{"href":"https:\/\/tramsmgmt.com\/fr\/wp-json\/wp\/v2\/pages"}],"about":[{"href":"https:\/\/tramsmgmt.com\/fr\/wp-json\/wp\/v2\/types\/page"}],"author":[{"embeddable":true,"href":"https:\/\/tramsmgmt.com\/fr\/wp-json\/wp\/v2\/users\/1"}],"replies":[{"embeddable":true,"href":"https:\/\/tramsmgmt.com\/fr\/wp-json\/wp\/v2\/comments?post=8056"}],"version-history":[{"count":9,"href":"https:\/\/tramsmgmt.com\/fr\/wp-json\/wp\/v2\/pages\/8056\/revisions"}],"predecessor-version":[{"id":9922,"href":"https:\/\/tramsmgmt.com\/fr\/wp-json\/wp\/v2\/pages\/8056\/revisions\/9922"}],"wp:attachment":[{"href":"https:\/\/tramsmgmt.com\/fr\/wp-json\/wp\/v2\/media?parent=8056"}],"curies":[{"name":"wp","href":"https:\/\/api.w.org\/{rel}","templated":true}]}}