{"id":8050,"date":"2020-01-21T11:04:06","date_gmt":"2020-01-21T16:04:06","guid":{"rendered":"https:\/\/tramsmgmt.com\/our-partners\/"},"modified":"2025-09-04T15:06:57","modified_gmt":"2025-09-04T19:06:57","slug":"nos-partenaires","status":"publish","type":"page","link":"https:\/\/tramsmgmt.com\/fr\/nos-partenaires\/","title":{"rendered":"Nos Partenaires"},"content":{"rendered":"<div class=\"wp-bootstrap-blocks-container container mb-2\">\n\t\n\n<figure class=\"wp-block-image size-large\"><img loading=\"lazy\" decoding=\"async\" width=\"1024\" height=\"616\" src=\"https:\/\/tramsmgmt.com\/wp-content\/uploads\/2020\/02\/iStock-1140524579-1024x616.jpg\" alt=\"\" class=\"wp-image-8281\"\/><\/figure>\n\n<\/div>\n\n\n  <div class=\"container\">\n    <h2 class=\"text-center\">Nous nous effor\u00e7ons de ne travailler qu\u2019avec les meilleurs.<\/h2>\n    <div class=\"row mb-2\">\n              <div class=\"col-12 col-sm-6 col-lg-3 text-center\">\n                      <a class=\"p-1 d-block\" href=\"http:\/\/www.abmsevaluation.com\/\" target=\"_blank\">\n              <img decoding=\"async\" class=\"img-fluid\" src=\"https:\/\/tramsmgmt.com\/wp-content\/uploads\/2015\/03\/ABMS-logo-290x290.jpg\" alt=\"\">\n                          <\/a>\n                  <\/div>\n              <div class=\"col-12 col-sm-6 col-lg-3 text-center\">\n                      <a class=\"p-1 d-block\" href=\"http:\/\/www.enseigneslandreville.com\" target=\"_blank\">\n              <img decoding=\"async\" class=\"img-fluid\" src=\"https:\/\/tramsmgmt.com\/wp-content\/uploads\/2015\/03\/enseignes-LandrevilleLOGO-2013-290x290.jpg\" alt=\"\">\n                          <\/a>\n                  <\/div>\n              <div class=\"col-12 col-sm-6 col-lg-3 text-center\">\n                      <a class=\"p-1 d-block\" href=\"http:\/\/crownrealestate.ca\/\" target=\"_blank\">\n              <img decoding=\"async\" class=\"img-fluid\" src=\"https:\/\/tramsmgmt.com\/wp-content\/uploads\/2015\/03\/Lequipe-Crown-Logo-290x290.jpg\" alt=\"\">\n                          <\/a>\n                  <\/div>\n              <div class=\"col-12 col-sm-6 col-lg-3 text-center\">\n                      <a class=\"p-1 d-block\" href=\"http:\/\/domfoam.com\/\" target=\"_blank\">\n              <img decoding=\"async\" class=\"img-fluid\" src=\"https:\/\/tramsmgmt.com\/wp-content\/uploads\/2015\/03\/logo_domfoam2_EN-290x290.jpg\" alt=\"\">\n                          <\/a>\n                  <\/div>\n              <div class=\"col-12 col-sm-6 col-lg-3 text-center\">\n                      <a class=\"p-1 d-block\" href=\"http:\/\/www.priorityfire.com\/\" target=\"_blank\">\n              <img decoding=\"async\" class=\"img-fluid\" src=\"https:\/\/tramsmgmt.com\/wp-content\/uploads\/2020\/09\/priority_square-300x300.png\" alt=\"\">\n                          <\/a>\n                  <\/div>\n              <div class=\"col-12 col-sm-6 col-lg-3 text-center\">\n                      <a class=\"p-1 d-block\" href=\"http:\/\/www.robertindustries.com\/\" target=\"_blank\">\n              <img decoding=\"async\" class=\"img-fluid\" src=\"https:\/\/tramsmgmt.com\/wp-content\/uploads\/2015\/03\/Robert-Industries-290x290.png\" alt=\"\">\n                          <\/a>\n                  <\/div>\n              <div class=\"col-12 col-sm-6 col-lg-3 text-center\">\n                      <a class=\"p-1 d-block\" href=\"http:\/\/servicestechniquesds.com\/\" target=\"_blank\">\n              <img decoding=\"async\" class=\"img-fluid\" src=\"https:\/\/tramsmgmt.com\/wp-content\/uploads\/2015\/03\/Service-Techniques-DS-Logo-final-290x290.png\" alt=\"\">\n                          <\/a>\n                  <\/div>\n              <div class=\"col-12 col-sm-6 col-lg-3 text-center\">\n                      <a class=\"p-1 d-block\" href=\"http:\/\/www.cagan.com\/\" target=\"_blank\">\n              <img decoding=\"async\" class=\"img-fluid\" src=\"https:\/\/tramsmgmt.com\/wp-content\/uploads\/2015\/03\/Cagan-logo-290x290.jpg\" alt=\"\">\n                          <\/a>\n                  <\/div>\n              <div class=\"col-12 col-sm-6 col-lg-3 text-center\">\n                      <a class=\"p-1 d-block\" href=\"http:\/\/www.deritec.ca\/\" target=\"_blank\">\n              <img decoding=\"async\" class=\"img-fluid\" src=\"https:\/\/tramsmgmt.com\/wp-content\/uploads\/2015\/03\/Deritec-plunbingt-logo-290x290.jpg\" alt=\"\">\n                          <\/a>\n                  <\/div>\n              <div class=\"col-12 col-sm-6 col-lg-3 text-center\">\n                      <a class=\"p-1 d-block\" href=\"https:\/\/primaassurances.ca\/\" target=\"_blank\">\n              <img decoding=\"async\" class=\"img-fluid\" src=\"https:\/\/tramsmgmt.com\/wp-content\/uploads\/2022\/08\/prima-logo-alt-300x300.png\" alt=\"\">\n                          <\/a>\n                  <\/div>\n              <div class=\"col-12 col-sm-6 col-lg-3 text-center\">\n                      <a class=\"p-1 d-block\" href=\"https:\/\/www.nfp.com\/\" target=\"_blank\">\n              <img decoding=\"async\" class=\"img-fluid\" src=\"https:\/\/tramsmgmt.com\/wp-content\/uploads\/2022\/11\/NFP-logo-artwork-cmyk-full-color-1-300x300.png\" alt=\"\">\n                          <\/a>\n                  <\/div>\n              <div class=\"col-12 col-sm-6 col-lg-3 text-center\">\n                      <a class=\"p-1 d-block\" href=\"https:\/\/www.psbboisjoli.ca\/\" target=\"_blank\">\n              <img decoding=\"async\" class=\"img-fluid\" src=\"https:\/\/tramsmgmt.com\/wp-content\/uploads\/2022\/11\/PSB-BOISJOLI-LOGO-1-300x300.png\" alt=\"\">\n                          <\/a>\n                  <\/div>\n              <div class=\"col-12 col-sm-6 col-lg-3 text-center\">\n                      <div class=\"p-1\">\n              <img decoding=\"async\" class=\"img-fluid\" src=\"https:\/\/tramsmgmt.com\/wp-content\/uploads\/2022\/11\/MSBA-logo-300x300.png\" alt=\"\">\n                          <\/div>\n                  <\/div>\n              <div class=\"col-12 col-sm-6 col-lg-3 text-center\">\n                      <a class=\"p-1 d-block\" href=\"https:\/\/www.laframboise-gutkin.com\/\" target=\"_blank\">\n              <img decoding=\"async\" class=\"img-fluid\" src=\"https:\/\/tramsmgmt.com\/wp-content\/uploads\/2022\/11\/Gutkin-_Vincent_Dumas-Logo-300x223.png\" alt=\"\">\n                          <\/a>\n                  <\/div>\n              <div class=\"col-12 col-sm-6 col-lg-3 text-center\">\n                      <a class=\"p-1 d-block\" href=\"https:\/\/www.groupcna.com\/\" target=\"_blank\">\n              <img decoding=\"async\" class=\"img-fluid\" src=\"https:\/\/tramsmgmt.com\/wp-content\/uploads\/2022\/11\/Controlnet_Allen-Maintenance-logo-300x300.png\" alt=\"\">\n                          <\/a>\n                  <\/div>\n          <\/div>\n  <\/div>\n\n\n  <div class=\"container\">\n    <h2 class=\"text-center\">Partenaires de charit\u00e9<\/h2>\n    <div class=\"row mb-2\">\n              <div class=\"col-12 col-sm-6 col-lg-3 text-center\">\n                      <a class=\"p-1 d-block\" href=\"http:\/\/www.starlightcanada.ca\/\" target=\"_blank\">\n              <img decoding=\"async\" class=\"img-fluid\" src=\"https:\/\/tramsmgmt.com\/wp-content\/uploads\/2015\/04\/Starlight_LOGO_Purple-Bilingual-Transparent-290x290.jpg\" alt=\"\">\n                          <\/a>\n                  <\/div>\n              <div class=\"col-12 col-sm-6 col-lg-3 text-center\">\n                      <a class=\"p-1 d-block\" href=\"http:\/\/www.miriamfoundation.ca\/en\/home.html\" target=\"_blank\">\n              <img decoding=\"async\" class=\"img-fluid\" src=\"https:\/\/tramsmgmt.com\/wp-content\/uploads\/2015\/04\/miriam-290x290.jpg\" alt=\"\">\n                          <\/a>\n                  <\/div>\n              <div class=\"col-12 col-sm-6 col-lg-3 text-center\">\n                      <a class=\"p-1 d-block\" href=\"http:\/\/childrenfoundation.com\/\" target=\"_blank\">\n              <img decoding=\"async\" class=\"img-fluid\" src=\"https:\/\/tramsmgmt.com\/wp-content\/uploads\/2022\/11\/Montreal-Children_s-Hospital-Logo-Fr-1-300x300.png\" alt=\"\">\n                          <\/a>\n                  <\/div>\n              <div class=\"col-12 col-sm-6 col-lg-3 text-center\">\n                      <a class=\"p-1 d-block\" href=\"https:\/\/www.sunyouth.org\/?lang=fr\" target=\"_blank\">\n              <img decoding=\"async\" class=\"img-fluid\" src=\"https:\/\/tramsmgmt.com\/wp-content\/uploads\/2020\/09\/sun-300x300.png\" alt=\"\">\n                          <\/a>\n                  <\/div>\n              <div class=\"col-12 col-sm-6 col-lg-3 text-center\">\n                      <a class=\"p-1 d-block\" href=\"http:\/\/www.yaldei.org\/\" target=\"_blank\">\n              <img decoding=\"async\" class=\"img-fluid\" src=\"https:\/\/tramsmgmt.com\/wp-content\/uploads\/2015\/04\/Yaldei-Logo-290x290.jpg\" alt=\"\">\n                          <\/a>\n                  <\/div>\n              <div class=\"col-12 col-sm-6 col-lg-3 text-center\">\n                      <a class=\"p-1 d-block\" href=\"http:\/\/www.mira.ca\/en\/\" target=\"_blank\">\n              <img decoding=\"async\" class=\"img-fluid\" src=\"https:\/\/tramsmgmt.com\/wp-content\/uploads\/2015\/04\/Logo-MIRA-290x290.jpg\" alt=\"\">\n                          <\/a>\n                  <\/div>\n              <div class=\"col-12 col-sm-6 col-lg-3 text-center\">\n                      <a class=\"p-1 d-block\" href=\"https:\/\/missionbonaccueil.com\/\" target=\"_blank\">\n              <img decoding=\"async\" class=\"img-fluid\" src=\"https:\/\/tramsmgmt.com\/wp-content\/uploads\/2020\/09\/Logo-MBA-300x300-1-300x300.jpg\" alt=\"\">\n                          <\/a>\n                  <\/div>\n              <div class=\"col-12 col-sm-6 col-lg-3 text-center\">\n                      <a class=\"p-1 d-block\" href=\"https:\/\/phare-lighthouse.com\/\" target=\"_blank\">\n              <img decoding=\"async\" class=\"img-fluid\" src=\"https:\/\/tramsmgmt.com\/wp-content\/uploads\/2022\/08\/LePhare_Logo_FINAL_Colour_Horizontal-300x242.png\" alt=\"\">\n                          <\/a>\n                  <\/div>\n              <div class=\"col-12 col-sm-6 col-lg-3 text-center\">\n                      <a class=\"p-1 d-block\" href=\"https:\/\/theseminary.ca\/\" target=\"_blank\">\n              <img decoding=\"async\" class=\"img-fluid\" src=\"https:\/\/tramsmgmt.com\/wp-content\/uploads\/2022\/11\/BEN-WEIDER-EDUCATION-CENTER-Logo-300x203-2-300x300.jpg\" alt=\"\">\n                          <\/a>\n                  <\/div>\n              <div class=\"col-12 col-sm-6 col-lg-3 text-center\">\n                      <a class=\"p-1 d-block\" href=\"https:\/\/www.cercledelamitie.ca\/\" target=\"_blank\">\n              <img decoding=\"async\" class=\"img-fluid\" src=\"https:\/\/tramsmgmt.com\/wp-content\/uploads\/2022\/11\/Friendship-circle-Logo-Fr-1-300x300.png\" alt=\"\">\n                          <\/a>\n                  <\/div>\n              <div class=\"col-12 col-sm-6 col-lg-3 text-center\">\n                      <a class=\"p-1 d-block\" href=\"https:\/\/www.hgj.ca\/\" target=\"_blank\">\n              <img decoding=\"async\" class=\"img-fluid\" src=\"https:\/\/tramsmgmt.com\/wp-content\/uploads\/2022\/11\/JGH-Logo-300x300.png\" alt=\"\">\n                          <\/a>\n                  <\/div>\n              <div class=\"col-12 col-sm-6 col-lg-3 text-center\">\n                      <a class=\"p-1 d-block\" href=\"https:\/\/wiws.ca\/\" target=\"_blank\">\n              <img decoding=\"async\" class=\"img-fluid\" src=\"https:\/\/tramsmgmt.com\/wp-content\/uploads\/2022\/11\/West-Island-Women-Shelter-logo-300x300.gif\" alt=\"\">\n                          <\/a>\n                  <\/div>\n              <div class=\"col-12 col-sm-6 col-lg-3 text-center\">\n                      <a class=\"p-1 d-block\" href=\"https:\/\/www.kaufmanndesuisse.ca\/\" target=\"_blank\">\n              <img decoding=\"async\" class=\"img-fluid\" src=\"https:\/\/tramsmgmt.com\/wp-content\/uploads\/2022\/11\/Kaufmann-de-Suisse-logo-1.png\" alt=\"\">\n                          <\/a>\n                  <\/div>\n              <div class=\"col-12 col-sm-6 col-lg-3 text-center\">\n                      <a class=\"p-1 d-block\" href=\"https:\/\/altergo.ca\/fr\/\" target=\"_blank\">\n              <img decoding=\"async\" class=\"img-fluid\" src=\"https:\/\/tramsmgmt.com\/wp-content\/uploads\/2023\/09\/imageedit_10_7364052726-300x300.jpg\" alt=\"\">\n                          <\/a>\n                  <\/div>\n              <div class=\"col-12 col-sm-6 col-lg-3 text-center\">\n                      <a class=\"p-1 d-block\" href=\"https:\/\/myraskids.ca\/fr\/home\" target=\"_blank\">\n              <img decoding=\"async\" class=\"img-fluid\" src=\"https:\/\/tramsmgmt.com\/wp-content\/uploads\/2025\/09\/imageedit_7_3727370786-300x300.png\" alt=\"\">\n                          <\/a>\n                  <\/div>\n              <div class=\"col-12 col-sm-6 col-lg-3 text-center\">\n                      <a class=\"p-1 d-block\" href=\"https:\/\/lasortie.org\/\" target=\"_blank\">\n              <img decoding=\"async\" class=\"img-fluid\" src=\"https:\/\/tramsmgmt.com\/wp-content\/uploads\/2025\/09\/La-Sortie-logo-300x300.png\" alt=\"\">\n                          <\/a>\n                  <\/div>\n          <\/div>\n  <\/div>\n","protected":false},"excerpt":{"rendered":"","protected":false},"author":1,"featured_media":0,"parent":0,"menu_order":0,"comment_status":"closed","ping_status":"closed","template":"","meta":{"_acf_changed":false,"inline_featured_image":false,"footnotes":""},"class_list":["post-8050","page","type-page","status-publish","hentry"],"acf":[],"yoast_head":"<!-- This site is optimized with the Yoast SEO plugin v27.4 - https:\/\/yoast.com\/product\/yoast-seo-wordpress\/ -->\n<title>Nos Partenaires - Gestion immobili\u00e8re T.R.A.M.S<\/title>\n<meta name=\"description\" content=\"T.R.A.M.S. s&#039;associe \u00e0 des entreprises de classe mondiale pour s&#039;assurer que nos clients obtiennent les meilleurs services.\" \/>\n<meta name=\"robots\" content=\"index, follow, max-snippet:-1, max-image-preview:large, max-video-preview:-1\" \/>\n<link rel=\"canonical\" href=\"https:\/\/tramsmgmt.com\/fr\/nos-partenaires\/\" \/>\n<meta property=\"og:locale\" content=\"fr_FR\" \/>\n<meta property=\"og:type\" content=\"article\" \/>\n<meta property=\"og:title\" content=\"Nos Partenaires - Gestion immobili\u00e8re T.R.A.M.S\" \/>\n<meta property=\"og:description\" content=\"T.R.A.M.S. s&#039;associe \u00e0 des entreprises de classe mondiale pour s&#039;assurer que nos clients obtiennent les meilleurs services.\" \/>\n<meta property=\"og:url\" content=\"https:\/\/tramsmgmt.com\/fr\/nos-partenaires\/\" \/>\n<meta property=\"og:site_name\" content=\"Gestion immobili\u00e8re T.R.A.M.S\" \/>\n<meta property=\"article:modified_time\" content=\"2025-09-04T19:06:57+00:00\" \/>\n<meta property=\"og:image\" content=\"https:\/\/tramsmgmt.com\/wp-content\/uploads\/2020\/02\/iStock-1140524579-e1581526721427.jpg\" \/>\n\t<meta property=\"og:image:width\" content=\"600\" \/>\n\t<meta property=\"og:image:height\" content=\"361\" \/>\n\t<meta property=\"og:image:type\" content=\"image\/jpeg\" \/>\n<meta name=\"twitter:card\" content=\"summary_large_image\" \/>\n<meta name=\"twitter:label1\" content=\"Dur\u00e9e de lecture estim\u00e9e\" \/>\n\t<meta name=\"twitter:data1\" content=\"1 minute\" \/>\n<script type=\"application\/ld+json\" class=\"yoast-schema-graph\">{\"@context\":\"https:\\\/\\\/schema.org\",\"@graph\":[{\"@type\":\"WebPage\",\"@id\":\"https:\\\/\\\/tramsmgmt.com\\\/fr\\\/nos-partenaires\\\/\",\"url\":\"https:\\\/\\\/tramsmgmt.com\\\/fr\\\/nos-partenaires\\\/\",\"name\":\"Nos Partenaires - Gestion immobili\u00e8re T.R.A.M.S\",\"isPartOf\":{\"@id\":\"https:\\\/\\\/tramsmgmt.com\\\/#website\"},\"primaryImageOfPage\":{\"@id\":\"https:\\\/\\\/tramsmgmt.com\\\/fr\\\/nos-partenaires\\\/#primaryimage\"},\"image\":{\"@id\":\"https:\\\/\\\/tramsmgmt.com\\\/fr\\\/nos-partenaires\\\/#primaryimage\"},\"thumbnailUrl\":\"https:\\\/\\\/tramsmgmt.com\\\/wp-content\\\/uploads\\\/2020\\\/02\\\/iStock-1140524579-1024x616.jpg\",\"datePublished\":\"2020-01-21T16:04:06+00:00\",\"dateModified\":\"2025-09-04T19:06:57+00:00\",\"description\":\"T.R.A.M.S. s'associe \u00e0 des entreprises de classe mondiale pour s'assurer que nos clients obtiennent les meilleurs services.\",\"breadcrumb\":{\"@id\":\"https:\\\/\\\/tramsmgmt.com\\\/fr\\\/nos-partenaires\\\/#breadcrumb\"},\"inLanguage\":\"fr-FR\",\"potentialAction\":[{\"@type\":\"ReadAction\",\"target\":[\"https:\\\/\\\/tramsmgmt.com\\\/fr\\\/nos-partenaires\\\/\"]}]},{\"@type\":\"ImageObject\",\"inLanguage\":\"fr-FR\",\"@id\":\"https:\\\/\\\/tramsmgmt.com\\\/fr\\\/nos-partenaires\\\/#primaryimage\",\"url\":\"https:\\\/\\\/tramsmgmt.com\\\/wp-content\\\/uploads\\\/2020\\\/02\\\/iStock-1140524579-1024x616.jpg\",\"contentUrl\":\"https:\\\/\\\/tramsmgmt.com\\\/wp-content\\\/uploads\\\/2020\\\/02\\\/iStock-1140524579-1024x616.jpg\"},{\"@type\":\"BreadcrumbList\",\"@id\":\"https:\\\/\\\/tramsmgmt.com\\\/fr\\\/nos-partenaires\\\/#breadcrumb\",\"itemListElement\":[{\"@type\":\"ListItem\",\"position\":1,\"name\":\"Home\",\"item\":\"https:\\\/\\\/tramsmgmt.com\\\/fr\\\/home\\\/\"},{\"@type\":\"ListItem\",\"position\":2,\"name\":\"Nos Partenaires\"}]},{\"@type\":\"WebSite\",\"@id\":\"https:\\\/\\\/tramsmgmt.com\\\/#website\",\"url\":\"https:\\\/\\\/tramsmgmt.com\\\/\",\"name\":\"Gestion immobili\u00e8re T.R.A.M.S\",\"description\":\"Gestion immobili\u00e8re T.R.A.M.S, r\u00e9solue \u00e0 offrir des services de qualit\u00e9 en m\u00eame temps qu\u2019un excellent rendement aux investisseurs, a pour objectif \u00e0 moyen terme de devenir une des principales soci\u00e9t\u00e9s de services immobiliers ind\u00e9pendants du continent am\u00e9ricain.\",\"potentialAction\":[{\"@type\":\"SearchAction\",\"target\":{\"@type\":\"EntryPoint\",\"urlTemplate\":\"https:\\\/\\\/tramsmgmt.com\\\/?s={search_term_string}\"},\"query-input\":{\"@type\":\"PropertyValueSpecification\",\"valueRequired\":true,\"valueName\":\"search_term_string\"}}],\"inLanguage\":\"fr-FR\"}]}<\/script>\n<!-- \/ Yoast SEO plugin. -->","yoast_head_json":{"title":"Nos Partenaires - Gestion immobili\u00e8re T.R.A.M.S","description":"T.R.A.M.S. s'associe \u00e0 des entreprises de classe mondiale pour s'assurer que nos clients obtiennent les meilleurs services.","robots":{"index":"index","follow":"follow","max-snippet":"max-snippet:-1","max-image-preview":"max-image-preview:large","max-video-preview":"max-video-preview:-1"},"canonical":"https:\/\/tramsmgmt.com\/fr\/nos-partenaires\/","og_locale":"fr_FR","og_type":"article","og_title":"Nos Partenaires - Gestion immobili\u00e8re T.R.A.M.S","og_description":"T.R.A.M.S. s'associe \u00e0 des entreprises de classe mondiale pour s'assurer que nos clients obtiennent les meilleurs services.","og_url":"https:\/\/tramsmgmt.com\/fr\/nos-partenaires\/","og_site_name":"Gestion immobili\u00e8re T.R.A.M.S","article_modified_time":"2025-09-04T19:06:57+00:00","og_image":[{"width":600,"height":361,"url":"https:\/\/tramsmgmt.com\/wp-content\/uploads\/2020\/02\/iStock-1140524579-e1581526721427.jpg","type":"image\/jpeg"}],"twitter_card":"summary_large_image","twitter_misc":{"Dur\u00e9e de lecture estim\u00e9e":"1 minute"},"schema":{"@context":"https:\/\/schema.org","@graph":[{"@type":"WebPage","@id":"https:\/\/tramsmgmt.com\/fr\/nos-partenaires\/","url":"https:\/\/tramsmgmt.com\/fr\/nos-partenaires\/","name":"Nos Partenaires - Gestion immobili\u00e8re T.R.A.M.S","isPartOf":{"@id":"https:\/\/tramsmgmt.com\/#website"},"primaryImageOfPage":{"@id":"https:\/\/tramsmgmt.com\/fr\/nos-partenaires\/#primaryimage"},"image":{"@id":"https:\/\/tramsmgmt.com\/fr\/nos-partenaires\/#primaryimage"},"thumbnailUrl":"https:\/\/tramsmgmt.com\/wp-content\/uploads\/2020\/02\/iStock-1140524579-1024x616.jpg","datePublished":"2020-01-21T16:04:06+00:00","dateModified":"2025-09-04T19:06:57+00:00","description":"T.R.A.M.S. s'associe \u00e0 des entreprises de classe mondiale pour s'assurer que nos clients obtiennent les meilleurs services.","breadcrumb":{"@id":"https:\/\/tramsmgmt.com\/fr\/nos-partenaires\/#breadcrumb"},"inLanguage":"fr-FR","potentialAction":[{"@type":"ReadAction","target":["https:\/\/tramsmgmt.com\/fr\/nos-partenaires\/"]}]},{"@type":"ImageObject","inLanguage":"fr-FR","@id":"https:\/\/tramsmgmt.com\/fr\/nos-partenaires\/#primaryimage","url":"https:\/\/tramsmgmt.com\/wp-content\/uploads\/2020\/02\/iStock-1140524579-1024x616.jpg","contentUrl":"https:\/\/tramsmgmt.com\/wp-content\/uploads\/2020\/02\/iStock-1140524579-1024x616.jpg"},{"@type":"BreadcrumbList","@id":"https:\/\/tramsmgmt.com\/fr\/nos-partenaires\/#breadcrumb","itemListElement":[{"@type":"ListItem","position":1,"name":"Home","item":"https:\/\/tramsmgmt.com\/fr\/home\/"},{"@type":"ListItem","position":2,"name":"Nos Partenaires"}]},{"@type":"WebSite","@id":"https:\/\/tramsmgmt.com\/#website","url":"https:\/\/tramsmgmt.com\/","name":"Gestion immobili\u00e8re T.R.A.M.S","description":"Gestion immobili\u00e8re T.R.A.M.S, r\u00e9solue \u00e0 offrir des services de qualit\u00e9 en m\u00eame temps qu\u2019un excellent rendement aux investisseurs, a pour objectif \u00e0 moyen terme de devenir une des principales soci\u00e9t\u00e9s de services immobiliers ind\u00e9pendants du continent am\u00e9ricain.","potentialAction":[{"@type":"SearchAction","target":{"@type":"EntryPoint","urlTemplate":"https:\/\/tramsmgmt.com\/?s={search_term_string}"},"query-input":{"@type":"PropertyValueSpecification","valueRequired":true,"valueName":"search_term_string"}}],"inLanguage":"fr-FR"}]}},"_links":{"self":[{"href":"https:\/\/tramsmgmt.com\/fr\/wp-json\/wp\/v2\/pages\/8050","targetHints":{"allow":["GET"]}}],"collection":[{"href":"https:\/\/tramsmgmt.com\/fr\/wp-json\/wp\/v2\/pages"}],"about":[{"href":"https:\/\/tramsmgmt.com\/fr\/wp-json\/wp\/v2\/types\/page"}],"author":[{"embeddable":true,"href":"https:\/\/tramsmgmt.com\/fr\/wp-json\/wp\/v2\/users\/1"}],"replies":[{"embeddable":true,"href":"https:\/\/tramsmgmt.com\/fr\/wp-json\/wp\/v2\/comments?post=8050"}],"version-history":[{"count":72,"href":"https:\/\/tramsmgmt.com\/fr\/wp-json\/wp\/v2\/pages\/8050\/revisions"}],"predecessor-version":[{"id":10387,"href":"https:\/\/tramsmgmt.com\/fr\/wp-json\/wp\/v2\/pages\/8050\/revisions\/10387"}],"wp:attachment":[{"href":"https:\/\/tramsmgmt.com\/fr\/wp-json\/wp\/v2\/media?parent=8050"}],"curies":[{"name":"wp","href":"https:\/\/api.w.org\/{rel}","templated":true}]}}