{"id":7984,"date":"2020-01-20T13:10:29","date_gmt":"2020-01-20T18:10:29","guid":{"rendered":"https:\/\/tramsmgmt.com\/residential-properties-for-sale\/"},"modified":"2020-11-11T14:44:25","modified_gmt":"2020-11-11T19:44:25","slug":"residentiel-a-vendre","status":"publish","type":"page","link":"https:\/\/tramsmgmt.com\/fr\/residentiel-a-vendre\/","title":{"rendered":"Biens r\u00e9sidentiels \u00e0 vendre"},"content":{"rendered":"<div class=\"wp-bootstrap-blocks-container container mb-2\">\n\t\n\n<p class=\"has-text-align-center\">Forte de plus de 30 ans d\u2019exp\u00e9rience, Gestion immobili\u00e8re T.R.A.M.S<br>offre des solutions efficaces pour assurer la tranquillit\u00e9 d\u2019esprit \u00e0 ses clients.<\/p>\n\n<\/div>\n\n\n\n\n<div class=\"grid-properties bg-light\">\n  <div class=\"grid-properties bg-light pb-2\">\n    <div class=\"container\">\n      <div class=\"row\">\n        <div class=\"col-12 py-2\">\n                      <h2 class=\"subheading heading-border h3\">\n              <span class=\"pr-2\">Vendus<\/span>\n            <\/h2>\n                  <\/div>\n                   <div class=\"col-sm-6 mb-4 class=\"post-8161 property type-property status-publish has-post-thumbnail hentry property_category-residentiel property_category-projets-passes property_type-vendu\"\">\n  <div class=\"card property-card border-0 w-100\">\n        <div class=\"post-img\">\n              <div class=\"property-card__img bg-cover h-100 d-flex flex-column justify-content-end align-items-start\" style=\"background-image: url(https:\/\/tramsmgmt.com\/wp-content\/uploads\/2020\/01\/Atlantis-870x489.jpg);\">\n                      <span class=\"h5 subheading py-1 px-2 bg-primary text-white mb-0\">Vendu<\/span>\n                  <\/div>\n          <\/div>\n        <div class=\"property-card__content py-2 px-1 px-md-2 px-lg-3\">\n      <h2 class=\"h3 entry-title\">\n                  Atlantis\n              <\/h2>\n\n              <p class=\"address\">\n          18 Lakeshore<br \/>\r\nPoint-Claire, QC\n        <\/p>\n                <\/div>\n  <\/div>\n<\/div>\n                   <div class=\"col-sm-6 mb-4 class=\"post-7860 property type-property status-publish has-post-thumbnail hentry property_category-residentiel property_category-projets-passes property_type-vendu\"\">\n  <div class=\"card property-card border-0 w-100\">\n        <div class=\"post-img\">\n              <div class=\"property-card__img bg-cover h-100 d-flex flex-column justify-content-end align-items-start\" style=\"background-image: url(https:\/\/tramsmgmt.com\/wp-content\/uploads\/2020\/01\/StLaurent_DSC_8180-870x489.jpg);\">\n                      <span class=\"h5 subheading py-1 px-2 bg-primary text-white mb-0\">Vendu<\/span>\n                  <\/div>\n          <\/div>\n        <div class=\"property-card__content py-2 px-1 px-md-2 px-lg-3\">\n      <h2 class=\"h3 entry-title\">\n                  3720-30 St-Laurent Blvd.\n              <\/h2>\n\n              <p class=\"address\">\n          3720-30 St-Laurent boul<br \/>\r\nMontreal QC<br \/>\r\nH2X 2V8\n        <\/p>\n                <\/div>\n  <\/div>\n<\/div>\n                   <div class=\"col-sm-6 mb-4 class=\"post-8178 property type-property status-publish has-post-thumbnail hentry property_category-residentiel property_category-projets-passes property_type-vendu\"\">\n  <div class=\"card property-card border-0 w-100\">\n        <div class=\"post-img\">\n              <div class=\"property-card__img bg-cover h-100 d-flex flex-column justify-content-end align-items-start\" style=\"background-image: url(https:\/\/tramsmgmt.com\/wp-content\/uploads\/2020\/01\/Luxor-870x489.jpg);\">\n                      <span class=\"h5 subheading py-1 px-2 bg-primary text-white mb-0\">Vendu<\/span>\n                  <\/div>\n          <\/div>\n        <div class=\"property-card__content py-2 px-1 px-md-2 px-lg-3\">\n      <h2 class=\"h3 entry-title\">\n                  Le Luxor\n              <\/h2>\n\n              <p class=\"address\">\n          6803 Abraham de Sola Street<br \/>\r\nC\u00f4te Saint-Luc, QC\n        <\/p>\n                <\/div>\n  <\/div>\n<\/div>\n              <\/div>\n    <\/div>\n  <\/div>\n<\/div>\n\n\n\n<p><\/p>\n","protected":false},"excerpt":{"rendered":"","protected":false},"author":1,"featured_media":0,"parent":0,"menu_order":0,"comment_status":"closed","ping_status":"closed","template":"","meta":{"_acf_changed":false,"inline_featured_image":false,"footnotes":""},"class_list":["post-7984","page","type-page","status-publish","hentry"],"acf":[],"yoast_head":"<!-- This site is optimized with the Yoast SEO plugin v27.2 - https:\/\/yoast.com\/product\/yoast-seo-wordpress\/ -->\n<title>Biens r\u00e9sidentiels \u00e0 vendre - Gestion immobili\u00e8re T.R.A.M.S<\/title>\n<meta name=\"description\" content=\"Voir la liste compl\u00e8te des propri\u00e9t\u00e9s r\u00e9sidentielles T.R.A.M.S. \u00e0 vendre. Trouvez des immeubles de grande valeur dans des lieux exceptionnels!\" \/>\n<meta name=\"robots\" content=\"index, follow, max-snippet:-1, max-image-preview:large, max-video-preview:-1\" \/>\n<link rel=\"canonical\" href=\"https:\/\/tramsmgmt.com\/fr\/residentiel-a-vendre\/\" \/>\n<meta property=\"og:locale\" content=\"fr_FR\" \/>\n<meta property=\"og:type\" content=\"article\" \/>\n<meta property=\"og:title\" content=\"Biens r\u00e9sidentiels \u00e0 vendre - Gestion immobili\u00e8re T.R.A.M.S\" \/>\n<meta property=\"og:description\" content=\"Voir la liste compl\u00e8te des propri\u00e9t\u00e9s r\u00e9sidentielles T.R.A.M.S. \u00e0 vendre. Trouvez des immeubles de grande valeur dans des lieux exceptionnels!\" \/>\n<meta property=\"og:url\" content=\"https:\/\/tramsmgmt.com\/fr\/residentiel-a-vendre\/\" \/>\n<meta property=\"og:site_name\" content=\"Gestion immobili\u00e8re T.R.A.M.S\" \/>\n<meta property=\"article:modified_time\" content=\"2020-11-11T19:44:25+00:00\" \/>\n<meta name=\"twitter:card\" content=\"summary_large_image\" \/>\n<script type=\"application\/ld+json\" class=\"yoast-schema-graph\">{\"@context\":\"https:\/\/schema.org\",\"@graph\":[{\"@type\":\"WebPage\",\"@id\":\"https:\/\/tramsmgmt.com\/fr\/residentiel-a-vendre\/\",\"url\":\"https:\/\/tramsmgmt.com\/fr\/residentiel-a-vendre\/\",\"name\":\"Biens r\u00e9sidentiels \u00e0 vendre - Gestion immobili\u00e8re T.R.A.M.S\",\"isPartOf\":{\"@id\":\"https:\/\/tramsmgmt.com\/#website\"},\"datePublished\":\"2020-01-20T18:10:29+00:00\",\"dateModified\":\"2020-11-11T19:44:25+00:00\",\"description\":\"Voir la liste compl\u00e8te des propri\u00e9t\u00e9s r\u00e9sidentielles T.R.A.M.S. \u00e0 vendre. Trouvez des immeubles de grande valeur dans des lieux exceptionnels!\",\"breadcrumb\":{\"@id\":\"https:\/\/tramsmgmt.com\/fr\/residentiel-a-vendre\/#breadcrumb\"},\"inLanguage\":\"fr-FR\",\"potentialAction\":[{\"@type\":\"ReadAction\",\"target\":[\"https:\/\/tramsmgmt.com\/fr\/residentiel-a-vendre\/\"]}]},{\"@type\":\"BreadcrumbList\",\"@id\":\"https:\/\/tramsmgmt.com\/fr\/residentiel-a-vendre\/#breadcrumb\",\"itemListElement\":[{\"@type\":\"ListItem\",\"position\":1,\"name\":\"Home\",\"item\":\"https:\/\/tramsmgmt.com\/fr\/home\/\"},{\"@type\":\"ListItem\",\"position\":2,\"name\":\"Biens r\u00e9sidentiels \u00e0 vendre\"}]},{\"@type\":\"WebSite\",\"@id\":\"https:\/\/tramsmgmt.com\/#website\",\"url\":\"https:\/\/tramsmgmt.com\/\",\"name\":\"Gestion immobili\u00e8re T.R.A.M.S\",\"description\":\"Gestion immobili\u00e8re T.R.A.M.S, r\u00e9solue \u00e0 offrir des services de qualit\u00e9 en m\u00eame temps qu\u2019un excellent rendement aux investisseurs, a pour objectif \u00e0 moyen terme de devenir une des principales soci\u00e9t\u00e9s de services immobiliers ind\u00e9pendants du continent am\u00e9ricain.\",\"potentialAction\":[{\"@type\":\"SearchAction\",\"target\":{\"@type\":\"EntryPoint\",\"urlTemplate\":\"https:\/\/tramsmgmt.com\/?s={search_term_string}\"},\"query-input\":{\"@type\":\"PropertyValueSpecification\",\"valueRequired\":true,\"valueName\":\"search_term_string\"}}],\"inLanguage\":\"fr-FR\"}]}<\/script>\n<!-- \/ Yoast SEO plugin. -->","yoast_head_json":{"title":"Biens r\u00e9sidentiels \u00e0 vendre - Gestion immobili\u00e8re T.R.A.M.S","description":"Voir la liste compl\u00e8te des propri\u00e9t\u00e9s r\u00e9sidentielles T.R.A.M.S. \u00e0 vendre. Trouvez des immeubles de grande valeur dans des lieux exceptionnels!","robots":{"index":"index","follow":"follow","max-snippet":"max-snippet:-1","max-image-preview":"max-image-preview:large","max-video-preview":"max-video-preview:-1"},"canonical":"https:\/\/tramsmgmt.com\/fr\/residentiel-a-vendre\/","og_locale":"fr_FR","og_type":"article","og_title":"Biens r\u00e9sidentiels \u00e0 vendre - Gestion immobili\u00e8re T.R.A.M.S","og_description":"Voir la liste compl\u00e8te des propri\u00e9t\u00e9s r\u00e9sidentielles T.R.A.M.S. \u00e0 vendre. Trouvez des immeubles de grande valeur dans des lieux exceptionnels!","og_url":"https:\/\/tramsmgmt.com\/fr\/residentiel-a-vendre\/","og_site_name":"Gestion immobili\u00e8re T.R.A.M.S","article_modified_time":"2020-11-11T19:44:25+00:00","twitter_card":"summary_large_image","schema":{"@context":"https:\/\/schema.org","@graph":[{"@type":"WebPage","@id":"https:\/\/tramsmgmt.com\/fr\/residentiel-a-vendre\/","url":"https:\/\/tramsmgmt.com\/fr\/residentiel-a-vendre\/","name":"Biens r\u00e9sidentiels \u00e0 vendre - Gestion immobili\u00e8re T.R.A.M.S","isPartOf":{"@id":"https:\/\/tramsmgmt.com\/#website"},"datePublished":"2020-01-20T18:10:29+00:00","dateModified":"2020-11-11T19:44:25+00:00","description":"Voir la liste compl\u00e8te des propri\u00e9t\u00e9s r\u00e9sidentielles T.R.A.M.S. \u00e0 vendre. Trouvez des immeubles de grande valeur dans des lieux exceptionnels!","breadcrumb":{"@id":"https:\/\/tramsmgmt.com\/fr\/residentiel-a-vendre\/#breadcrumb"},"inLanguage":"fr-FR","potentialAction":[{"@type":"ReadAction","target":["https:\/\/tramsmgmt.com\/fr\/residentiel-a-vendre\/"]}]},{"@type":"BreadcrumbList","@id":"https:\/\/tramsmgmt.com\/fr\/residentiel-a-vendre\/#breadcrumb","itemListElement":[{"@type":"ListItem","position":1,"name":"Home","item":"https:\/\/tramsmgmt.com\/fr\/home\/"},{"@type":"ListItem","position":2,"name":"Biens r\u00e9sidentiels \u00e0 vendre"}]},{"@type":"WebSite","@id":"https:\/\/tramsmgmt.com\/#website","url":"https:\/\/tramsmgmt.com\/","name":"Gestion immobili\u00e8re T.R.A.M.S","description":"Gestion immobili\u00e8re T.R.A.M.S, r\u00e9solue \u00e0 offrir des services de qualit\u00e9 en m\u00eame temps qu\u2019un excellent rendement aux investisseurs, a pour objectif \u00e0 moyen terme de devenir une des principales soci\u00e9t\u00e9s de services immobiliers ind\u00e9pendants du continent am\u00e9ricain.","potentialAction":[{"@type":"SearchAction","target":{"@type":"EntryPoint","urlTemplate":"https:\/\/tramsmgmt.com\/?s={search_term_string}"},"query-input":{"@type":"PropertyValueSpecification","valueRequired":true,"valueName":"search_term_string"}}],"inLanguage":"fr-FR"}]}},"_links":{"self":[{"href":"https:\/\/tramsmgmt.com\/fr\/wp-json\/wp\/v2\/pages\/7984","targetHints":{"allow":["GET"]}}],"collection":[{"href":"https:\/\/tramsmgmt.com\/fr\/wp-json\/wp\/v2\/pages"}],"about":[{"href":"https:\/\/tramsmgmt.com\/fr\/wp-json\/wp\/v2\/types\/page"}],"author":[{"embeddable":true,"href":"https:\/\/tramsmgmt.com\/fr\/wp-json\/wp\/v2\/users\/1"}],"replies":[{"embeddable":true,"href":"https:\/\/tramsmgmt.com\/fr\/wp-json\/wp\/v2\/comments?post=7984"}],"version-history":[{"count":10,"href":"https:\/\/tramsmgmt.com\/fr\/wp-json\/wp\/v2\/pages\/7984\/revisions"}],"predecessor-version":[{"id":8832,"href":"https:\/\/tramsmgmt.com\/fr\/wp-json\/wp\/v2\/pages\/7984\/revisions\/8832"}],"wp:attachment":[{"href":"https:\/\/tramsmgmt.com\/fr\/wp-json\/wp\/v2\/media?parent=7984"}],"curies":[{"name":"wp","href":"https:\/\/api.w.org\/{rel}","templated":true}]}}