{"id":7964,"date":"2020-01-21T09:47:04","date_gmt":"2020-01-21T14:47:04","guid":{"rendered":"https:\/\/tramsmgmt.com\/commercial-properties\/"},"modified":"2022-10-24T12:35:36","modified_gmt":"2022-10-24T16:35:36","slug":"biens-commerciaux","status":"publish","type":"page","link":"https:\/\/tramsmgmt.com\/fr\/biens-commerciaux\/","title":{"rendered":"Espace commercial \u00e0 louer"},"content":{"rendered":"\n<div class=\"container pb-2\">\n<div class=\"row justify-content-center\">\n<div class=\"col-md-8 col-lg-6\">\n<p class=\"text-center\">Forte de plus de 30 ans d\u2019exp\u00e9rience, Gestion immobili\u00e8re T.R.A.M.S offre des solutions efficaces pour assurer la tranquillit\u00e9 d\u2019esprit \u00e0 ses clients.<\/p>\n<\/div>\n<\/div>\n<\/div>\n\n\n<div class=\"grid-properties bg-light\">\n  <div class=\"grid-properties bg-light pb-2\">\n    <div class=\"container\">\n      <div class=\"row\">\n        <div class=\"col-12 py-2\">\n                  <\/div>\n                   <div class=\"col-sm-6 mb-4 class=\"post-10465 property type-property status-publish has-post-thumbnail hentry property_category-commercial-fr property_type-a-louer\"\">\n  <div class=\"card property-card border-0 w-100\">\n        <div class=\"post-img\">\n              <a href=\"https:\/\/tramsmgmt.com\/fr\/property\/3400-rue-du-marche\/\" class=\"w-100\">\n          <div class=\"property-card__img bg-cover h-100\" style=\"background-image: url(https:\/\/tramsmgmt.com\/wp-content\/uploads\/2025\/10\/DSC_3907_W-870x489.jpg);\"><\/div>\n        <\/a>\n          <\/div>\n        <div class=\"property-card__content py-2 px-1 px-md-2 px-lg-3\">\n      <h2 class=\"h3 entry-title\">\n                  <a href=\"https:\/\/tramsmgmt.com\/fr\/property\/3400-rue-du-marche\/\">\n            3400 Rue du March\u00e9\n          <\/a>\n              <\/h2>\n\n              <p class=\"address\">\n          3400 Rue du March\u00e9<br \/>\r\nDollard-Des Ormeaux, QC<br \/>\r\nH9B 2Y\n        <\/p>\n                    <a href=\"https:\/\/tramsmgmt.com\/fr\/property\/3400-rue-du-marche\/\" class=\"h6 font-weight-bolder\">\n          D\u00e9tails\n        <\/a>\n          <\/div>\n  <\/div>\n<\/div>\n                   <div class=\"col-sm-6 mb-4 class=\"post-8240 property type-property status-publish has-post-thumbnail hentry property_category-commercial-fr property_type-a-louer\"\">\n  <div class=\"card property-card border-0 w-100\">\n        <div class=\"post-img\">\n              <a href=\"https:\/\/tramsmgmt.com\/fr\/property\/domfoam\/\" class=\"w-100\">\n          <div class=\"property-card__img bg-cover h-100\" style=\"background-image: url(https:\/\/tramsmgmt.com\/wp-content\/uploads\/2022\/02\/Domfoam-new-building-sign-for-web-870x489.jpg);\"><\/div>\n        <\/a>\n          <\/div>\n        <div class=\"property-card__content py-2 px-1 px-md-2 px-lg-3\">\n      <h2 class=\"h3 entry-title\">\n                  <a href=\"https:\/\/tramsmgmt.com\/fr\/property\/domfoam\/\">\n            8785 boul. Langelier\n          <\/a>\n              <\/h2>\n\n              <p class=\"address\">\n          8785 boul. Langelier<br \/>\r\nSt-L\u00e9onard, QC<br \/>\r\nH1P 2C9\n        <\/p>\n                    <a href=\"https:\/\/tramsmgmt.com\/fr\/property\/domfoam\/\" class=\"h6 font-weight-bolder\">\n          D\u00e9tails\n        <\/a>\n          <\/div>\n  <\/div>\n<\/div>\n                   <div class=\"col-sm-6 mb-4 class=\"post-8238 property type-property status-publish has-post-thumbnail hentry property_category-commercial-fr property_type-a-louer\"\">\n  <div class=\"card property-card border-0 w-100\">\n        <div class=\"post-img\">\n              <a href=\"https:\/\/tramsmgmt.com\/fr\/property\/6655-bombardier-street\/\" class=\"w-100\">\n          <div class=\"property-card__img bg-cover h-100\" style=\"background-image: url(https:\/\/tramsmgmt.com\/wp-content\/uploads\/2020\/01\/6655-Bombardier-Sign_Done_Web-870x489.jpg);\"><\/div>\n        <\/a>\n          <\/div>\n        <div class=\"property-card__content py-2 px-1 px-md-2 px-lg-3\">\n      <h2 class=\"h3 entry-title\">\n                  <a href=\"https:\/\/tramsmgmt.com\/fr\/property\/6655-bombardier-street\/\">\n            6655 Rue Bombardier\n          <\/a>\n              <\/h2>\n\n              <p class=\"address\">\n          6655 Rue Bombardier<br \/>\r\nMontreal, QC<br \/>\r\nH1P 2W2\n        <\/p>\n                    <a href=\"https:\/\/tramsmgmt.com\/fr\/property\/6655-bombardier-street\/\" class=\"h6 font-weight-bolder\">\n          D\u00e9tails\n        <\/a>\n          <\/div>\n  <\/div>\n<\/div>\n                   <div class=\"col-sm-6 mb-4 class=\"post-7882 property type-property status-publish has-post-thumbnail hentry property_category-commercial-fr property_type-a-louer\"\">\n  <div class=\"card property-card border-0 w-100\">\n        <div class=\"post-img\">\n              <a href=\"https:\/\/tramsmgmt.com\/fr\/property\/5501-boul-henri-bourassa-east\/\" class=\"w-100\">\n          <div class=\"property-card__img bg-cover h-100\" style=\"background-image: url(https:\/\/tramsmgmt.com\/wp-content\/uploads\/2020\/01\/5501-Henri-Bourassa-870x489.jpg);\"><\/div>\n        <\/a>\n          <\/div>\n        <div class=\"property-card__content py-2 px-1 px-md-2 px-lg-3\">\n      <h2 class=\"h3 entry-title\">\n                  <a href=\"https:\/\/tramsmgmt.com\/fr\/property\/5501-boul-henri-bourassa-east\/\">\n            5501 boul. Henri Bourassa East\n          <\/a>\n              <\/h2>\n\n              <p class=\"address\">\n          5501 boul. Henri Bourassa<br \/>\r\nMontreal, QC<br \/>\r\nH1B 4A2\n        <\/p>\n                    <a href=\"https:\/\/tramsmgmt.com\/fr\/property\/5501-boul-henri-bourassa-east\/\" class=\"h6 font-weight-bolder\">\n          D\u00e9tails\n        <\/a>\n          <\/div>\n  <\/div>\n<\/div>\n                   <div class=\"col-sm-6 mb-4 class=\"post-7887 property type-property status-publish has-post-thumbnail hentry property_category-commercial-fr property_type-a-louer\"\">\n  <div class=\"card property-card border-0 w-100\">\n        <div class=\"post-img\">\n              <a href=\"https:\/\/tramsmgmt.com\/fr\/property\/9075-95-lajeunesse\/\" class=\"w-100\">\n          <div class=\"property-card__img bg-cover h-100\" style=\"background-image: url(https:\/\/tramsmgmt.com\/wp-content\/uploads\/2020\/01\/9075-lajeunesse-122020_3_W-870x489.jpg);\"><\/div>\n        <\/a>\n          <\/div>\n        <div class=\"property-card__content py-2 px-1 px-md-2 px-lg-3\">\n      <h2 class=\"h3 entry-title\">\n                  <a href=\"https:\/\/tramsmgmt.com\/fr\/property\/9075-95-lajeunesse\/\">\n            9075-95 Lajeunesse\n          <\/a>\n              <\/h2>\n\n              <p class=\"address\">\n          9075-95 Lajeunesse<br \/>\r\nMontreal, QC<br \/>\r\nH2M 1S1\n        <\/p>\n                    <a href=\"https:\/\/tramsmgmt.com\/fr\/property\/9075-95-lajeunesse\/\" class=\"h6 font-weight-bolder\">\n          D\u00e9tails\n        <\/a>\n          <\/div>\n  <\/div>\n<\/div>\n                   <div class=\"col-sm-6 mb-4 class=\"post-7889 property type-property status-publish has-post-thumbnail hentry property_category-commercial-fr property_type-a-louer\"\">\n  <div class=\"card property-card border-0 w-100\">\n        <div class=\"post-img\">\n              <a href=\"https:\/\/tramsmgmt.com\/fr\/property\/865-decarie-blvd\/\" class=\"w-100\">\n          <div class=\"property-card__img bg-cover h-100\" style=\"background-image: url(https:\/\/tramsmgmt.com\/wp-content\/uploads\/2020\/01\/865-Decarie-11172020-870x489.jpg);\"><\/div>\n        <\/a>\n          <\/div>\n        <div class=\"property-card__content py-2 px-1 px-md-2 px-lg-3\">\n      <h2 class=\"h3 entry-title\">\n                  <a href=\"https:\/\/tramsmgmt.com\/fr\/property\/865-decarie-blvd\/\">\n            865 Decarie Blvd.\n          <\/a>\n              <\/h2>\n\n              <p class=\"address\">\n          865 Decarie Blvd.<br \/>\r\nMontreal, QC<br \/>\r\nH4L 3M2\n        <\/p>\n                    <a href=\"https:\/\/tramsmgmt.com\/fr\/property\/865-decarie-blvd\/\" class=\"h6 font-weight-bolder\">\n          D\u00e9tails\n        <\/a>\n          <\/div>\n  <\/div>\n<\/div>\n                   <div class=\"col-sm-6 mb-4 class=\"post-7894 property type-property status-publish has-post-thumbnail hentry property_category-commercial-fr property_type-a-louer\"\">\n  <div class=\"card property-card border-0 w-100\">\n        <div class=\"post-img\">\n              <a href=\"https:\/\/tramsmgmt.com\/fr\/property\/5151-de-la-savane\/\" class=\"w-100\">\n          <div class=\"property-card__img bg-cover h-100\" style=\"background-image: url(https:\/\/tramsmgmt.com\/wp-content\/uploads\/2019\/12\/5151-De-la-Savane-122020_W-870x489.jpg);\"><\/div>\n        <\/a>\n          <\/div>\n        <div class=\"property-card__content py-2 px-1 px-md-2 px-lg-3\">\n      <h2 class=\"h3 entry-title\">\n                  <a href=\"https:\/\/tramsmgmt.com\/fr\/property\/5151-de-la-savane\/\">\n            5151 Rue de la Savane\n          <\/a>\n              <\/h2>\n\n              <p class=\"address\">\n          5151 Rue de la Savane<br \/>\r\nMontreal, QC<br \/>\r\nH4P 1V1\n        <\/p>\n                    <a href=\"https:\/\/tramsmgmt.com\/fr\/property\/5151-de-la-savane\/\" class=\"h6 font-weight-bolder\">\n          D\u00e9tails\n        <\/a>\n          <\/div>\n  <\/div>\n<\/div>\n              <\/div>\n    <\/div>\n  <\/div>\n<\/div>\n\n\n","protected":false},"excerpt":{"rendered":"<p>Forte de plus de 30 ans d\u2019exp\u00e9rience, Gestion immobili\u00e8re T.R.A.M.S offre des solutions efficaces pour assurer la tranquillit\u00e9 d\u2019esprit \u00e0 ses clients.<\/p>\n","protected":false},"author":1,"featured_media":0,"parent":0,"menu_order":0,"comment_status":"closed","ping_status":"closed","template":"","meta":{"_acf_changed":false,"inline_featured_image":false,"footnotes":""},"class_list":["post-7964","page","type-page","status-publish","hentry"],"acf":[],"yoast_head":"<!-- This site is optimized with the Yoast SEO plugin v27.2 - https:\/\/yoast.com\/product\/yoast-seo-wordpress\/ -->\n<title>Espace commercial \u00e0 louer - Gestion immobili\u00e8re T.R.A.M.S<\/title>\n<meta name=\"description\" content=\"Les locales commerciales g\u00e9r\u00e9es par T.R.A.M.S. dans la r\u00e9gion de Montr\u00e9al et ailleurs sont bien situ\u00e9es pour offrir une superbe valeur.\" \/>\n<meta name=\"robots\" content=\"index, follow, max-snippet:-1, max-image-preview:large, max-video-preview:-1\" \/>\n<link rel=\"canonical\" href=\"https:\/\/tramsmgmt.com\/fr\/biens-commerciaux\/\" \/>\n<meta property=\"og:locale\" content=\"fr_FR\" \/>\n<meta property=\"og:type\" content=\"article\" \/>\n<meta property=\"og:title\" content=\"Espace commercial \u00e0 louer - Gestion immobili\u00e8re T.R.A.M.S\" \/>\n<meta property=\"og:description\" content=\"Les locales commerciales g\u00e9r\u00e9es par T.R.A.M.S. dans la r\u00e9gion de Montr\u00e9al et ailleurs sont bien situ\u00e9es pour offrir une superbe valeur.\" \/>\n<meta property=\"og:url\" content=\"https:\/\/tramsmgmt.com\/fr\/biens-commerciaux\/\" \/>\n<meta property=\"og:site_name\" content=\"Gestion immobili\u00e8re T.R.A.M.S\" \/>\n<meta property=\"article:modified_time\" content=\"2022-10-24T16:35:36+00:00\" \/>\n<meta name=\"twitter:card\" content=\"summary_large_image\" \/>\n<meta name=\"twitter:label1\" content=\"Dur\u00e9e de lecture estim\u00e9e\" \/>\n\t<meta name=\"twitter:data1\" content=\"1 minute\" \/>\n<script type=\"application\/ld+json\" class=\"yoast-schema-graph\">{\"@context\":\"https:\/\/schema.org\",\"@graph\":[{\"@type\":\"WebPage\",\"@id\":\"https:\/\/tramsmgmt.com\/fr\/biens-commerciaux\/\",\"url\":\"https:\/\/tramsmgmt.com\/fr\/biens-commerciaux\/\",\"name\":\"Espace commercial \u00e0 louer - Gestion immobili\u00e8re T.R.A.M.S\",\"isPartOf\":{\"@id\":\"https:\/\/tramsmgmt.com\/#website\"},\"datePublished\":\"2020-01-21T14:47:04+00:00\",\"dateModified\":\"2022-10-24T16:35:36+00:00\",\"description\":\"Les locales commerciales g\u00e9r\u00e9es par T.R.A.M.S. dans la r\u00e9gion de Montr\u00e9al et ailleurs sont bien situ\u00e9es pour offrir une superbe valeur.\",\"breadcrumb\":{\"@id\":\"https:\/\/tramsmgmt.com\/fr\/biens-commerciaux\/#breadcrumb\"},\"inLanguage\":\"fr-FR\",\"potentialAction\":[{\"@type\":\"ReadAction\",\"target\":[\"https:\/\/tramsmgmt.com\/fr\/biens-commerciaux\/\"]}]},{\"@type\":\"BreadcrumbList\",\"@id\":\"https:\/\/tramsmgmt.com\/fr\/biens-commerciaux\/#breadcrumb\",\"itemListElement\":[{\"@type\":\"ListItem\",\"position\":1,\"name\":\"Home\",\"item\":\"https:\/\/tramsmgmt.com\/fr\/home\/\"},{\"@type\":\"ListItem\",\"position\":2,\"name\":\"Espace commercial \u00e0 louer\"}]},{\"@type\":\"WebSite\",\"@id\":\"https:\/\/tramsmgmt.com\/#website\",\"url\":\"https:\/\/tramsmgmt.com\/\",\"name\":\"Gestion immobili\u00e8re T.R.A.M.S\",\"description\":\"Gestion immobili\u00e8re T.R.A.M.S, r\u00e9solue \u00e0 offrir des services de qualit\u00e9 en m\u00eame temps qu\u2019un excellent rendement aux investisseurs, a pour objectif \u00e0 moyen terme de devenir une des principales soci\u00e9t\u00e9s de services immobiliers ind\u00e9pendants du continent am\u00e9ricain.\",\"potentialAction\":[{\"@type\":\"SearchAction\",\"target\":{\"@type\":\"EntryPoint\",\"urlTemplate\":\"https:\/\/tramsmgmt.com\/?s={search_term_string}\"},\"query-input\":{\"@type\":\"PropertyValueSpecification\",\"valueRequired\":true,\"valueName\":\"search_term_string\"}}],\"inLanguage\":\"fr-FR\"}]}<\/script>\n<!-- \/ Yoast SEO plugin. -->","yoast_head_json":{"title":"Espace commercial \u00e0 louer - Gestion immobili\u00e8re T.R.A.M.S","description":"Les locales commerciales g\u00e9r\u00e9es par T.R.A.M.S. dans la r\u00e9gion de Montr\u00e9al et ailleurs sont bien situ\u00e9es pour offrir une superbe valeur.","robots":{"index":"index","follow":"follow","max-snippet":"max-snippet:-1","max-image-preview":"max-image-preview:large","max-video-preview":"max-video-preview:-1"},"canonical":"https:\/\/tramsmgmt.com\/fr\/biens-commerciaux\/","og_locale":"fr_FR","og_type":"article","og_title":"Espace commercial \u00e0 louer - Gestion immobili\u00e8re T.R.A.M.S","og_description":"Les locales commerciales g\u00e9r\u00e9es par T.R.A.M.S. dans la r\u00e9gion de Montr\u00e9al et ailleurs sont bien situ\u00e9es pour offrir une superbe valeur.","og_url":"https:\/\/tramsmgmt.com\/fr\/biens-commerciaux\/","og_site_name":"Gestion immobili\u00e8re T.R.A.M.S","article_modified_time":"2022-10-24T16:35:36+00:00","twitter_card":"summary_large_image","twitter_misc":{"Dur\u00e9e de lecture estim\u00e9e":"1 minute"},"schema":{"@context":"https:\/\/schema.org","@graph":[{"@type":"WebPage","@id":"https:\/\/tramsmgmt.com\/fr\/biens-commerciaux\/","url":"https:\/\/tramsmgmt.com\/fr\/biens-commerciaux\/","name":"Espace commercial \u00e0 louer - Gestion immobili\u00e8re T.R.A.M.S","isPartOf":{"@id":"https:\/\/tramsmgmt.com\/#website"},"datePublished":"2020-01-21T14:47:04+00:00","dateModified":"2022-10-24T16:35:36+00:00","description":"Les locales commerciales g\u00e9r\u00e9es par T.R.A.M.S. dans la r\u00e9gion de Montr\u00e9al et ailleurs sont bien situ\u00e9es pour offrir une superbe valeur.","breadcrumb":{"@id":"https:\/\/tramsmgmt.com\/fr\/biens-commerciaux\/#breadcrumb"},"inLanguage":"fr-FR","potentialAction":[{"@type":"ReadAction","target":["https:\/\/tramsmgmt.com\/fr\/biens-commerciaux\/"]}]},{"@type":"BreadcrumbList","@id":"https:\/\/tramsmgmt.com\/fr\/biens-commerciaux\/#breadcrumb","itemListElement":[{"@type":"ListItem","position":1,"name":"Home","item":"https:\/\/tramsmgmt.com\/fr\/home\/"},{"@type":"ListItem","position":2,"name":"Espace commercial \u00e0 louer"}]},{"@type":"WebSite","@id":"https:\/\/tramsmgmt.com\/#website","url":"https:\/\/tramsmgmt.com\/","name":"Gestion immobili\u00e8re T.R.A.M.S","description":"Gestion immobili\u00e8re T.R.A.M.S, r\u00e9solue \u00e0 offrir des services de qualit\u00e9 en m\u00eame temps qu\u2019un excellent rendement aux investisseurs, a pour objectif \u00e0 moyen terme de devenir une des principales soci\u00e9t\u00e9s de services immobiliers ind\u00e9pendants du continent am\u00e9ricain.","potentialAction":[{"@type":"SearchAction","target":{"@type":"EntryPoint","urlTemplate":"https:\/\/tramsmgmt.com\/?s={search_term_string}"},"query-input":{"@type":"PropertyValueSpecification","valueRequired":true,"valueName":"search_term_string"}}],"inLanguage":"fr-FR"}]}},"_links":{"self":[{"href":"https:\/\/tramsmgmt.com\/fr\/wp-json\/wp\/v2\/pages\/7964","targetHints":{"allow":["GET"]}}],"collection":[{"href":"https:\/\/tramsmgmt.com\/fr\/wp-json\/wp\/v2\/pages"}],"about":[{"href":"https:\/\/tramsmgmt.com\/fr\/wp-json\/wp\/v2\/types\/page"}],"author":[{"embeddable":true,"href":"https:\/\/tramsmgmt.com\/fr\/wp-json\/wp\/v2\/users\/1"}],"replies":[{"embeddable":true,"href":"https:\/\/tramsmgmt.com\/fr\/wp-json\/wp\/v2\/comments?post=7964"}],"version-history":[{"count":19,"href":"https:\/\/tramsmgmt.com\/fr\/wp-json\/wp\/v2\/pages\/7964\/revisions"}],"predecessor-version":[{"id":9924,"href":"https:\/\/tramsmgmt.com\/fr\/wp-json\/wp\/v2\/pages\/7964\/revisions\/9924"}],"wp:attachment":[{"href":"https:\/\/tramsmgmt.com\/fr\/wp-json\/wp\/v2\/media?parent=7964"}],"curies":[{"name":"wp","href":"https:\/\/api.w.org\/{rel}","templated":true}]}}