{"id":7954,"date":"2020-01-08T11:23:46","date_gmt":"2020-01-08T16:23:46","guid":{"rendered":"https:\/\/tramsmgmt.com\/residential-properties-for-rent\/"},"modified":"2022-10-24T12:35:49","modified_gmt":"2022-10-24T16:35:49","slug":"residentiel-a-louer","status":"publish","type":"page","link":"https:\/\/tramsmgmt.com\/fr\/residentiel-a-louer\/","title":{"rendered":"R\u00e9sidentiel \u00e0 louer"},"content":{"rendered":"<div class=\"wp-bootstrap-blocks-container container mb-2\">\n\t\n\n<p class=\"text-center lead font-italic pb-2\">Nous veillons \u00e0 ce que tous nos immeubles soient toujours bien tenus,<br>afin d\u2019assurer le bien-\u00eatre \u00e0 nos clients.<\/p>\n\n<\/div>\n\n\n<div class=\"grid-properties bg-light\">\n  <div class=\"grid-properties bg-light pb-2\">\n    <div class=\"container\">\n      <div class=\"row\">\n        <div class=\"col-12 py-2\">\n                  <\/div>\n                   <div class=\"col-sm-6 mb-4 class=\"post-10167 property type-property status-publish has-post-thumbnail hentry property_category-residentiel property_type-a-louer\"\">\n  <div class=\"card property-card border-0 w-100\">\n        <div class=\"post-img\">\n              <a href=\"https:\/\/tramsmgmt.com\/fr\/property\/miami-airport-villas\/\" class=\"w-100\">\n          <div class=\"property-card__img bg-cover h-100\" style=\"background-image: url(https:\/\/tramsmgmt.com\/wp-content\/uploads\/2023\/07\/1-Airport-Villas-OMr-1-6-870x489.jpg);\"><\/div>\n        <\/a>\n          <\/div>\n        <div class=\"property-card__content py-2 px-1 px-md-2 px-lg-3\">\n      <h2 class=\"h3 entry-title\">\n                  <a href=\"https:\/\/tramsmgmt.com\/fr\/property\/miami-airport-villas\/\">\n            Miami\u00a0Airport\u00a0Villas\n          <\/a>\n              <\/h2>\n\n              <p class=\"address\">\n          4325 NW South Tamiami Canal Drive #103<br \/>\r\nMiami, Florida<br \/>\r\nUSA 33126\n        <\/p>\n                    <a href=\"https:\/\/tramsmgmt.com\/fr\/property\/miami-airport-villas\/\" class=\"h6 font-weight-bolder\">\n          D\u00e9tails\n        <\/a>\n          <\/div>\n  <\/div>\n<\/div>\n                   <div class=\"col-sm-6 mb-4 class=\"post-9755 property type-property status-publish has-post-thumbnail hentry property_category-residentiel property_type-a-louer\"\">\n  <div class=\"card property-card border-0 w-100\">\n        <div class=\"post-img\">\n              <a href=\"https:\/\/tramsmgmt.com\/fr\/property\/2050-2070-bay-drive\/\" class=\"w-100\">\n          <div class=\"property-card__img bg-cover h-100\" style=\"background-image: url(https:\/\/tramsmgmt.com\/wp-content\/uploads\/2022\/08\/Bay-Drive-WA0002-870x489.jpg);\"><\/div>\n        <\/a>\n          <\/div>\n        <div class=\"property-card__content py-2 px-1 px-md-2 px-lg-3\">\n      <h2 class=\"h3 entry-title\">\n                  <a href=\"https:\/\/tramsmgmt.com\/fr\/property\/2050-2070-bay-drive\/\">\n            2050\/2070 Bay Drive\n          <\/a>\n              <\/h2>\n\n              <p class=\"address\">\n          2050\/2070 Bay Drive<br \/>\r\nMiami Beach, FL<br \/>\r\nUSA 33141\n        <\/p>\n                    <a href=\"https:\/\/tramsmgmt.com\/fr\/property\/2050-2070-bay-drive\/\" class=\"h6 font-weight-bolder\">\n          D\u00e9tails\n        <\/a>\n          <\/div>\n  <\/div>\n<\/div>\n                   <div class=\"col-sm-6 mb-4 class=\"post-8513 property type-property status-publish has-post-thumbnail hentry property_category-residentiel property_type-a-louer\"\">\n  <div class=\"card property-card border-0 w-100\">\n        <div class=\"post-img\">\n              <a href=\"https:\/\/tramsmgmt.com\/fr\/property\/academy-park-kissimmee-florida\/\" class=\"w-100\">\n          <div class=\"property-card__img bg-cover h-100\" style=\"background-image: url(https:\/\/tramsmgmt.com\/wp-content\/uploads\/2022\/01\/IKO_CAMB_SHGL_MULT_FAMI_HOME_DJI_0621_W-870x489.jpg);\"><\/div>\n        <\/a>\n          <\/div>\n        <div class=\"property-card__content py-2 px-1 px-md-2 px-lg-3\">\n      <h2 class=\"h3 entry-title\">\n                  <a href=\"https:\/\/tramsmgmt.com\/fr\/property\/academy-park-kissimmee-florida\/\">\n            Academy Park\n          <\/a>\n              <\/h2>\n\n              <p class=\"address\">\n          790 Academy Drive<br \/>\r\nKissimmee, Florida<br \/>\r\nUSA 34744\n        <\/p>\n                    <a href=\"https:\/\/tramsmgmt.com\/fr\/property\/academy-park-kissimmee-florida\/\" class=\"h6 font-weight-bolder\">\n          D\u00e9tails\n        <\/a>\n          <\/div>\n  <\/div>\n<\/div>\n                   <div class=\"col-sm-6 mb-4 class=\"post-7893 property type-property status-publish has-post-thumbnail hentry property_category-residentiel property_type-a-louer\"\">\n  <div class=\"card property-card border-0 w-100\">\n        <div class=\"post-img\">\n              <a href=\"https:\/\/tramsmgmt.com\/fr\/property\/academy-village\/\" class=\"w-100\">\n          <div class=\"property-card__img bg-cover h-100\" style=\"background-image: url(https:\/\/tramsmgmt.com\/wp-content\/uploads\/2015\/04\/academy-village-kissimmee-florida-usa-trams-03-870x489.jpg);\"><\/div>\n        <\/a>\n          <\/div>\n        <div class=\"property-card__content py-2 px-1 px-md-2 px-lg-3\">\n      <h2 class=\"h3 entry-title\">\n                  <a href=\"https:\/\/tramsmgmt.com\/fr\/property\/academy-village\/\">\n            Academy Village\n          <\/a>\n              <\/h2>\n\n              <p class=\"address\">\n          Academy Dr. &#038; US Hwy 192<br \/>\r\nKissimmee, Florida<br \/>\r\nUSA\n        <\/p>\n                    <a href=\"https:\/\/tramsmgmt.com\/fr\/property\/academy-village\/\" class=\"h6 font-weight-bolder\">\n          D\u00e9tails\n        <\/a>\n          <\/div>\n  <\/div>\n<\/div>\n                   <div class=\"col-sm-6 mb-4 class=\"post-7854 property type-property status-publish has-post-thumbnail hentry property_category-residentiel property_type-a-louer\"\">\n  <div class=\"card property-card border-0 w-100\">\n        <div class=\"post-img\">\n              <a href=\"https:\/\/tramsmgmt.com\/fr\/property\/chateau-ste-marie\/\" class=\"w-100\">\n          <div class=\"property-card__img bg-cover h-100\" style=\"background-image: url(https:\/\/tramsmgmt.com\/wp-content\/uploads\/2020\/01\/Chateaux-StMarie_DSC_3629_W-870x489.jpg);\"><\/div>\n        <\/a>\n          <\/div>\n        <div class=\"property-card__content py-2 px-1 px-md-2 px-lg-3\">\n      <h2 class=\"h3 entry-title\">\n                  <a href=\"https:\/\/tramsmgmt.com\/fr\/property\/chateau-ste-marie\/\">\n            Chateau Ste-Marie\n          <\/a>\n              <\/h2>\n\n              <p class=\"address\">\n          17000 Chemin Ste-Marie<br \/>\r\nKirkland, QC<br \/>\r\nH9J 4B9\n        <\/p>\n                    <a href=\"https:\/\/tramsmgmt.com\/fr\/property\/chateau-ste-marie\/\" class=\"h6 font-weight-bolder\">\n          D\u00e9tails\n        <\/a>\n          <\/div>\n  <\/div>\n<\/div>\n                   <div class=\"col-sm-6 mb-4 class=\"post-7861 property type-property status-publish has-post-thumbnail hentry property_category-residentiel property_type-a-louer\"\">\n  <div class=\"card property-card border-0 w-100\">\n        <div class=\"post-img\">\n              <a href=\"https:\/\/tramsmgmt.com\/fr\/property\/lambiance-ouest\/\" class=\"w-100\">\n          <div class=\"property-card__img bg-cover h-100\" style=\"background-image: url(https:\/\/tramsmgmt.com\/wp-content\/uploads\/2020\/01\/Lambiance_DSC_3530_W-870x489.jpg);\"><\/div>\n        <\/a>\n          <\/div>\n        <div class=\"property-card__content py-2 px-1 px-md-2 px-lg-3\">\n      <h2 class=\"h3 entry-title\">\n                  <a href=\"https:\/\/tramsmgmt.com\/fr\/property\/lambiance-ouest\/\">\n            L\u2019Ambiance Ouest\n          <\/a>\n              <\/h2>\n\n              <p class=\"address\">\n          55-57 Rue Hasting<br \/>\r\nDollard des Ormeaux, QC<br \/>\r\nH9G 3C5\n        <\/p>\n                    <a href=\"https:\/\/tramsmgmt.com\/fr\/property\/lambiance-ouest\/\" class=\"h6 font-weight-bolder\">\n          D\u00e9tails\n        <\/a>\n          <\/div>\n  <\/div>\n<\/div>\n                   <div class=\"col-sm-6 mb-4 class=\"post-7868 property type-property status-publish has-post-thumbnail hentry property_category-residentiel property_type-a-louer\"\">\n  <div class=\"card property-card border-0 w-100\">\n        <div class=\"post-img\">\n              <a href=\"https:\/\/tramsmgmt.com\/fr\/property\/palacio-danjou\/\" class=\"w-100\">\n          <div class=\"property-card__img bg-cover h-100\" style=\"background-image: url(https:\/\/tramsmgmt.com\/wp-content\/uploads\/2015\/04\/palacio1.jpg);\"><\/div>\n        <\/a>\n          <\/div>\n        <div class=\"property-card__content py-2 px-1 px-md-2 px-lg-3\">\n      <h2 class=\"h3 entry-title\">\n                  <a href=\"https:\/\/tramsmgmt.com\/fr\/property\/palacio-danjou\/\">\n            Palacio D\u2019Anjou\n          <\/a>\n              <\/h2>\n\n              <p class=\"address\">\n          7301 Beaubien E.<br \/>\r\nAnjou, QC<br \/>\r\nH1M 3X3\n        <\/p>\n                    <a href=\"https:\/\/tramsmgmt.com\/fr\/property\/palacio-danjou\/\" class=\"h6 font-weight-bolder\">\n          D\u00e9tails\n        <\/a>\n          <\/div>\n  <\/div>\n<\/div>\n              <\/div>\n    <\/div>\n  <\/div>\n<\/div>\n\n\n","protected":false},"excerpt":{"rendered":"","protected":false},"author":1,"featured_media":0,"parent":0,"menu_order":0,"comment_status":"closed","ping_status":"closed","template":"","meta":{"_acf_changed":false,"inline_featured_image":false,"footnotes":""},"class_list":["post-7954","page","type-page","status-publish","hentry"],"acf":[],"yoast_head":"<!-- This site is optimized with the Yoast SEO plugin v27.4 - https:\/\/yoast.com\/product\/yoast-seo-wordpress\/ -->\n<title>R\u00e9sidentiel \u00e0 louer - Gestion immobili\u00e8re T.R.A.M.S<\/title>\n<meta name=\"description\" content=\"Voir la liste compl\u00e8te des logements \u00e0 louer de la T.R.A.M.S. Nos immeubles bien entretenus assurent le bien-\u00eatre de nos clients.\" \/>\n<meta name=\"robots\" content=\"index, follow, max-snippet:-1, max-image-preview:large, max-video-preview:-1\" \/>\n<link rel=\"canonical\" href=\"https:\/\/tramsmgmt.com\/fr\/residentiel-a-louer\/\" \/>\n<meta property=\"og:locale\" content=\"fr_FR\" \/>\n<meta property=\"og:type\" content=\"article\" \/>\n<meta property=\"og:title\" content=\"R\u00e9sidentiel \u00e0 louer - Gestion immobili\u00e8re T.R.A.M.S\" \/>\n<meta property=\"og:description\" content=\"Voir la liste compl\u00e8te des logements \u00e0 louer de la T.R.A.M.S. Nos immeubles bien entretenus assurent le bien-\u00eatre de nos clients.\" \/>\n<meta property=\"og:url\" content=\"https:\/\/tramsmgmt.com\/fr\/residentiel-a-louer\/\" \/>\n<meta property=\"og:site_name\" content=\"Gestion immobili\u00e8re T.R.A.M.S\" \/>\n<meta property=\"article:modified_time\" content=\"2022-10-24T16:35:49+00:00\" \/>\n<meta name=\"twitter:card\" content=\"summary_large_image\" \/>\n<meta name=\"twitter:label1\" content=\"Dur\u00e9e de lecture estim\u00e9e\" \/>\n\t<meta name=\"twitter:data1\" content=\"1 minute\" \/>\n<script type=\"application\/ld+json\" class=\"yoast-schema-graph\">{\"@context\":\"https:\\\/\\\/schema.org\",\"@graph\":[{\"@type\":\"WebPage\",\"@id\":\"https:\\\/\\\/tramsmgmt.com\\\/fr\\\/residentiel-a-louer\\\/\",\"url\":\"https:\\\/\\\/tramsmgmt.com\\\/fr\\\/residentiel-a-louer\\\/\",\"name\":\"R\u00e9sidentiel \u00e0 louer - Gestion immobili\u00e8re T.R.A.M.S\",\"isPartOf\":{\"@id\":\"https:\\\/\\\/tramsmgmt.com\\\/#website\"},\"datePublished\":\"2020-01-08T16:23:46+00:00\",\"dateModified\":\"2022-10-24T16:35:49+00:00\",\"description\":\"Voir la liste compl\u00e8te des logements \u00e0 louer de la T.R.A.M.S. Nos immeubles bien entretenus assurent le bien-\u00eatre de nos clients.\",\"breadcrumb\":{\"@id\":\"https:\\\/\\\/tramsmgmt.com\\\/fr\\\/residentiel-a-louer\\\/#breadcrumb\"},\"inLanguage\":\"fr-FR\",\"potentialAction\":[{\"@type\":\"ReadAction\",\"target\":[\"https:\\\/\\\/tramsmgmt.com\\\/fr\\\/residentiel-a-louer\\\/\"]}]},{\"@type\":\"BreadcrumbList\",\"@id\":\"https:\\\/\\\/tramsmgmt.com\\\/fr\\\/residentiel-a-louer\\\/#breadcrumb\",\"itemListElement\":[{\"@type\":\"ListItem\",\"position\":1,\"name\":\"Home\",\"item\":\"https:\\\/\\\/tramsmgmt.com\\\/fr\\\/home\\\/\"},{\"@type\":\"ListItem\",\"position\":2,\"name\":\"R\u00e9sidentiel \u00e0 louer\"}]},{\"@type\":\"WebSite\",\"@id\":\"https:\\\/\\\/tramsmgmt.com\\\/#website\",\"url\":\"https:\\\/\\\/tramsmgmt.com\\\/\",\"name\":\"Gestion immobili\u00e8re T.R.A.M.S\",\"description\":\"Gestion immobili\u00e8re T.R.A.M.S, r\u00e9solue \u00e0 offrir des services de qualit\u00e9 en m\u00eame temps qu\u2019un excellent rendement aux investisseurs, a pour objectif \u00e0 moyen terme de devenir une des principales soci\u00e9t\u00e9s de services immobiliers ind\u00e9pendants du continent am\u00e9ricain.\",\"potentialAction\":[{\"@type\":\"SearchAction\",\"target\":{\"@type\":\"EntryPoint\",\"urlTemplate\":\"https:\\\/\\\/tramsmgmt.com\\\/?s={search_term_string}\"},\"query-input\":{\"@type\":\"PropertyValueSpecification\",\"valueRequired\":true,\"valueName\":\"search_term_string\"}}],\"inLanguage\":\"fr-FR\"}]}<\/script>\n<!-- \/ Yoast SEO plugin. -->","yoast_head_json":{"title":"R\u00e9sidentiel \u00e0 louer - Gestion immobili\u00e8re T.R.A.M.S","description":"Voir la liste compl\u00e8te des logements \u00e0 louer de la T.R.A.M.S. Nos immeubles bien entretenus assurent le bien-\u00eatre de nos clients.","robots":{"index":"index","follow":"follow","max-snippet":"max-snippet:-1","max-image-preview":"max-image-preview:large","max-video-preview":"max-video-preview:-1"},"canonical":"https:\/\/tramsmgmt.com\/fr\/residentiel-a-louer\/","og_locale":"fr_FR","og_type":"article","og_title":"R\u00e9sidentiel \u00e0 louer - Gestion immobili\u00e8re T.R.A.M.S","og_description":"Voir la liste compl\u00e8te des logements \u00e0 louer de la T.R.A.M.S. Nos immeubles bien entretenus assurent le bien-\u00eatre de nos clients.","og_url":"https:\/\/tramsmgmt.com\/fr\/residentiel-a-louer\/","og_site_name":"Gestion immobili\u00e8re T.R.A.M.S","article_modified_time":"2022-10-24T16:35:49+00:00","twitter_card":"summary_large_image","twitter_misc":{"Dur\u00e9e de lecture estim\u00e9e":"1 minute"},"schema":{"@context":"https:\/\/schema.org","@graph":[{"@type":"WebPage","@id":"https:\/\/tramsmgmt.com\/fr\/residentiel-a-louer\/","url":"https:\/\/tramsmgmt.com\/fr\/residentiel-a-louer\/","name":"R\u00e9sidentiel \u00e0 louer - Gestion immobili\u00e8re T.R.A.M.S","isPartOf":{"@id":"https:\/\/tramsmgmt.com\/#website"},"datePublished":"2020-01-08T16:23:46+00:00","dateModified":"2022-10-24T16:35:49+00:00","description":"Voir la liste compl\u00e8te des logements \u00e0 louer de la T.R.A.M.S. Nos immeubles bien entretenus assurent le bien-\u00eatre de nos clients.","breadcrumb":{"@id":"https:\/\/tramsmgmt.com\/fr\/residentiel-a-louer\/#breadcrumb"},"inLanguage":"fr-FR","potentialAction":[{"@type":"ReadAction","target":["https:\/\/tramsmgmt.com\/fr\/residentiel-a-louer\/"]}]},{"@type":"BreadcrumbList","@id":"https:\/\/tramsmgmt.com\/fr\/residentiel-a-louer\/#breadcrumb","itemListElement":[{"@type":"ListItem","position":1,"name":"Home","item":"https:\/\/tramsmgmt.com\/fr\/home\/"},{"@type":"ListItem","position":2,"name":"R\u00e9sidentiel \u00e0 louer"}]},{"@type":"WebSite","@id":"https:\/\/tramsmgmt.com\/#website","url":"https:\/\/tramsmgmt.com\/","name":"Gestion immobili\u00e8re T.R.A.M.S","description":"Gestion immobili\u00e8re T.R.A.M.S, r\u00e9solue \u00e0 offrir des services de qualit\u00e9 en m\u00eame temps qu\u2019un excellent rendement aux investisseurs, a pour objectif \u00e0 moyen terme de devenir une des principales soci\u00e9t\u00e9s de services immobiliers ind\u00e9pendants du continent am\u00e9ricain.","potentialAction":[{"@type":"SearchAction","target":{"@type":"EntryPoint","urlTemplate":"https:\/\/tramsmgmt.com\/?s={search_term_string}"},"query-input":{"@type":"PropertyValueSpecification","valueRequired":true,"valueName":"search_term_string"}}],"inLanguage":"fr-FR"}]}},"_links":{"self":[{"href":"https:\/\/tramsmgmt.com\/fr\/wp-json\/wp\/v2\/pages\/7954","targetHints":{"allow":["GET"]}}],"collection":[{"href":"https:\/\/tramsmgmt.com\/fr\/wp-json\/wp\/v2\/pages"}],"about":[{"href":"https:\/\/tramsmgmt.com\/fr\/wp-json\/wp\/v2\/types\/page"}],"author":[{"embeddable":true,"href":"https:\/\/tramsmgmt.com\/fr\/wp-json\/wp\/v2\/users\/1"}],"replies":[{"embeddable":true,"href":"https:\/\/tramsmgmt.com\/fr\/wp-json\/wp\/v2\/comments?post=7954"}],"version-history":[{"count":15,"href":"https:\/\/tramsmgmt.com\/fr\/wp-json\/wp\/v2\/pages\/7954\/revisions"}],"predecessor-version":[{"id":9926,"href":"https:\/\/tramsmgmt.com\/fr\/wp-json\/wp\/v2\/pages\/7954\/revisions\/9926"}],"wp:attachment":[{"href":"https:\/\/tramsmgmt.com\/fr\/wp-json\/wp\/v2\/media?parent=7954"}],"curies":[{"name":"wp","href":"https:\/\/api.w.org\/{rel}","templated":true}]}}