{"id":7934,"date":"2020-01-21T09:41:32","date_gmt":"2020-01-21T14:41:32","guid":{"rendered":"https:\/\/tramsmgmt.com\/managed-properties\/"},"modified":"2020-11-11T14:43:58","modified_gmt":"2020-11-11T19:43:58","slug":"proprietes-gerees","status":"publish","type":"page","link":"https:\/\/tramsmgmt.com\/fr\/proprietes-gerees\/","title":{"rendered":"Propri\u00e9t\u00e9s G\u00e9r\u00e9es"},"content":{"rendered":"<div class=\"wp-bootstrap-blocks-container container mb-2\">\n\t\n\n<p class=\"has-text-align-center\">Voici la liste de nos propri\u00e9t\u00e9s g\u00e9r\u00e9es. Notre strat\u00e9gie de gestion efficace assure que chacune de nos propri\u00e9t\u00e9s g\u00e9r\u00e9es est rentable et \u00e0 jour &#8211; et que nos clients sont satisfaits.<\/p>\n\n<\/div>\n\n\n<div class=\"grid-properties bg-light\">\n  <div class=\"grid-properties bg-light pb-2\">\n    <div class=\"container\">\n      <div class=\"row\">\n        <div class=\"col-12 py-2\">\n                      <h2 class=\"subheading heading-border h3\">\n              <span class=\"pr-2\">G\u00c9R\u00c9 <\/span>\n            <\/h2>\n                  <\/div>\n                   <div class=\"col-sm-6 mb-4 class=\"post-10465 property type-property status-publish has-post-thumbnail hentry property_category-commercial-fr property_type-a-louer\"\">\n  <div class=\"card property-card border-0 w-100\">\n        <div class=\"post-img\">\n              <a href=\"https:\/\/tramsmgmt.com\/fr\/property\/3400-rue-du-marche\/\" class=\"w-100\">\n          <div class=\"property-card__img bg-cover h-100\" style=\"background-image: url(https:\/\/tramsmgmt.com\/wp-content\/uploads\/2025\/10\/DSC_3907_W-870x489.jpg);\"><\/div>\n        <\/a>\n          <\/div>\n        <div class=\"property-card__content py-2 px-1 px-md-2 px-lg-3\">\n      <h2 class=\"h3 entry-title\">\n                  <a href=\"https:\/\/tramsmgmt.com\/fr\/property\/3400-rue-du-marche\/\">\n            3400 Rue du March\u00e9\n          <\/a>\n              <\/h2>\n\n              <p class=\"address\">\n          3400 Rue du March\u00e9<br \/>\r\nDollard-Des Ormeaux, QC<br \/>\r\nH9B 2Y\n        <\/p>\n                    <a href=\"https:\/\/tramsmgmt.com\/fr\/property\/3400-rue-du-marche\/\" class=\"h6 font-weight-bolder\">\n          D\u00e9tails\n        <\/a>\n          <\/div>\n  <\/div>\n<\/div>\n                   <div class=\"col-sm-6 mb-4 class=\"post-9755 property type-property status-publish has-post-thumbnail hentry property_category-residentiel property_type-a-louer\"\">\n  <div class=\"card property-card border-0 w-100\">\n        <div class=\"post-img\">\n              <a href=\"https:\/\/tramsmgmt.com\/fr\/property\/2050-2070-bay-drive\/\" class=\"w-100\">\n          <div class=\"property-card__img bg-cover h-100\" style=\"background-image: url(https:\/\/tramsmgmt.com\/wp-content\/uploads\/2022\/08\/Bay-Drive-WA0002-870x489.jpg);\"><\/div>\n        <\/a>\n          <\/div>\n        <div class=\"property-card__content py-2 px-1 px-md-2 px-lg-3\">\n      <h2 class=\"h3 entry-title\">\n                  <a href=\"https:\/\/tramsmgmt.com\/fr\/property\/2050-2070-bay-drive\/\">\n            2050\/2070 Bay Drive\n          <\/a>\n              <\/h2>\n\n              <p class=\"address\">\n          2050\/2070 Bay Drive<br \/>\r\nMiami Beach, FL<br \/>\r\nUSA 33141\n        <\/p>\n                    <a href=\"https:\/\/tramsmgmt.com\/fr\/property\/2050-2070-bay-drive\/\" class=\"h6 font-weight-bolder\">\n          D\u00e9tails\n        <\/a>\n          <\/div>\n  <\/div>\n<\/div>\n                   <div class=\"col-sm-6 mb-4 class=\"post-7893 property type-property status-publish has-post-thumbnail hentry property_category-residentiel property_type-a-louer\"\">\n  <div class=\"card property-card border-0 w-100\">\n        <div class=\"post-img\">\n              <a href=\"https:\/\/tramsmgmt.com\/fr\/property\/academy-village\/\" class=\"w-100\">\n          <div class=\"property-card__img bg-cover h-100\" style=\"background-image: url(https:\/\/tramsmgmt.com\/wp-content\/uploads\/2015\/04\/academy-village-kissimmee-florida-usa-trams-03-870x489.jpg);\"><\/div>\n        <\/a>\n          <\/div>\n        <div class=\"property-card__content py-2 px-1 px-md-2 px-lg-3\">\n      <h2 class=\"h3 entry-title\">\n                  <a href=\"https:\/\/tramsmgmt.com\/fr\/property\/academy-village\/\">\n            Academy Village\n          <\/a>\n              <\/h2>\n\n              <p class=\"address\">\n          Academy Dr. &#038; US Hwy 192<br \/>\r\nKissimmee, Florida<br \/>\r\nUSA\n        <\/p>\n                    <a href=\"https:\/\/tramsmgmt.com\/fr\/property\/academy-village\/\" class=\"h6 font-weight-bolder\">\n          D\u00e9tails\n        <\/a>\n          <\/div>\n  <\/div>\n<\/div>\n                   <div class=\"col-sm-6 mb-4 class=\"post-7860 property type-property status-publish has-post-thumbnail hentry property_category-residentiel property_category-projets-passes property_type-vendu\"\">\n  <div class=\"card property-card border-0 w-100\">\n        <div class=\"post-img\">\n              <div class=\"property-card__img bg-cover h-100 d-flex flex-column justify-content-end align-items-start\" style=\"background-image: url(https:\/\/tramsmgmt.com\/wp-content\/uploads\/2020\/01\/StLaurent_DSC_8180-870x489.jpg);\">\n                  <\/div>\n          <\/div>\n        <div class=\"property-card__content py-2 px-1 px-md-2 px-lg-3\">\n      <h2 class=\"h3 entry-title\">\n                  3720-30 St-Laurent Blvd.\n              <\/h2>\n\n              <p class=\"address\">\n          3720-30 St-Laurent boul<br \/>\r\nMontreal QC<br \/>\r\nH2X 2V8\n        <\/p>\n                <\/div>\n  <\/div>\n<\/div>\n                   <div class=\"col-sm-6 mb-4 class=\"post-7854 property type-property status-publish has-post-thumbnail hentry property_category-residentiel property_type-a-louer\"\">\n  <div class=\"card property-card border-0 w-100\">\n        <div class=\"post-img\">\n              <a href=\"https:\/\/tramsmgmt.com\/fr\/property\/chateau-ste-marie\/\" class=\"w-100\">\n          <div class=\"property-card__img bg-cover h-100\" style=\"background-image: url(https:\/\/tramsmgmt.com\/wp-content\/uploads\/2020\/01\/Chateaux-StMarie_DSC_3629_W-870x489.jpg);\"><\/div>\n        <\/a>\n          <\/div>\n        <div class=\"property-card__content py-2 px-1 px-md-2 px-lg-3\">\n      <h2 class=\"h3 entry-title\">\n                  <a href=\"https:\/\/tramsmgmt.com\/fr\/property\/chateau-ste-marie\/\">\n            Chateau Ste-Marie\n          <\/a>\n              <\/h2>\n\n              <p class=\"address\">\n          17000 Chemin Ste-Marie<br \/>\r\nKirkland, QC<br \/>\r\nH9J 4B9\n        <\/p>\n                    <a href=\"https:\/\/tramsmgmt.com\/fr\/property\/chateau-ste-marie\/\" class=\"h6 font-weight-bolder\">\n          D\u00e9tails\n        <\/a>\n          <\/div>\n  <\/div>\n<\/div>\n                   <div class=\"col-sm-6 mb-4 class=\"post-7861 property type-property status-publish has-post-thumbnail hentry property_category-residentiel property_type-a-louer\"\">\n  <div class=\"card property-card border-0 w-100\">\n        <div class=\"post-img\">\n              <a href=\"https:\/\/tramsmgmt.com\/fr\/property\/lambiance-ouest\/\" class=\"w-100\">\n          <div class=\"property-card__img bg-cover h-100\" style=\"background-image: url(https:\/\/tramsmgmt.com\/wp-content\/uploads\/2020\/01\/Lambiance_DSC_3530_W-870x489.jpg);\"><\/div>\n        <\/a>\n          <\/div>\n        <div class=\"property-card__content py-2 px-1 px-md-2 px-lg-3\">\n      <h2 class=\"h3 entry-title\">\n                  <a href=\"https:\/\/tramsmgmt.com\/fr\/property\/lambiance-ouest\/\">\n            L\u2019Ambiance Ouest\n          <\/a>\n              <\/h2>\n\n              <p class=\"address\">\n          55-57 Rue Hasting<br \/>\r\nDollard des Ormeaux, QC<br \/>\r\nH9G 3C5\n        <\/p>\n                    <a href=\"https:\/\/tramsmgmt.com\/fr\/property\/lambiance-ouest\/\" class=\"h6 font-weight-bolder\">\n          D\u00e9tails\n        <\/a>\n          <\/div>\n  <\/div>\n<\/div>\n                   <div class=\"col-sm-6 mb-4 class=\"post-7868 property type-property status-publish has-post-thumbnail hentry property_category-residentiel property_type-a-louer\"\">\n  <div class=\"card property-card border-0 w-100\">\n        <div class=\"post-img\">\n              <a href=\"https:\/\/tramsmgmt.com\/fr\/property\/palacio-danjou\/\" class=\"w-100\">\n          <div class=\"property-card__img bg-cover h-100\" style=\"background-image: url(https:\/\/tramsmgmt.com\/wp-content\/uploads\/2015\/04\/palacio1.jpg);\"><\/div>\n        <\/a>\n          <\/div>\n        <div class=\"property-card__content py-2 px-1 px-md-2 px-lg-3\">\n      <h2 class=\"h3 entry-title\">\n                  <a href=\"https:\/\/tramsmgmt.com\/fr\/property\/palacio-danjou\/\">\n            Palacio D\u2019Anjou\n          <\/a>\n              <\/h2>\n\n              <p class=\"address\">\n          7301 Beaubien E.<br \/>\r\nAnjou, QC<br \/>\r\nH1M 3X3\n        <\/p>\n                    <a href=\"https:\/\/tramsmgmt.com\/fr\/property\/palacio-danjou\/\" class=\"h6 font-weight-bolder\">\n          D\u00e9tails\n        <\/a>\n          <\/div>\n  <\/div>\n<\/div>\n              <\/div>\n    <\/div>\n  <\/div>\n<\/div>\n\n\n\n<p><\/p>\n","protected":false},"excerpt":{"rendered":"","protected":false},"author":1,"featured_media":0,"parent":0,"menu_order":0,"comment_status":"closed","ping_status":"closed","template":"","meta":{"_acf_changed":false,"inline_featured_image":false,"footnotes":""},"class_list":["post-7934","page","type-page","status-publish","hentry"],"acf":[],"yoast_head":"<!-- This site is optimized with the Yoast SEO plugin v27.2 - https:\/\/yoast.com\/product\/yoast-seo-wordpress\/ -->\n<title>Propri\u00e9t\u00e9s G\u00e9r\u00e9es - Gestion immobili\u00e8re T.R.A.M.S<\/title>\n<meta name=\"description\" content=\"Notre strat\u00e9gie de gestion garantit des b\u00e2timents rentables et des clients satisfaits. Voir la liste compl\u00e8te des immeubles g\u00e9r\u00e9s par T.R.A.M.S.\" \/>\n<meta name=\"robots\" content=\"index, follow, max-snippet:-1, max-image-preview:large, max-video-preview:-1\" \/>\n<link rel=\"canonical\" href=\"https:\/\/tramsmgmt.com\/fr\/proprietes-gerees\/\" \/>\n<meta property=\"og:locale\" content=\"fr_FR\" \/>\n<meta property=\"og:type\" content=\"article\" \/>\n<meta property=\"og:title\" content=\"Propri\u00e9t\u00e9s G\u00e9r\u00e9es - Gestion immobili\u00e8re T.R.A.M.S\" \/>\n<meta property=\"og:description\" content=\"Notre strat\u00e9gie de gestion garantit des b\u00e2timents rentables et des clients satisfaits. Voir la liste compl\u00e8te des immeubles g\u00e9r\u00e9s par T.R.A.M.S.\" \/>\n<meta property=\"og:url\" content=\"https:\/\/tramsmgmt.com\/fr\/proprietes-gerees\/\" \/>\n<meta property=\"og:site_name\" content=\"Gestion immobili\u00e8re T.R.A.M.S\" \/>\n<meta property=\"article:modified_time\" content=\"2020-11-11T19:43:58+00:00\" \/>\n<meta name=\"twitter:card\" content=\"summary_large_image\" \/>\n<script type=\"application\/ld+json\" class=\"yoast-schema-graph\">{\"@context\":\"https:\/\/schema.org\",\"@graph\":[{\"@type\":\"WebPage\",\"@id\":\"https:\/\/tramsmgmt.com\/fr\/proprietes-gerees\/\",\"url\":\"https:\/\/tramsmgmt.com\/fr\/proprietes-gerees\/\",\"name\":\"Propri\u00e9t\u00e9s G\u00e9r\u00e9es - Gestion immobili\u00e8re T.R.A.M.S\",\"isPartOf\":{\"@id\":\"https:\/\/tramsmgmt.com\/#website\"},\"datePublished\":\"2020-01-21T14:41:32+00:00\",\"dateModified\":\"2020-11-11T19:43:58+00:00\",\"description\":\"Notre strat\u00e9gie de gestion garantit des b\u00e2timents rentables et des clients satisfaits. Voir la liste compl\u00e8te des immeubles g\u00e9r\u00e9s par T.R.A.M.S.\",\"breadcrumb\":{\"@id\":\"https:\/\/tramsmgmt.com\/fr\/proprietes-gerees\/#breadcrumb\"},\"inLanguage\":\"fr-FR\",\"potentialAction\":[{\"@type\":\"ReadAction\",\"target\":[\"https:\/\/tramsmgmt.com\/fr\/proprietes-gerees\/\"]}]},{\"@type\":\"BreadcrumbList\",\"@id\":\"https:\/\/tramsmgmt.com\/fr\/proprietes-gerees\/#breadcrumb\",\"itemListElement\":[{\"@type\":\"ListItem\",\"position\":1,\"name\":\"Home\",\"item\":\"https:\/\/tramsmgmt.com\/fr\/home\/\"},{\"@type\":\"ListItem\",\"position\":2,\"name\":\"Propri\u00e9t\u00e9s G\u00e9r\u00e9es\"}]},{\"@type\":\"WebSite\",\"@id\":\"https:\/\/tramsmgmt.com\/#website\",\"url\":\"https:\/\/tramsmgmt.com\/\",\"name\":\"Gestion immobili\u00e8re T.R.A.M.S\",\"description\":\"Gestion immobili\u00e8re T.R.A.M.S, r\u00e9solue \u00e0 offrir des services de qualit\u00e9 en m\u00eame temps qu\u2019un excellent rendement aux investisseurs, a pour objectif \u00e0 moyen terme de devenir une des principales soci\u00e9t\u00e9s de services immobiliers ind\u00e9pendants du continent am\u00e9ricain.\",\"potentialAction\":[{\"@type\":\"SearchAction\",\"target\":{\"@type\":\"EntryPoint\",\"urlTemplate\":\"https:\/\/tramsmgmt.com\/?s={search_term_string}\"},\"query-input\":{\"@type\":\"PropertyValueSpecification\",\"valueRequired\":true,\"valueName\":\"search_term_string\"}}],\"inLanguage\":\"fr-FR\"}]}<\/script>\n<!-- \/ Yoast SEO plugin. -->","yoast_head_json":{"title":"Propri\u00e9t\u00e9s G\u00e9r\u00e9es - Gestion immobili\u00e8re T.R.A.M.S","description":"Notre strat\u00e9gie de gestion garantit des b\u00e2timents rentables et des clients satisfaits. Voir la liste compl\u00e8te des immeubles g\u00e9r\u00e9s par T.R.A.M.S.","robots":{"index":"index","follow":"follow","max-snippet":"max-snippet:-1","max-image-preview":"max-image-preview:large","max-video-preview":"max-video-preview:-1"},"canonical":"https:\/\/tramsmgmt.com\/fr\/proprietes-gerees\/","og_locale":"fr_FR","og_type":"article","og_title":"Propri\u00e9t\u00e9s G\u00e9r\u00e9es - Gestion immobili\u00e8re T.R.A.M.S","og_description":"Notre strat\u00e9gie de gestion garantit des b\u00e2timents rentables et des clients satisfaits. Voir la liste compl\u00e8te des immeubles g\u00e9r\u00e9s par T.R.A.M.S.","og_url":"https:\/\/tramsmgmt.com\/fr\/proprietes-gerees\/","og_site_name":"Gestion immobili\u00e8re T.R.A.M.S","article_modified_time":"2020-11-11T19:43:58+00:00","twitter_card":"summary_large_image","schema":{"@context":"https:\/\/schema.org","@graph":[{"@type":"WebPage","@id":"https:\/\/tramsmgmt.com\/fr\/proprietes-gerees\/","url":"https:\/\/tramsmgmt.com\/fr\/proprietes-gerees\/","name":"Propri\u00e9t\u00e9s G\u00e9r\u00e9es - Gestion immobili\u00e8re T.R.A.M.S","isPartOf":{"@id":"https:\/\/tramsmgmt.com\/#website"},"datePublished":"2020-01-21T14:41:32+00:00","dateModified":"2020-11-11T19:43:58+00:00","description":"Notre strat\u00e9gie de gestion garantit des b\u00e2timents rentables et des clients satisfaits. Voir la liste compl\u00e8te des immeubles g\u00e9r\u00e9s par T.R.A.M.S.","breadcrumb":{"@id":"https:\/\/tramsmgmt.com\/fr\/proprietes-gerees\/#breadcrumb"},"inLanguage":"fr-FR","potentialAction":[{"@type":"ReadAction","target":["https:\/\/tramsmgmt.com\/fr\/proprietes-gerees\/"]}]},{"@type":"BreadcrumbList","@id":"https:\/\/tramsmgmt.com\/fr\/proprietes-gerees\/#breadcrumb","itemListElement":[{"@type":"ListItem","position":1,"name":"Home","item":"https:\/\/tramsmgmt.com\/fr\/home\/"},{"@type":"ListItem","position":2,"name":"Propri\u00e9t\u00e9s G\u00e9r\u00e9es"}]},{"@type":"WebSite","@id":"https:\/\/tramsmgmt.com\/#website","url":"https:\/\/tramsmgmt.com\/","name":"Gestion immobili\u00e8re T.R.A.M.S","description":"Gestion immobili\u00e8re T.R.A.M.S, r\u00e9solue \u00e0 offrir des services de qualit\u00e9 en m\u00eame temps qu\u2019un excellent rendement aux investisseurs, a pour objectif \u00e0 moyen terme de devenir une des principales soci\u00e9t\u00e9s de services immobiliers ind\u00e9pendants du continent am\u00e9ricain.","potentialAction":[{"@type":"SearchAction","target":{"@type":"EntryPoint","urlTemplate":"https:\/\/tramsmgmt.com\/?s={search_term_string}"},"query-input":{"@type":"PropertyValueSpecification","valueRequired":true,"valueName":"search_term_string"}}],"inLanguage":"fr-FR"}]}},"_links":{"self":[{"href":"https:\/\/tramsmgmt.com\/fr\/wp-json\/wp\/v2\/pages\/7934","targetHints":{"allow":["GET"]}}],"collection":[{"href":"https:\/\/tramsmgmt.com\/fr\/wp-json\/wp\/v2\/pages"}],"about":[{"href":"https:\/\/tramsmgmt.com\/fr\/wp-json\/wp\/v2\/types\/page"}],"author":[{"embeddable":true,"href":"https:\/\/tramsmgmt.com\/fr\/wp-json\/wp\/v2\/users\/1"}],"replies":[{"embeddable":true,"href":"https:\/\/tramsmgmt.com\/fr\/wp-json\/wp\/v2\/comments?post=7934"}],"version-history":[{"count":12,"href":"https:\/\/tramsmgmt.com\/fr\/wp-json\/wp\/v2\/pages\/7934\/revisions"}],"predecessor-version":[{"id":8609,"href":"https:\/\/tramsmgmt.com\/fr\/wp-json\/wp\/v2\/pages\/7934\/revisions\/8609"}],"wp:attachment":[{"href":"https:\/\/tramsmgmt.com\/fr\/wp-json\/wp\/v2\/media?parent=7934"}],"curies":[{"name":"wp","href":"https:\/\/api.w.org\/{rel}","templated":true}]}}