{"id":7867,"date":"2020-01-21T11:21:09","date_gmt":"2020-01-21T16:21:09","guid":{"rendered":"https:\/\/tramsmgmt.com\/?page_id=7867"},"modified":"2020-11-11T14:43:00","modified_gmt":"2020-11-11T19:43:00","slug":"nous-contacter","status":"publish","type":"page","link":"https:\/\/tramsmgmt.com\/fr\/nous-contacter\/","title":{"rendered":"Nous Contacter"},"content":{"rendered":"<div class=\"wp-bootstrap-blocks-container container mb-2 mb-0\">\n\t\n\n<iframe loading=\"lazy\" src=\"https:\/\/www.google.com\/maps\/embed?pb=!1m18!1m12!1m3!1d102027.73090319098!2d-73.73148178336197!3d45.50789612844932!2m3!1f0!2f0!3f0!3m2!1i1024!2i768!4f13.1!3m3!1m2!1s0x4cc9183264da5703%3A0x1e410c61a4e6b413!2sTRAMS%20Gestion%20Immobili%C3%A8re%20-%20T.R.A.M.S%20Property%20management%20Inc.!5e0!3m2!1sen!2sca!4v1579639471069!5m2!1sen!2sca\" width=\"100%\" height=\"350\" frameborder=\"0\" style=\"border:0;\" allowfullscreen=\"\" class=\"mb-2\"><\/iframe>\n\n\n<div class=\"wp-bootstrap-blocks-row row\">\n\t\n\n<div class=\"col-12 col-md-4\">\n\t\t\t\n\n<p>5151 de la Savane, bureau 400\n<br>Montr\u00e9al, Qu\u00e9bec, H4P 1V1<\/p>\n\n<p>T\u00e9l. : <a href=\"tel:514-341-8600\">514 341-8600<\/a><\/p>\n<p>T\u00e9l\u00e9c. : 514 340-1389<\/p>\n\n<p><a href=\"mailto:info@tramsmgmt.com\">info@tramsmgmt.com<\/a><\/p>\n\n\t<\/div>\n\n\n\n<div class=\"col-12 col-md-8 contact-form\">\n\t\t\t\n\n<div class=\"contact-form\">\n<div class=\"wpcf7 no-js\" id=\"wpcf7-f7866-o1\" lang=\"en-US\" dir=\"ltr\" data-wpcf7-id=\"7866\">\n<div class=\"screen-reader-response\"><p role=\"status\" aria-live=\"polite\" aria-atomic=\"true\"><\/p> <ul><\/ul><\/div>\n<form action=\"\/fr\/wp-json\/wp\/v2\/pages\/7867#wpcf7-f7866-o1\" method=\"post\" class=\"wpcf7-form init\" aria-label=\"Contact form\" novalidate=\"novalidate\" data-status=\"init\">\n<fieldset class=\"hidden-fields-container\"><input type=\"hidden\" name=\"_wpcf7\" value=\"7866\" \/><input type=\"hidden\" name=\"_wpcf7_version\" value=\"6.1.5\" \/><input type=\"hidden\" name=\"_wpcf7_locale\" value=\"en_US\" \/><input type=\"hidden\" name=\"_wpcf7_unit_tag\" value=\"wpcf7-f7866-o1\" \/><input type=\"hidden\" name=\"_wpcf7_container_post\" value=\"0\" \/><input type=\"hidden\" name=\"_wpcf7_posted_data_hash\" value=\"\" \/><input type=\"hidden\" name=\"_wpcf7_recaptcha_response\" value=\"\" \/>\n<\/fieldset>\n<p><label> Nom (requis)<br \/>\n<span class=\"wpcf7-form-control-wrap\" data-name=\"your-name\"><input size=\"40\" maxlength=\"400\" class=\"wpcf7-form-control wpcf7-text wpcf7-validates-as-required\" aria-required=\"true\" aria-invalid=\"false\" value=\"\" type=\"text\" name=\"your-name\" \/><\/span> <\/label>\n<\/p>\n<p><label> Courriel (requis)<br \/>\n<span class=\"wpcf7-form-control-wrap\" data-name=\"your-email\"><input size=\"40\" maxlength=\"400\" class=\"wpcf7-form-control wpcf7-email wpcf7-validates-as-required wpcf7-text wpcf7-validates-as-email\" aria-required=\"true\" aria-invalid=\"false\" value=\"\" type=\"email\" name=\"your-email\" \/><\/span> <\/label>\n<\/p>\n<p><label> Commentaire<br \/>\n<span class=\"wpcf7-form-control-wrap\" data-name=\"your-message\"><textarea cols=\"40\" rows=\"10\" maxlength=\"2000\" class=\"wpcf7-form-control wpcf7-textarea\" aria-invalid=\"false\" name=\"your-message\"><\/textarea><\/span> <\/label>\n<\/p>\n<p><input class=\"wpcf7-form-control wpcf7-submit has-spinner btn-form btn btn-primary\" type=\"submit\" value=\"Envoyer\" \/>\n<\/p><div class=\"wpcf7-response-output\" aria-hidden=\"true\"><\/div>\n<\/form>\n<\/div>\n<\/div>\n\n\t<\/div>\n\n<\/div>\n\n<\/div>\n\n\n\n<p><\/p>\n","protected":false},"excerpt":{"rendered":"","protected":false},"author":1,"featured_media":0,"parent":0,"menu_order":0,"comment_status":"closed","ping_status":"closed","template":"","meta":{"_acf_changed":false,"inline_featured_image":false,"footnotes":""},"class_list":["post-7867","page","type-page","status-publish","hentry"],"acf":[],"yoast_head":"<!-- This site is optimized with the Yoast SEO plugin v27.2 - https:\/\/yoast.com\/product\/yoast-seo-wordpress\/ -->\n<title>Nous Contacter - Gestion immobili\u00e8re T.R.A.M.S<\/title>\n<meta name=\"description\" content=\"Contactez la gestion immobili\u00e8re T.R.A.M.S. pour en savoir plus sur leur vaste gamme de services. Appelez 514-341-8600 maintenant!\" \/>\n<meta name=\"robots\" content=\"index, follow, max-snippet:-1, max-image-preview:large, max-video-preview:-1\" \/>\n<link rel=\"canonical\" href=\"https:\/\/tramsmgmt.com\/fr\/nous-contacter\/\" \/>\n<meta property=\"og:locale\" content=\"fr_FR\" \/>\n<meta property=\"og:type\" content=\"article\" \/>\n<meta property=\"og:title\" content=\"Nous Contacter - Gestion immobili\u00e8re T.R.A.M.S\" \/>\n<meta property=\"og:description\" content=\"Contactez la gestion immobili\u00e8re T.R.A.M.S. pour en savoir plus sur leur vaste gamme de services. Appelez 514-341-8600 maintenant!\" \/>\n<meta property=\"og:url\" content=\"https:\/\/tramsmgmt.com\/fr\/nous-contacter\/\" \/>\n<meta property=\"og:site_name\" content=\"Gestion immobili\u00e8re T.R.A.M.S\" \/>\n<meta property=\"article:modified_time\" content=\"2020-11-11T19:43:00+00:00\" \/>\n<meta name=\"twitter:card\" content=\"summary_large_image\" \/>\n<script type=\"application\/ld+json\" class=\"yoast-schema-graph\">{\"@context\":\"https:\/\/schema.org\",\"@graph\":[{\"@type\":\"WebPage\",\"@id\":\"https:\/\/tramsmgmt.com\/fr\/nous-contacter\/\",\"url\":\"https:\/\/tramsmgmt.com\/fr\/nous-contacter\/\",\"name\":\"Nous Contacter - Gestion immobili\u00e8re T.R.A.M.S\",\"isPartOf\":{\"@id\":\"https:\/\/tramsmgmt.com\/#website\"},\"datePublished\":\"2020-01-21T16:21:09+00:00\",\"dateModified\":\"2020-11-11T19:43:00+00:00\",\"description\":\"Contactez la gestion immobili\u00e8re T.R.A.M.S. pour en savoir plus sur leur vaste gamme de services. Appelez 514-341-8600 maintenant!\",\"breadcrumb\":{\"@id\":\"https:\/\/tramsmgmt.com\/fr\/nous-contacter\/#breadcrumb\"},\"inLanguage\":\"fr-FR\",\"potentialAction\":[{\"@type\":\"ReadAction\",\"target\":[\"https:\/\/tramsmgmt.com\/fr\/nous-contacter\/\"]}]},{\"@type\":\"BreadcrumbList\",\"@id\":\"https:\/\/tramsmgmt.com\/fr\/nous-contacter\/#breadcrumb\",\"itemListElement\":[{\"@type\":\"ListItem\",\"position\":1,\"name\":\"Home\",\"item\":\"https:\/\/tramsmgmt.com\/fr\/home\/\"},{\"@type\":\"ListItem\",\"position\":2,\"name\":\"Nous Contacter\"}]},{\"@type\":\"WebSite\",\"@id\":\"https:\/\/tramsmgmt.com\/#website\",\"url\":\"https:\/\/tramsmgmt.com\/\",\"name\":\"Gestion immobili\u00e8re T.R.A.M.S\",\"description\":\"Gestion immobili\u00e8re T.R.A.M.S, r\u00e9solue \u00e0 offrir des services de qualit\u00e9 en m\u00eame temps qu\u2019un excellent rendement aux investisseurs, a pour objectif \u00e0 moyen terme de devenir une des principales soci\u00e9t\u00e9s de services immobiliers ind\u00e9pendants du continent am\u00e9ricain.\",\"potentialAction\":[{\"@type\":\"SearchAction\",\"target\":{\"@type\":\"EntryPoint\",\"urlTemplate\":\"https:\/\/tramsmgmt.com\/?s={search_term_string}\"},\"query-input\":{\"@type\":\"PropertyValueSpecification\",\"valueRequired\":true,\"valueName\":\"search_term_string\"}}],\"inLanguage\":\"fr-FR\"}]}<\/script>\n<!-- \/ Yoast SEO plugin. -->","yoast_head_json":{"title":"Nous Contacter - Gestion immobili\u00e8re T.R.A.M.S","description":"Contactez la gestion immobili\u00e8re T.R.A.M.S. pour en savoir plus sur leur vaste gamme de services. Appelez 514-341-8600 maintenant!","robots":{"index":"index","follow":"follow","max-snippet":"max-snippet:-1","max-image-preview":"max-image-preview:large","max-video-preview":"max-video-preview:-1"},"canonical":"https:\/\/tramsmgmt.com\/fr\/nous-contacter\/","og_locale":"fr_FR","og_type":"article","og_title":"Nous Contacter - Gestion immobili\u00e8re T.R.A.M.S","og_description":"Contactez la gestion immobili\u00e8re T.R.A.M.S. pour en savoir plus sur leur vaste gamme de services. Appelez 514-341-8600 maintenant!","og_url":"https:\/\/tramsmgmt.com\/fr\/nous-contacter\/","og_site_name":"Gestion immobili\u00e8re T.R.A.M.S","article_modified_time":"2020-11-11T19:43:00+00:00","twitter_card":"summary_large_image","schema":{"@context":"https:\/\/schema.org","@graph":[{"@type":"WebPage","@id":"https:\/\/tramsmgmt.com\/fr\/nous-contacter\/","url":"https:\/\/tramsmgmt.com\/fr\/nous-contacter\/","name":"Nous Contacter - Gestion immobili\u00e8re T.R.A.M.S","isPartOf":{"@id":"https:\/\/tramsmgmt.com\/#website"},"datePublished":"2020-01-21T16:21:09+00:00","dateModified":"2020-11-11T19:43:00+00:00","description":"Contactez la gestion immobili\u00e8re T.R.A.M.S. pour en savoir plus sur leur vaste gamme de services. Appelez 514-341-8600 maintenant!","breadcrumb":{"@id":"https:\/\/tramsmgmt.com\/fr\/nous-contacter\/#breadcrumb"},"inLanguage":"fr-FR","potentialAction":[{"@type":"ReadAction","target":["https:\/\/tramsmgmt.com\/fr\/nous-contacter\/"]}]},{"@type":"BreadcrumbList","@id":"https:\/\/tramsmgmt.com\/fr\/nous-contacter\/#breadcrumb","itemListElement":[{"@type":"ListItem","position":1,"name":"Home","item":"https:\/\/tramsmgmt.com\/fr\/home\/"},{"@type":"ListItem","position":2,"name":"Nous Contacter"}]},{"@type":"WebSite","@id":"https:\/\/tramsmgmt.com\/#website","url":"https:\/\/tramsmgmt.com\/","name":"Gestion immobili\u00e8re T.R.A.M.S","description":"Gestion immobili\u00e8re T.R.A.M.S, r\u00e9solue \u00e0 offrir des services de qualit\u00e9 en m\u00eame temps qu\u2019un excellent rendement aux investisseurs, a pour objectif \u00e0 moyen terme de devenir une des principales soci\u00e9t\u00e9s de services immobiliers ind\u00e9pendants du continent am\u00e9ricain.","potentialAction":[{"@type":"SearchAction","target":{"@type":"EntryPoint","urlTemplate":"https:\/\/tramsmgmt.com\/?s={search_term_string}"},"query-input":{"@type":"PropertyValueSpecification","valueRequired":true,"valueName":"search_term_string"}}],"inLanguage":"fr-FR"}]}},"_links":{"self":[{"href":"https:\/\/tramsmgmt.com\/fr\/wp-json\/wp\/v2\/pages\/7867","targetHints":{"allow":["GET"]}}],"collection":[{"href":"https:\/\/tramsmgmt.com\/fr\/wp-json\/wp\/v2\/pages"}],"about":[{"href":"https:\/\/tramsmgmt.com\/fr\/wp-json\/wp\/v2\/types\/page"}],"author":[{"embeddable":true,"href":"https:\/\/tramsmgmt.com\/fr\/wp-json\/wp\/v2\/users\/1"}],"replies":[{"embeddable":true,"href":"https:\/\/tramsmgmt.com\/fr\/wp-json\/wp\/v2\/comments?post=7867"}],"version-history":[{"count":11,"href":"https:\/\/tramsmgmt.com\/fr\/wp-json\/wp\/v2\/pages\/7867\/revisions"}],"predecessor-version":[{"id":8104,"href":"https:\/\/tramsmgmt.com\/fr\/wp-json\/wp\/v2\/pages\/7867\/revisions\/8104"}],"wp:attachment":[{"href":"https:\/\/tramsmgmt.com\/fr\/wp-json\/wp\/v2\/media?parent=7867"}],"curies":[{"name":"wp","href":"https:\/\/api.w.org\/{rel}","templated":true}]}}