{"id":6047,"date":"2020-01-20T16:37:03","date_gmt":"2020-01-20T21:37:03","guid":{"rendered":"https:\/\/tramsmgmt.com\/management\/"},"modified":"2022-10-21T14:52:38","modified_gmt":"2022-10-21T18:52:38","slug":"gestion","status":"publish","type":"page","link":"https:\/\/tramsmgmt.com\/fr\/gestion\/","title":{"rendered":"Gestion"},"content":{"rendered":"\n<h2 class=\"has-text-align-center wp-block-heading\"><strong>D\u00e9veloppement immobilier<\/strong><\/h2>\n\n\n<div class=\"wp-bootstrap-blocks-container container mb-2\">\n\t\n\n<p>Nous sommes fiers d&rsquo;\u00eatre une entreprise enti\u00e8rement int\u00e9gr\u00e9e, g\u00e9rant et supervisant tous les aspects du d\u00e9veloppement de nombreux immeubles r\u00e9sidentiels, de la conception \u00e0 la construction.<\/p>\n\n\n\n<figure class=\"wp-block-image aligncenter size-large\"><img loading=\"lazy\" decoding=\"async\" width=\"1024\" height=\"684\" src=\"https:\/\/tramsmgmt.com\/wp-content\/uploads\/2020\/02\/iStock-480342200-1024x684.jpg\" alt=\"\" class=\"wp-image-8272\" srcset=\"https:\/\/tramsmgmt.com\/wp-content\/uploads\/2020\/02\/iStock-480342200-1024x684.jpg 1024w, https:\/\/tramsmgmt.com\/wp-content\/uploads\/2020\/02\/iStock-480342200-300x200.jpg 300w, https:\/\/tramsmgmt.com\/wp-content\/uploads\/2020\/02\/iStock-480342200-768x513.jpg 768w, https:\/\/tramsmgmt.com\/wp-content\/uploads\/2020\/02\/iStock-480342200-1536x1026.jpg 1536w, https:\/\/tramsmgmt.com\/wp-content\/uploads\/2020\/02\/iStock-480342200-2048x1368.jpg 2048w\" sizes=\"auto, (max-width: 1024px) 100vw, 1024px\" \/><\/figure>\n\n\n\n<p>T.R.A.M.S est l&rsquo;une des entreprises de d\u00e9veloppement et de gestion de projets immobiliers les plus r\u00e9put\u00e9es de Montr\u00e9al. Notre entreprise est enti\u00e8rement int\u00e9gr\u00e9e et poss\u00e8de des dizaines d&rsquo;ann\u00e9es d&rsquo;exp\u00e9rience dans la gestion et la supervision de tous les aspects des \u00e9tapes de d\u00e9veloppement, et est connue pour ses nombreux projets r\u00e9sidentiels exceptionnels \u00e0 travers le Canada et les \u00c9tats-Unis.<\/p>\n\n\n\n<p>Nous commen\u00e7ons chaque projet avec un engagement intransigeant envers la qualit\u00e9 : de la conception, du design et des mat\u00e9riaux \u00e0 la construction compl\u00e8te. Chaque \u00e9tape du processus de d\u00e9veloppement est scrut\u00e9e attentivement et nous accordons une attention particuli\u00e8re \u00e0 tous les d\u00e9tails. Nos professionnels assignent une \u00e9quipe charg\u00e9e d\u2019interagir avec les cabinets d&rsquo;architectes et d&rsquo;ing\u00e9nieurs. Nous obtenons tous les permis de zonage n\u00e9cessaires et g\u00e9rons toutes les pr\u00e9occupations de la communaut\u00e9. D\u00e8s que tout est en ordre, nous mettons en \u0153uvre les plans de construction et veillons \u00e0 ce que les \u00e9ch\u00e9anciers et les budgets soient respect\u00e9s.<\/p>\n\n\n\n<p>Les \u00e9quipes de gestion de T.R.A.M.S sont des experts en regroupement de terrains, d\u00e9veloppement, conception, construction, vente et location. T.R.A.M.S reconna\u00eet que tous les d\u00e9veloppements doivent pr\u00e9server et am\u00e9liorer les communaut\u00e9s dans lesquelles ils sont d\u00e9velopp\u00e9s.<\/p>\n\n\n<div class=\"wp-bootstrap-blocks-container container mb-2\">\n\t\n\n<p><strong>T.R.A.M.S <\/strong>est efficace dans ses strat\u00e9gies de d\u00e9veloppement et de gestion gr\u00e2ce \u00e0 son \u00e9quipe interne d&rsquo;experts.<\/p>\n\n\n<div class=\"wp-bootstrap-blocks-row row\">\n\t\n\n<div class=\"col-12 col-md-4\">\n\t\t\t\n\n<h3 class=\"wp-block-heading\">Comptabilit\u00e9<\/h3>\n\n\n\n<p>Notre service comptable est dirig\u00e9 par des professionnels chevronn\u00e9s ayant une vaste exp\u00e9rience de la propri\u00e9t\u00e9 et de la gestion immobili\u00e8re. Notre service comptable s&rsquo;occupe de la comptabilit\u00e9, de la tenue des comptes, du budget, de la gestion des locations et des baux\/locataires, du recouvrement, et de la production de rapports pr\u00e9cis et opportuns incluant l\u2019analyse des \u00e9carts.<\/p>\n\n\t<\/div>\n\n\n\n<div class=\"col-12 col-md-4\">\n\t\t\t\n\n<h3 class=\"wp-block-heading\">Publicit\u00e9<\/h3>\n\n\n\n<p>Le service de la publicit\u00e9 et du graphisme est responsable de la cr\u00e9ation et de la production d&rsquo;annonces attrayantes et pertinentes, afin de pr\u00e9senter les propri\u00e9t\u00e9s disponibles et d&rsquo;assurer une bonne visibilit\u00e9 sur le march\u00e9.<\/p>\n\n\t<\/div>\n\n\n\n<div class=\"col-12 col-md-4\">\n\t\t\t\n\n<h3 class=\"wp-block-heading\">Juridique<\/h3>\n\n\n\n<p>Gr\u00e2ce \u00e0 une connaissance approfondie des lois sur la construction, notre service juridique supervise l&rsquo;ensemble des accords et des contrats en veillant \u00e0 leur clart\u00e9 et \u00e0 leur exactitude, ce qui nous permet d&rsquo;avancer en respectant les d\u00e9lais.<\/p>\n\n\t<\/div>\n\n<\/div>\n\n\n<div class=\"wp-bootstrap-blocks-row row\">\n\t\n\n<div class=\"col-12 col-md-4\">\n\t\t\t\n\n<h3 class=\"wp-block-heading\">Maintenance<\/h3>\n\n\n\n<p>Arm\u00e9 des outils n\u00e9cessaires, le service de maintenance se rend r\u00e9guli\u00e8rement dans les diff\u00e9rentes propri\u00e9t\u00e9s, respecte les calendriers de maintenance et r\u00e9pond aux appels d&rsquo;urgence 24 heures sur 24, assurant ainsi la bonne condition de chaque propri\u00e9t\u00e9.<\/p>\n\n\t<\/div>\n\n\n\n<div class=\"col-12 col-md-4\">\n\t\t\t\n\n<h3 class=\"wp-block-heading\">Location<\/h3>\n\n\n\n<p>Nos gestionnaires immobiliers maintiennent un niveau \u00e9lev\u00e9 de satisfaction des locataires et veillent \u00e0 ce que tous les probl\u00e8mes soient trait\u00e9s et r\u00e9solus rapidement. Nous nous effor\u00e7ons \u00e9galement de maintenir un taux d&rsquo;occupation maximal pour l&rsquo;ensemble de nos propri\u00e9t\u00e9s.<\/p>\n\n\t<\/div>\n\n\n\n<div class=\"col-12 col-md-4\">\n\t\t\t\t<\/div>\n\n<\/div>\n\n<\/div>\n\n<\/div>\n\n\n\n<p><\/p>\n","protected":false},"excerpt":{"rendered":"<p>D\u00e9veloppement immobilier<\/p>\n","protected":false},"author":1,"featured_media":0,"parent":0,"menu_order":0,"comment_status":"closed","ping_status":"closed","template":"","meta":{"_acf_changed":false,"inline_featured_image":false,"footnotes":""},"class_list":["post-6047","page","type-page","status-publish","hentry"],"acf":[],"yoast_head":"<!-- This site is optimized with the Yoast SEO plugin v27.4 - https:\/\/yoast.com\/product\/yoast-seo-wordpress\/ -->\n<title>Gestion - Gestion immobili\u00e8re T.R.A.M.S<\/title>\n<meta name=\"description\" content=\"En tant que soci\u00e9t\u00e9 de d\u00e9veloppement immobilier enti\u00e8rement int\u00e9gr\u00e9e, T.R.A.M.S. g\u00e8re tous les aspects des projets d&#039;immobilier r\u00e9sidentiels.\" \/>\n<meta name=\"robots\" content=\"index, follow, max-snippet:-1, max-image-preview:large, max-video-preview:-1\" \/>\n<link rel=\"canonical\" href=\"https:\/\/tramsmgmt.com\/fr\/gestion\/\" \/>\n<meta property=\"og:locale\" content=\"fr_FR\" \/>\n<meta property=\"og:type\" content=\"article\" \/>\n<meta property=\"og:title\" content=\"Gestion - Gestion immobili\u00e8re T.R.A.M.S\" \/>\n<meta property=\"og:description\" content=\"En tant que soci\u00e9t\u00e9 de d\u00e9veloppement immobilier enti\u00e8rement int\u00e9gr\u00e9e, T.R.A.M.S. g\u00e8re tous les aspects des projets d&#039;immobilier r\u00e9sidentiels.\" \/>\n<meta property=\"og:url\" content=\"https:\/\/tramsmgmt.com\/fr\/gestion\/\" \/>\n<meta property=\"og:site_name\" content=\"Gestion immobili\u00e8re T.R.A.M.S\" \/>\n<meta property=\"article:modified_time\" content=\"2022-10-21T18:52:38+00:00\" \/>\n<meta property=\"og:image\" content=\"https:\/\/tramsmgmt.com\/wp-content\/uploads\/2020\/02\/iStock-480342200-1024x684.jpg\" \/>\n<meta name=\"twitter:card\" content=\"summary_large_image\" \/>\n<meta name=\"twitter:label1\" content=\"Dur\u00e9e de lecture estim\u00e9e\" \/>\n\t<meta name=\"twitter:data1\" content=\"3 minutes\" \/>\n<script type=\"application\/ld+json\" class=\"yoast-schema-graph\">{\"@context\":\"https:\\\/\\\/schema.org\",\"@graph\":[{\"@type\":\"WebPage\",\"@id\":\"https:\\\/\\\/tramsmgmt.com\\\/fr\\\/gestion\\\/\",\"url\":\"https:\\\/\\\/tramsmgmt.com\\\/fr\\\/gestion\\\/\",\"name\":\"Gestion - Gestion immobili\u00e8re T.R.A.M.S\",\"isPartOf\":{\"@id\":\"https:\\\/\\\/tramsmgmt.com\\\/#website\"},\"primaryImageOfPage\":{\"@id\":\"https:\\\/\\\/tramsmgmt.com\\\/fr\\\/gestion\\\/#primaryimage\"},\"image\":{\"@id\":\"https:\\\/\\\/tramsmgmt.com\\\/fr\\\/gestion\\\/#primaryimage\"},\"thumbnailUrl\":\"https:\\\/\\\/tramsmgmt.com\\\/wp-content\\\/uploads\\\/2020\\\/02\\\/iStock-480342200-1024x684.jpg\",\"datePublished\":\"2020-01-20T21:37:03+00:00\",\"dateModified\":\"2022-10-21T18:52:38+00:00\",\"description\":\"En tant que soci\u00e9t\u00e9 de d\u00e9veloppement immobilier enti\u00e8rement int\u00e9gr\u00e9e, T.R.A.M.S. g\u00e8re tous les aspects des projets d'immobilier r\u00e9sidentiels.\",\"breadcrumb\":{\"@id\":\"https:\\\/\\\/tramsmgmt.com\\\/fr\\\/gestion\\\/#breadcrumb\"},\"inLanguage\":\"fr-FR\",\"potentialAction\":[{\"@type\":\"ReadAction\",\"target\":[\"https:\\\/\\\/tramsmgmt.com\\\/fr\\\/gestion\\\/\"]}]},{\"@type\":\"ImageObject\",\"inLanguage\":\"fr-FR\",\"@id\":\"https:\\\/\\\/tramsmgmt.com\\\/fr\\\/gestion\\\/#primaryimage\",\"url\":\"https:\\\/\\\/tramsmgmt.com\\\/wp-content\\\/uploads\\\/2020\\\/02\\\/iStock-480342200-1024x684.jpg\",\"contentUrl\":\"https:\\\/\\\/tramsmgmt.com\\\/wp-content\\\/uploads\\\/2020\\\/02\\\/iStock-480342200-1024x684.jpg\"},{\"@type\":\"BreadcrumbList\",\"@id\":\"https:\\\/\\\/tramsmgmt.com\\\/fr\\\/gestion\\\/#breadcrumb\",\"itemListElement\":[{\"@type\":\"ListItem\",\"position\":1,\"name\":\"Home\",\"item\":\"https:\\\/\\\/tramsmgmt.com\\\/fr\\\/home\\\/\"},{\"@type\":\"ListItem\",\"position\":2,\"name\":\"Gestion\"}]},{\"@type\":\"WebSite\",\"@id\":\"https:\\\/\\\/tramsmgmt.com\\\/#website\",\"url\":\"https:\\\/\\\/tramsmgmt.com\\\/\",\"name\":\"Gestion immobili\u00e8re T.R.A.M.S\",\"description\":\"Gestion immobili\u00e8re T.R.A.M.S, r\u00e9solue \u00e0 offrir des services de qualit\u00e9 en m\u00eame temps qu\u2019un excellent rendement aux investisseurs, a pour objectif \u00e0 moyen terme de devenir une des principales soci\u00e9t\u00e9s de services immobiliers ind\u00e9pendants du continent am\u00e9ricain.\",\"potentialAction\":[{\"@type\":\"SearchAction\",\"target\":{\"@type\":\"EntryPoint\",\"urlTemplate\":\"https:\\\/\\\/tramsmgmt.com\\\/?s={search_term_string}\"},\"query-input\":{\"@type\":\"PropertyValueSpecification\",\"valueRequired\":true,\"valueName\":\"search_term_string\"}}],\"inLanguage\":\"fr-FR\"}]}<\/script>\n<!-- \/ Yoast SEO plugin. -->","yoast_head_json":{"title":"Gestion - Gestion immobili\u00e8re T.R.A.M.S","description":"En tant que soci\u00e9t\u00e9 de d\u00e9veloppement immobilier enti\u00e8rement int\u00e9gr\u00e9e, T.R.A.M.S. g\u00e8re tous les aspects des projets d'immobilier r\u00e9sidentiels.","robots":{"index":"index","follow":"follow","max-snippet":"max-snippet:-1","max-image-preview":"max-image-preview:large","max-video-preview":"max-video-preview:-1"},"canonical":"https:\/\/tramsmgmt.com\/fr\/gestion\/","og_locale":"fr_FR","og_type":"article","og_title":"Gestion - Gestion immobili\u00e8re T.R.A.M.S","og_description":"En tant que soci\u00e9t\u00e9 de d\u00e9veloppement immobilier enti\u00e8rement int\u00e9gr\u00e9e, T.R.A.M.S. g\u00e8re tous les aspects des projets d'immobilier r\u00e9sidentiels.","og_url":"https:\/\/tramsmgmt.com\/fr\/gestion\/","og_site_name":"Gestion immobili\u00e8re T.R.A.M.S","article_modified_time":"2022-10-21T18:52:38+00:00","og_image":[{"url":"https:\/\/tramsmgmt.com\/wp-content\/uploads\/2020\/02\/iStock-480342200-1024x684.jpg","type":"","width":"","height":""}],"twitter_card":"summary_large_image","twitter_misc":{"Dur\u00e9e de lecture estim\u00e9e":"3 minutes"},"schema":{"@context":"https:\/\/schema.org","@graph":[{"@type":"WebPage","@id":"https:\/\/tramsmgmt.com\/fr\/gestion\/","url":"https:\/\/tramsmgmt.com\/fr\/gestion\/","name":"Gestion - Gestion immobili\u00e8re T.R.A.M.S","isPartOf":{"@id":"https:\/\/tramsmgmt.com\/#website"},"primaryImageOfPage":{"@id":"https:\/\/tramsmgmt.com\/fr\/gestion\/#primaryimage"},"image":{"@id":"https:\/\/tramsmgmt.com\/fr\/gestion\/#primaryimage"},"thumbnailUrl":"https:\/\/tramsmgmt.com\/wp-content\/uploads\/2020\/02\/iStock-480342200-1024x684.jpg","datePublished":"2020-01-20T21:37:03+00:00","dateModified":"2022-10-21T18:52:38+00:00","description":"En tant que soci\u00e9t\u00e9 de d\u00e9veloppement immobilier enti\u00e8rement int\u00e9gr\u00e9e, T.R.A.M.S. g\u00e8re tous les aspects des projets d'immobilier r\u00e9sidentiels.","breadcrumb":{"@id":"https:\/\/tramsmgmt.com\/fr\/gestion\/#breadcrumb"},"inLanguage":"fr-FR","potentialAction":[{"@type":"ReadAction","target":["https:\/\/tramsmgmt.com\/fr\/gestion\/"]}]},{"@type":"ImageObject","inLanguage":"fr-FR","@id":"https:\/\/tramsmgmt.com\/fr\/gestion\/#primaryimage","url":"https:\/\/tramsmgmt.com\/wp-content\/uploads\/2020\/02\/iStock-480342200-1024x684.jpg","contentUrl":"https:\/\/tramsmgmt.com\/wp-content\/uploads\/2020\/02\/iStock-480342200-1024x684.jpg"},{"@type":"BreadcrumbList","@id":"https:\/\/tramsmgmt.com\/fr\/gestion\/#breadcrumb","itemListElement":[{"@type":"ListItem","position":1,"name":"Home","item":"https:\/\/tramsmgmt.com\/fr\/home\/"},{"@type":"ListItem","position":2,"name":"Gestion"}]},{"@type":"WebSite","@id":"https:\/\/tramsmgmt.com\/#website","url":"https:\/\/tramsmgmt.com\/","name":"Gestion immobili\u00e8re T.R.A.M.S","description":"Gestion immobili\u00e8re T.R.A.M.S, r\u00e9solue \u00e0 offrir des services de qualit\u00e9 en m\u00eame temps qu\u2019un excellent rendement aux investisseurs, a pour objectif \u00e0 moyen terme de devenir une des principales soci\u00e9t\u00e9s de services immobiliers ind\u00e9pendants du continent am\u00e9ricain.","potentialAction":[{"@type":"SearchAction","target":{"@type":"EntryPoint","urlTemplate":"https:\/\/tramsmgmt.com\/?s={search_term_string}"},"query-input":{"@type":"PropertyValueSpecification","valueRequired":true,"valueName":"search_term_string"}}],"inLanguage":"fr-FR"}]}},"_links":{"self":[{"href":"https:\/\/tramsmgmt.com\/fr\/wp-json\/wp\/v2\/pages\/6047","targetHints":{"allow":["GET"]}}],"collection":[{"href":"https:\/\/tramsmgmt.com\/fr\/wp-json\/wp\/v2\/pages"}],"about":[{"href":"https:\/\/tramsmgmt.com\/fr\/wp-json\/wp\/v2\/types\/page"}],"author":[{"embeddable":true,"href":"https:\/\/tramsmgmt.com\/fr\/wp-json\/wp\/v2\/users\/1"}],"replies":[{"embeddable":true,"href":"https:\/\/tramsmgmt.com\/fr\/wp-json\/wp\/v2\/comments?post=6047"}],"version-history":[{"count":12,"href":"https:\/\/tramsmgmt.com\/fr\/wp-json\/wp\/v2\/pages\/6047\/revisions"}],"predecessor-version":[{"id":9883,"href":"https:\/\/tramsmgmt.com\/fr\/wp-json\/wp\/v2\/pages\/6047\/revisions\/9883"}],"wp:attachment":[{"href":"https:\/\/tramsmgmt.com\/fr\/wp-json\/wp\/v2\/media?parent=6047"}],"curies":[{"name":"wp","href":"https:\/\/api.w.org\/{rel}","templated":true}]}}