{"id":6004,"date":"2019-12-20T13:50:30","date_gmt":"2019-12-20T18:50:30","guid":{"rendered":"https:\/\/tramsmgmt.com\/about\/"},"modified":"2022-10-21T14:54:45","modified_gmt":"2022-10-21T18:54:45","slug":"a-propos-de-nous","status":"publish","type":"page","link":"https:\/\/tramsmgmt.com\/fr\/a-propos-de-nous\/","title":{"rendered":"\u00c0 Propos de Nous"},"content":{"rendered":"\n<div class=\"container\"><div class=\"row justify-content-center\"><figure class=\"wp-block-image size-large\"><img loading=\"lazy\" decoding=\"async\" width=\"1024\" height=\"670\" src=\"https:\/\/tramsmgmt.com\/wp-content\/uploads\/2019\/12\/5151-De-la-Savane-122020_W-1024x670.jpg\" alt=\"\" class=\"wp-image-9419 img-fluid mx-auto\" srcset=\"https:\/\/tramsmgmt.com\/wp-content\/uploads\/2019\/12\/5151-De-la-Savane-122020_W-1024x670.jpg 1024w, https:\/\/tramsmgmt.com\/wp-content\/uploads\/2019\/12\/5151-De-la-Savane-122020_W-300x196.jpg 300w, https:\/\/tramsmgmt.com\/wp-content\/uploads\/2019\/12\/5151-De-la-Savane-122020_W-768x503.jpg 768w, https:\/\/tramsmgmt.com\/wp-content\/uploads\/2019\/12\/5151-De-la-Savane-122020_W-1536x1006.jpg 1536w, https:\/\/tramsmgmt.com\/wp-content\/uploads\/2019\/12\/5151-De-la-Savane-122020_W-2048x1341.jpg 2048w\" sizes=\"auto, (max-width: 1024px) 100vw, 1024px\" \/><\/figure><\/div><\/div>\n\n\n<div class=\"wp-bootstrap-blocks-container container mb-2 my-2 pb-1\">\n\t\n<div class=\"wp-bootstrap-blocks-row row justify-content-center\">\n\t\n\n<div class=\"col-12 col-md-4\">\n\t\t\t\n\n<p class=\"lead font-italic\">C\u2019est en&nbsp;1980 que la famille Pomerantz fonde&nbsp;S.P.&nbsp;Holdings Canada, soci\u00e9t\u00e9 sp\u00e9cialis\u00e9e \u00e0 la fois dans la promotion et la gestion immobili\u00e8re.<br><\/p>\n\n\t<\/div>\n\n\n\n<div class=\"col-12 col-md-6 border-left pl-md-2\">\n\t\t\t\n\n<p>Fond\u00e9e en 1980 par la famille Pomerantz, Gestion immobili\u00e8re T.R.A.M.S. est aujourd&rsquo;hui 20 fois plus grande que sa taille initiale. Int\u00e9gr\u00e9e verticalement et dot\u00e9e d&rsquo;une \u00e9quipe de direction comptant collectivement 200 ans d&rsquo;exp\u00e9rience, l\u2019entreprise a \u00e9largi sa vision d&rsquo;origine pour offrir une gamme compl\u00e8te de services au secteur immobilier sur tout le continent. Notre comp\u00e9tence a acquis une r\u00e9putation qui nous a permis d&rsquo;\u00eatre reconnus comme chef de file dans notre domaine.\u00a0<\/p>\n\n\n\n<p>Notre entreprise familiale est connue pour son souci du d\u00e9tail et sa rigueur dans l&rsquo;analyse, la planification et l&rsquo;ex\u00e9cution de chaque projet.<br><\/p>\n\n\t<\/div>\n\n<\/div>\n\n<\/div>\n","protected":false},"excerpt":{"rendered":"","protected":false},"author":1,"featured_media":9419,"parent":0,"menu_order":0,"comment_status":"closed","ping_status":"closed","template":"","meta":{"_acf_changed":false,"inline_featured_image":false,"footnotes":""},"class_list":["post-6004","page","type-page","status-publish","has-post-thumbnail","hentry"],"acf":[],"yoast_head":"<!-- This site is optimized with the Yoast SEO plugin v27.2 - https:\/\/yoast.com\/product\/yoast-seo-wordpress\/ -->\n<title>\u00c0 Propos de Nous - Gestion immobili\u00e8re T.R.A.M.S<\/title>\n<meta name=\"description\" content=\"La Gestion Immobili\u00e8re T.R.A.M.S est une entreprise familiale qui offre une gamme compl\u00e8te de services de d\u00e9veloppement et de gestion immobili\u00e8re.\" \/>\n<meta name=\"robots\" content=\"index, follow, max-snippet:-1, max-image-preview:large, max-video-preview:-1\" \/>\n<link rel=\"canonical\" href=\"https:\/\/tramsmgmt.com\/fr\/a-propos-de-nous\/\" \/>\n<meta property=\"og:locale\" content=\"fr_FR\" \/>\n<meta property=\"og:type\" content=\"article\" \/>\n<meta property=\"og:title\" content=\"\u00c0 Propos de Nous - Gestion immobili\u00e8re T.R.A.M.S\" \/>\n<meta property=\"og:description\" content=\"La Gestion Immobili\u00e8re T.R.A.M.S est une entreprise familiale qui offre une gamme compl\u00e8te de services de d\u00e9veloppement et de gestion immobili\u00e8re.\" \/>\n<meta property=\"og:url\" content=\"https:\/\/tramsmgmt.com\/fr\/a-propos-de-nous\/\" \/>\n<meta property=\"og:site_name\" content=\"Gestion immobili\u00e8re T.R.A.M.S\" \/>\n<meta property=\"article:modified_time\" content=\"2022-10-21T18:54:45+00:00\" \/>\n<meta property=\"og:image\" content=\"https:\/\/tramsmgmt.com\/wp-content\/uploads\/2019\/12\/5151-De-la-Savane-122020_W-scaled.jpg\" \/>\n\t<meta property=\"og:image:width\" content=\"2560\" \/>\n\t<meta property=\"og:image:height\" content=\"1676\" \/>\n\t<meta property=\"og:image:type\" content=\"image\/jpeg\" \/>\n<meta name=\"twitter:card\" content=\"summary_large_image\" \/>\n<meta name=\"twitter:label1\" content=\"Dur\u00e9e de lecture estim\u00e9e\" \/>\n\t<meta name=\"twitter:data1\" content=\"1 minute\" \/>\n<script type=\"application\/ld+json\" class=\"yoast-schema-graph\">{\"@context\":\"https:\/\/schema.org\",\"@graph\":[{\"@type\":\"WebPage\",\"@id\":\"https:\/\/tramsmgmt.com\/fr\/a-propos-de-nous\/\",\"url\":\"https:\/\/tramsmgmt.com\/fr\/a-propos-de-nous\/\",\"name\":\"\u00c0 Propos de Nous - Gestion immobili\u00e8re T.R.A.M.S\",\"isPartOf\":{\"@id\":\"https:\/\/tramsmgmt.com\/#website\"},\"primaryImageOfPage\":{\"@id\":\"https:\/\/tramsmgmt.com\/fr\/a-propos-de-nous\/#primaryimage\"},\"image\":{\"@id\":\"https:\/\/tramsmgmt.com\/fr\/a-propos-de-nous\/#primaryimage\"},\"thumbnailUrl\":\"https:\/\/tramsmgmt.com\/wp-content\/uploads\/2019\/12\/5151-De-la-Savane-122020_W-scaled.jpg\",\"datePublished\":\"2019-12-20T18:50:30+00:00\",\"dateModified\":\"2022-10-21T18:54:45+00:00\",\"description\":\"La Gestion Immobili\u00e8re T.R.A.M.S est une entreprise familiale qui offre une gamme compl\u00e8te de services de d\u00e9veloppement et de gestion immobili\u00e8re.\",\"breadcrumb\":{\"@id\":\"https:\/\/tramsmgmt.com\/fr\/a-propos-de-nous\/#breadcrumb\"},\"inLanguage\":\"fr-FR\",\"potentialAction\":[{\"@type\":\"ReadAction\",\"target\":[\"https:\/\/tramsmgmt.com\/fr\/a-propos-de-nous\/\"]}]},{\"@type\":\"ImageObject\",\"inLanguage\":\"fr-FR\",\"@id\":\"https:\/\/tramsmgmt.com\/fr\/a-propos-de-nous\/#primaryimage\",\"url\":\"https:\/\/tramsmgmt.com\/wp-content\/uploads\/2019\/12\/5151-De-la-Savane-122020_W-scaled.jpg\",\"contentUrl\":\"https:\/\/tramsmgmt.com\/wp-content\/uploads\/2019\/12\/5151-De-la-Savane-122020_W-scaled.jpg\",\"width\":2560,\"height\":1676},{\"@type\":\"BreadcrumbList\",\"@id\":\"https:\/\/tramsmgmt.com\/fr\/a-propos-de-nous\/#breadcrumb\",\"itemListElement\":[{\"@type\":\"ListItem\",\"position\":1,\"name\":\"Home\",\"item\":\"https:\/\/tramsmgmt.com\/fr\/home\/\"},{\"@type\":\"ListItem\",\"position\":2,\"name\":\"\u00c0 Propos de Nous\"}]},{\"@type\":\"WebSite\",\"@id\":\"https:\/\/tramsmgmt.com\/#website\",\"url\":\"https:\/\/tramsmgmt.com\/\",\"name\":\"Gestion immobili\u00e8re T.R.A.M.S\",\"description\":\"Gestion immobili\u00e8re T.R.A.M.S, r\u00e9solue \u00e0 offrir des services de qualit\u00e9 en m\u00eame temps qu\u2019un excellent rendement aux investisseurs, a pour objectif \u00e0 moyen terme de devenir une des principales soci\u00e9t\u00e9s de services immobiliers ind\u00e9pendants du continent am\u00e9ricain.\",\"potentialAction\":[{\"@type\":\"SearchAction\",\"target\":{\"@type\":\"EntryPoint\",\"urlTemplate\":\"https:\/\/tramsmgmt.com\/?s={search_term_string}\"},\"query-input\":{\"@type\":\"PropertyValueSpecification\",\"valueRequired\":true,\"valueName\":\"search_term_string\"}}],\"inLanguage\":\"fr-FR\"}]}<\/script>\n<!-- \/ Yoast SEO plugin. -->","yoast_head_json":{"title":"\u00c0 Propos de Nous - Gestion immobili\u00e8re T.R.A.M.S","description":"La Gestion Immobili\u00e8re T.R.A.M.S est une entreprise familiale qui offre une gamme compl\u00e8te de services de d\u00e9veloppement et de gestion immobili\u00e8re.","robots":{"index":"index","follow":"follow","max-snippet":"max-snippet:-1","max-image-preview":"max-image-preview:large","max-video-preview":"max-video-preview:-1"},"canonical":"https:\/\/tramsmgmt.com\/fr\/a-propos-de-nous\/","og_locale":"fr_FR","og_type":"article","og_title":"\u00c0 Propos de Nous - Gestion immobili\u00e8re T.R.A.M.S","og_description":"La Gestion Immobili\u00e8re T.R.A.M.S est une entreprise familiale qui offre une gamme compl\u00e8te de services de d\u00e9veloppement et de gestion immobili\u00e8re.","og_url":"https:\/\/tramsmgmt.com\/fr\/a-propos-de-nous\/","og_site_name":"Gestion immobili\u00e8re T.R.A.M.S","article_modified_time":"2022-10-21T18:54:45+00:00","og_image":[{"width":2560,"height":1676,"url":"https:\/\/tramsmgmt.com\/wp-content\/uploads\/2019\/12\/5151-De-la-Savane-122020_W-scaled.jpg","type":"image\/jpeg"}],"twitter_card":"summary_large_image","twitter_misc":{"Dur\u00e9e de lecture estim\u00e9e":"1 minute"},"schema":{"@context":"https:\/\/schema.org","@graph":[{"@type":"WebPage","@id":"https:\/\/tramsmgmt.com\/fr\/a-propos-de-nous\/","url":"https:\/\/tramsmgmt.com\/fr\/a-propos-de-nous\/","name":"\u00c0 Propos de Nous - Gestion immobili\u00e8re T.R.A.M.S","isPartOf":{"@id":"https:\/\/tramsmgmt.com\/#website"},"primaryImageOfPage":{"@id":"https:\/\/tramsmgmt.com\/fr\/a-propos-de-nous\/#primaryimage"},"image":{"@id":"https:\/\/tramsmgmt.com\/fr\/a-propos-de-nous\/#primaryimage"},"thumbnailUrl":"https:\/\/tramsmgmt.com\/wp-content\/uploads\/2019\/12\/5151-De-la-Savane-122020_W-scaled.jpg","datePublished":"2019-12-20T18:50:30+00:00","dateModified":"2022-10-21T18:54:45+00:00","description":"La Gestion Immobili\u00e8re T.R.A.M.S est une entreprise familiale qui offre une gamme compl\u00e8te de services de d\u00e9veloppement et de gestion immobili\u00e8re.","breadcrumb":{"@id":"https:\/\/tramsmgmt.com\/fr\/a-propos-de-nous\/#breadcrumb"},"inLanguage":"fr-FR","potentialAction":[{"@type":"ReadAction","target":["https:\/\/tramsmgmt.com\/fr\/a-propos-de-nous\/"]}]},{"@type":"ImageObject","inLanguage":"fr-FR","@id":"https:\/\/tramsmgmt.com\/fr\/a-propos-de-nous\/#primaryimage","url":"https:\/\/tramsmgmt.com\/wp-content\/uploads\/2019\/12\/5151-De-la-Savane-122020_W-scaled.jpg","contentUrl":"https:\/\/tramsmgmt.com\/wp-content\/uploads\/2019\/12\/5151-De-la-Savane-122020_W-scaled.jpg","width":2560,"height":1676},{"@type":"BreadcrumbList","@id":"https:\/\/tramsmgmt.com\/fr\/a-propos-de-nous\/#breadcrumb","itemListElement":[{"@type":"ListItem","position":1,"name":"Home","item":"https:\/\/tramsmgmt.com\/fr\/home\/"},{"@type":"ListItem","position":2,"name":"\u00c0 Propos de Nous"}]},{"@type":"WebSite","@id":"https:\/\/tramsmgmt.com\/#website","url":"https:\/\/tramsmgmt.com\/","name":"Gestion immobili\u00e8re T.R.A.M.S","description":"Gestion immobili\u00e8re T.R.A.M.S, r\u00e9solue \u00e0 offrir des services de qualit\u00e9 en m\u00eame temps qu\u2019un excellent rendement aux investisseurs, a pour objectif \u00e0 moyen terme de devenir une des principales soci\u00e9t\u00e9s de services immobiliers ind\u00e9pendants du continent am\u00e9ricain.","potentialAction":[{"@type":"SearchAction","target":{"@type":"EntryPoint","urlTemplate":"https:\/\/tramsmgmt.com\/?s={search_term_string}"},"query-input":{"@type":"PropertyValueSpecification","valueRequired":true,"valueName":"search_term_string"}}],"inLanguage":"fr-FR"}]}},"_links":{"self":[{"href":"https:\/\/tramsmgmt.com\/fr\/wp-json\/wp\/v2\/pages\/6004","targetHints":{"allow":["GET"]}}],"collection":[{"href":"https:\/\/tramsmgmt.com\/fr\/wp-json\/wp\/v2\/pages"}],"about":[{"href":"https:\/\/tramsmgmt.com\/fr\/wp-json\/wp\/v2\/types\/page"}],"author":[{"embeddable":true,"href":"https:\/\/tramsmgmt.com\/fr\/wp-json\/wp\/v2\/users\/1"}],"replies":[{"embeddable":true,"href":"https:\/\/tramsmgmt.com\/fr\/wp-json\/wp\/v2\/comments?post=6004"}],"version-history":[{"count":54,"href":"https:\/\/tramsmgmt.com\/fr\/wp-json\/wp\/v2\/pages\/6004\/revisions"}],"predecessor-version":[{"id":9884,"href":"https:\/\/tramsmgmt.com\/fr\/wp-json\/wp\/v2\/pages\/6004\/revisions\/9884"}],"wp:featuredmedia":[{"embeddable":true,"href":"https:\/\/tramsmgmt.com\/fr\/wp-json\/wp\/v2\/media\/9419"}],"wp:attachment":[{"href":"https:\/\/tramsmgmt.com\/fr\/wp-json\/wp\/v2\/media?parent=6004"}],"curies":[{"name":"wp","href":"https:\/\/api.w.org\/{rel}","templated":true}]}}